{"id":759883,"date":"2025-08-28T08:48:01","date_gmt":"2025-08-28T05:48:01","guid":{"rendered":"https:\/\/roveyayinevi.com.tr\/index.php\/urun\/merhamet-3\/"},"modified":"2026-01-30T03:51:34","modified_gmt":"2026-01-30T00:51:34","slug":"merhamet-3","status":"publish","type":"product","link":"https:\/\/roveyayinevi.com.tr\/index.php\/urun\/merhamet-3\/","title":{"rendered":"Merhamet"},"content":{"rendered":"<p>\u00c7o\u011fu insanlar\u0131n hayatlar\u0131 her ne kadar d\u00fcz bir \u00e7izgi gibi uzay\u0131p gider g\u00f6r\u00fcn\u00fcrse de bu hayatlarda bile minik zikzaklar, sert d\u00f6neme\u00e7ler vard\u0131r. Genelde bu olaylar\u0131n nedenlerini, ni\u00e7inlerini \u00f6nceden kestirmemiz, sonu\u00e7lar\u0131n\u0131 g\u00f6rmemiz m\u00fcmk\u00fcn olmaz. \u015eu andan sonraki an\u0131n nelere gebe oldu\u011funu asla bilemeyiz. Her \u015fey irademiz d\u0131\u015f\u0131nda olu\u015fur. Sonu\u00e7ta, bizlerin D\u00fcnya denilen bu b\u00fcy\u00fck sahnede sadece bir piyon ya da bir fig\u00fcrandan ba\u015fka bir \u015fey olmad\u0131\u011f\u0131m\u0131z\u0131n fark\u0131na var\u0131r\u0131z. <\/p>\n","protected":false},"excerpt":{"rendered":"<p>\u00c7o\u011fu insanlar\u0131n hayatlar\u0131 her ne kadar d\u00fcz bir \u00e7izgi gibi uzay\u0131p gider g\u00f6r\u00fcn\u00fcrse de bu hayatlarda bile minik zikzaklar, sert d\u00f6neme\u00e7ler vard\u0131r. Genelde bu olaylar\u0131n nedenlerini,<span class=\"excerpt-hellip\"> [\u2026]<\/span><\/p>\n","protected":false},"featured_media":0,"template":"","meta":{"_monsterinsights_skip_tracking":false,"_monsterinsights_sitenote_active":false,"_monsterinsights_sitenote_note":"","_monsterinsights_sitenote_category":0},"product_brand":[],"product_cat":[12291,12711],"product_tag":[],"class_list":{"0":"post-759883","1":"product","2":"type-product","3":"status-publish","5":"product_cat-edebiyat","6":"product_cat-roman-oyku","7":"pa_cilt-ciltsiz","8":"pa_tur-kitap","9":"pa_yayinevi-vova-yayinlari","10":"pa_yazar-hudai-cakmak","12":"first","13":"instock","14":"sale","15":"shipping-taxable","16":"purchasable","17":"product-type-simple"},"_links":{"self":[{"href":"https:\/\/roveyayinevi.com.tr\/index.php\/wp-json\/wp\/v2\/product\/759883","targetHints":{"allow":["GET"]}}],"collection":[{"href":"https:\/\/roveyayinevi.com.tr\/index.php\/wp-json\/wp\/v2\/product"}],"about":[{"href":"https:\/\/roveyayinevi.com.tr\/index.php\/wp-json\/wp\/v2\/types\/product"}],"wp:attachment":[{"href":"https:\/\/roveyayinevi.com.tr\/index.php\/wp-json\/wp\/v2\/media?parent=759883"}],"wp:term":[{"taxonomy":"product_brand","embeddable":true,"href":"https:\/\/roveyayinevi.com.tr\/index.php\/wp-json\/wp\/v2\/product_brand?post=759883"},{"taxonomy":"product_cat","embeddable":true,"href":"https:\/\/roveyayinevi.com.tr\/index.php\/wp-json\/wp\/v2\/product_cat?post=759883"},{"taxonomy":"product_tag","embeddable":true,"href":"https:\/\/roveyayinevi.com.tr\/index.php\/wp-json\/wp\/v2\/product_tag?post=759883"}],"curies":[{"name":"wp","href":"https:\/\/api.w.org\/{rel}","templated":true}]}}