{"id":759882,"date":"2025-08-28T08:48:00","date_gmt":"2025-08-28T05:48:00","guid":{"rendered":"https:\/\/roveyayinevi.com.tr\/index.php\/urun\/2024-kpss-egitim-bilimleri-ogretim-ilke-ve-yontemleri-tamami-cozumlu-7-deneme\/"},"modified":"2026-01-30T03:51:34","modified_gmt":"2026-01-30T00:51:34","slug":"2024-kpss-egitim-bilimleri-ogretim-ilke-ve-yontemleri-tamami-cozumlu-7-deneme","status":"publish","type":"product","link":"https:\/\/roveyayinevi.com.tr\/index.php\/urun\/2024-kpss-egitim-bilimleri-ogretim-ilke-ve-yontemleri-tamami-cozumlu-7-deneme\/","title":{"rendered":"2024 Kpss E\u011fitim Bilimleri \u00d6\u011fretim \u0130lke ve Y\u00f6ntemleri Tamam\u0131 \u00c7\u00f6z\u00fcml\u00fc 7 Deneme"},"content":{"rendered":"<p>Kamu Personeli Se\u00e7me S\u0131nav\u0131 (KPSS) s\u00fcrecinde E\u011fitim Bilimleri alan\u0131nda ba\u015far\u0131yla ilerlemek isteyen siz de\u011ferli adaylar i\u00e7in haz\u0131rlanm\u0131\u015f bu deneme kitab\u0131na ho\u015f geldiniz. Bu deneme kitab\u0131, sizleri s\u0131nav s\u00fcrecinde ba\u015far\u0131l\u0131 olman\u0131z i\u00e7in gerekli olan bilgi, bece ri ve anlay\u0131\u015f\u0131 geli\u015ftirmenize yard\u0131mc\u0131 olacak \u00e7e\u015fitli sorular i\u00e7ermektedir. Denemeler, hem bilgi d\u00fczeyinizi \u00f6l\u00e7mek hem de s\u0131nav ortam\u0131na al\u0131\u015fman\u0131z\u0131 sa\u011flamak amac\u0131yla \u00f6zenle haz\u0131rlanm\u0131\u015ft\u0131r. Unutmay\u0131n ki, bu deneme kitab\u0131 sadece bir ara\u00e7t\u0131r. Ba\u015far\u0131n\u0131z\u0131 belirleyecek olan as\u0131l unsurlardan biri, azimle \u00e7al\u0131\u015fmak ve eksikliklerinizi gidermek i\u00e7in kararl\u0131 olmakt\u0131r. Her soru, bir \u00f6\u011frenme f\u0131rsat\u0131d\u0131r ve yanl\u0131\u015f cevaplanan sorular, \u00fczerinde daha fazla \u00e7al\u0131\u015fman\u0131z gereken konular\u0131 i\u015faret eder. Siz de\u011ferli adaylara, s\u0131nav s\u00fcrecinde azimle \u00e7al\u0131\u015fman\u0131z\u0131 ve \u00f6\u011frenme yolculu\u011funuzda ba\u015far\u0131lar diliyoruz. Unutmay\u0131n ki, emek ve kararl\u0131l\u0131kla her zorluk \u00fcstesinden gelinir. Ba\u015far\u0131lar dileriz.  <\/p>\n","protected":false},"excerpt":{"rendered":"<p>Kamu Personeli Se\u00e7me S\u0131nav\u0131 (KPSS) s\u00fcrecinde E\u011fitim Bilimleri alan\u0131nda ba\u015far\u0131yla ilerlemek isteyen siz de\u011ferli adaylar i\u00e7in haz\u0131rlanm\u0131\u015f bu deneme kitab\u0131na ho\u015f geldiniz. Bu deneme kitab\u0131, sizleri<span class=\"excerpt-hellip\"> [\u2026]<\/span><\/p>\n","protected":false},"featured_media":0,"template":"","meta":{"_monsterinsights_skip_tracking":false,"_monsterinsights_sitenote_active":false,"_monsterinsights_sitenote_note":"","_monsterinsights_sitenote_category":0},"product_brand":[],"product_cat":[12566,13473],"product_tag":[],"class_list":{"0":"post-759882","1":"product","2":"type-product","3":"status-publish","5":"product_cat-egitim","6":"product_cat-sinavlara-hazirlik-okula-yardimci-kaynaklar","7":"pa_cilt-ciltsiz","8":"pa_tur-kitap","9":"pa_yayinevi-vova-yayinlari","10":"pa_yazar-burak-sarial","12":"first","13":"instock","14":"sale","15":"shipping-taxable","16":"purchasable","17":"product-type-simple"},"_links":{"self":[{"href":"https:\/\/roveyayinevi.com.tr\/index.php\/wp-json\/wp\/v2\/product\/759882","targetHints":{"allow":["GET"]}}],"collection":[{"href":"https:\/\/roveyayinevi.com.tr\/index.php\/wp-json\/wp\/v2\/product"}],"about":[{"href":"https:\/\/roveyayinevi.com.tr\/index.php\/wp-json\/wp\/v2\/types\/product"}],"wp:attachment":[{"href":"https:\/\/roveyayinevi.com.tr\/index.php\/wp-json\/wp\/v2\/media?parent=759882"}],"wp:term":[{"taxonomy":"product_brand","embeddable":true,"href":"https:\/\/roveyayinevi.com.tr\/index.php\/wp-json\/wp\/v2\/product_brand?post=759882"},{"taxonomy":"product_cat","embeddable":true,"href":"https:\/\/roveyayinevi.com.tr\/index.php\/wp-json\/wp\/v2\/product_cat?post=759882"},{"taxonomy":"product_tag","embeddable":true,"href":"https:\/\/roveyayinevi.com.tr\/index.php\/wp-json\/wp\/v2\/product_tag?post=759882"}],"curies":[{"name":"wp","href":"https:\/\/api.w.org\/{rel}","templated":true}]}}