{"id":759877,"date":"2025-08-28T08:47:50","date_gmt":"2025-08-28T05:47:50","guid":{"rendered":"https:\/\/roveyayinevi.com.tr\/index.php\/urun\/amansiz-ay\/"},"modified":"2026-04-16T03:12:57","modified_gmt":"2026-04-16T00:12:57","slug":"amansiz-ay","status":"publish","type":"product","link":"https:\/\/roveyayinevi.com.tr\/index.php\/urun\/amansiz-ay\/","title":{"rendered":"Amans\u0131z Ay"},"content":{"rendered":"<p>Y\u0131ld\u0131zlar\u0131 Hesaplamak ve G\u00f6klerdeki Yazg\u0131 romanlar\u0131yla ba\u015flayan \u00f6d\u00fcll\u00fc Astronot Kad\u0131n serisi, Amans\u0131z Ay ile kald\u0131\u011f\u0131 yerden devam ediyor. Kontrolden \u00e7\u0131kan iklimler, yakla\u015fan se\u00e7imler, politik entrikalar, gizemli suikast giri\u015fimleri ve ak\u0131l almaz sabotajlar\u2026 Art\u0131k hi\u00e7bir \u015feyin garantisi yok! G\u00f6kta\u015f\u0131n\u0131n yol a\u00e7t\u0131\u011f\u0131 iklim felaketi derinle\u015firken d\u00fcnyadaki politik \u00e7alkalanmalar da gitgide kendini g\u00f6stermeye ba\u015flam\u0131\u015ft\u0131r. M\u00fcmk\u00fcn oldu\u011funca \u00e7ok insan\u0131 yeni kolonilere yerle\u015ftirmeyi hedefleyen uzay program\u0131n\u0131n gelece\u011fi, isyanlar ve sabotajlar y\u00fcz\u00fcnden b\u00fcy\u00fck tehdit alt\u0131ndad\u0131r. Elma York\u2019un yak\u0131n arkada\u015f\u0131 Nicole Wargin ise bir yandan kolonistlere \u00f6nc\u00fcl\u00fck etmeye bir yandan da uzay program\u0131n\u0131 ray\u0131nda tutmaya \u00e7al\u0131\u015fmaktad\u0131r. Ne var ki, Kansas valisi olan e\u015finin ba\u015fkanl\u0131k yar\u0131\u015f\u0131na soyunmas\u0131yla birlikte kendisini kurtlar sofras\u0131nda bulmas\u0131 gecikmeyecektir. Astronot Kad\u0131n serisinin \u00fc\u00e7\u00fcnc\u00fc roman\u0131 Amans\u0131z Ay, hem Ay\u2019\u0131n hem de siyasetin aman vermez dehlizlerinde s\u00fcregiden bir k\u00f6\u015fe kapmaca oyunu. <\/p>\n","protected":false},"excerpt":{"rendered":"<p>Y\u0131ld\u0131zlar\u0131 Hesaplamak ve G\u00f6klerdeki Yazg\u0131 romanlar\u0131yla ba\u015flayan \u00f6d\u00fcll\u00fc Astronot Kad\u0131n serisi, Amans\u0131z Ay ile kald\u0131\u011f\u0131 yerden devam ediyor. Kontrolden \u00e7\u0131kan iklimler, yakla\u015fan se\u00e7imler, politik entrikalar, gizemli<span class=\"excerpt-hellip\"> [\u2026]<\/span><\/p>\n","protected":false},"featured_media":0,"template":"","meta":{"_monsterinsights_skip_tracking":false,"_monsterinsights_sitenote_active":false,"_monsterinsights_sitenote_note":"","_monsterinsights_sitenote_category":0},"product_brand":[],"product_cat":[12540,12291],"product_tag":[],"class_list":{"0":"post-759877","1":"product","2":"type-product","3":"status-publish","5":"product_cat-bilim-kurgu","6":"product_cat-edebiyat","7":"pa_cilt-ciltsiz","8":"pa_tur-kitap","9":"pa_yayinevi-eksik-parca-yayinlari","10":"pa_yazar-mary-robinette-kowal","12":"first","13":"instock","14":"sale","15":"shipping-taxable","16":"purchasable","17":"product-type-simple"},"_links":{"self":[{"href":"https:\/\/roveyayinevi.com.tr\/index.php\/wp-json\/wp\/v2\/product\/759877","targetHints":{"allow":["GET"]}}],"collection":[{"href":"https:\/\/roveyayinevi.com.tr\/index.php\/wp-json\/wp\/v2\/product"}],"about":[{"href":"https:\/\/roveyayinevi.com.tr\/index.php\/wp-json\/wp\/v2\/types\/product"}],"wp:attachment":[{"href":"https:\/\/roveyayinevi.com.tr\/index.php\/wp-json\/wp\/v2\/media?parent=759877"}],"wp:term":[{"taxonomy":"product_brand","embeddable":true,"href":"https:\/\/roveyayinevi.com.tr\/index.php\/wp-json\/wp\/v2\/product_brand?post=759877"},{"taxonomy":"product_cat","embeddable":true,"href":"https:\/\/roveyayinevi.com.tr\/index.php\/wp-json\/wp\/v2\/product_cat?post=759877"},{"taxonomy":"product_tag","embeddable":true,"href":"https:\/\/roveyayinevi.com.tr\/index.php\/wp-json\/wp\/v2\/product_tag?post=759877"}],"curies":[{"name":"wp","href":"https:\/\/api.w.org\/{rel}","templated":true}]}}