{"id":759876,"date":"2025-08-28T08:47:49","date_gmt":"2025-08-28T05:47:49","guid":{"rendered":"https:\/\/roveyayinevi.com.tr\/index.php\/urun\/koy-enstitulerine-saldirilar-tarihi\/"},"modified":"2026-04-16T03:12:57","modified_gmt":"2026-04-16T00:12:57","slug":"koy-enstitulerine-saldirilar-tarihi","status":"publish","type":"product","link":"https:\/\/roveyayinevi.com.tr\/index.php\/urun\/koy-enstitulerine-saldirilar-tarihi\/","title":{"rendered":"K\u00f6y Enstit\u00fclerine Sald\u0131r\u0131lar Tarihi"},"content":{"rendered":"<p>Cumhuriyet Devriminin en \u00f6zg\u00fcn at\u0131l\u0131mlar\u0131ndan olan K\u00f6y Enstit\u00fcleri, do\u011fay\u0131 ve toplumu de\u011fi\u015ftirirken kendisi de k\u00fclt\u00fcrel a\u00e7\u0131dan de\u011fi\u015fen bir toplumu hedeflemi\u015ftir. K\u00f6y Enstit\u00fcleri, s\u00f6m\u00fcr\u00fc d\u00fczenini ortadan kald\u0131rmay\u0131 ama\u00e7layan, de\u011fi\u015fimi ve \u00f6zg\u00fcrle\u015fmeyi \u00f6n\u00fcne erek koyan bilin\u00e7li yurtta\u015flar yeti\u015ftirmi\u015ftir. Kapat\u0131lmalar\u0131n\u0131n \u00fczerinden 70 y\u0131l ge\u00e7mi\u015f olsa da bu kurumalar\u0131n a\u015f\u0131lamam\u0131\u015f olmalar\u0131n\u0131n s\u0131rr\u0131 da buradad\u0131r. 1940\u2019ta kurulan, alt\u0131 y\u0131l boyunca \u00f6zg\u00fcn ilkeleriyle e\u011fitim yapan bu \u0131\u015f\u0131kl\u0131 kurumlara 1946\u2019dan sonra yo\u011fun bir sald\u0131r\u0131 ba\u015flar. Bu sald\u0131r\u0131n\u0131n nas\u0131l oldu\u011fu, hangi y\u00f6ntemler kullan\u0131ld\u0131\u011f\u0131, bu infazda kimlerin g\u00f6rev ald\u0131\u011f\u0131 bu kitab\u0131n ana konusudur. Bu kitab\u0131 okurken bug\u00fcn\u00fc, yar\u0131n\u0131 ve gelece\u011fi d\u00fc\u015f\u00fcnecek, yap\u0131lan hatalar\u0131n bug\u00fcn de s\u00fcrd\u00fcr\u00fcld\u00fc\u011f\u00fcn\u00fc g\u00f6receksiniz. Bug\u00fcn de ilerlemeye kar\u015f\u0131 olanlar\u0131n ayn\u0131 yol ve y\u00f6ntemleri kullanarak sald\u0131r\u0131lar\u0131n\u0131 s\u00fcrd\u00fcrd\u00fc\u011f\u00fcne \u015fa\u015fk\u0131nl\u0131kla tan\u0131k olacaks\u0131n\u0131z. Her t\u00fcrk\u00fc sald\u0131r\u0131ya kar\u015f\u0131 dik duran; Y\u00fccel, Tongu\u00e7 ve \u00e7evresindeki bir avu\u00e7 dav adam\u0131n\u0131n direni\u015flerine, boyun e\u011fmemelerine tan\u0131k olacaks\u0131n\u0131z ve onlara bir kez daha hayranl\u0131k duyacaks\u0131n\u0131z. <\/p>\n","protected":false},"excerpt":{"rendered":"<p>Cumhuriyet Devriminin en \u00f6zg\u00fcn at\u0131l\u0131mlar\u0131ndan olan K\u00f6y Enstit\u00fcleri, do\u011fay\u0131 ve toplumu de\u011fi\u015ftirirken kendisi de k\u00fclt\u00fcrel a\u00e7\u0131dan de\u011fi\u015fen bir toplumu hedeflemi\u015ftir. K\u00f6y Enstit\u00fcleri, s\u00f6m\u00fcr\u00fc d\u00fczenini ortadan kald\u0131rmay\u0131<span class=\"excerpt-hellip\"> [\u2026]<\/span><\/p>\n","protected":false},"featured_media":0,"template":"","meta":{"_monsterinsights_skip_tracking":false,"_monsterinsights_sitenote_active":false,"_monsterinsights_sitenote_note":"","_monsterinsights_sitenote_category":0},"product_brand":[],"product_cat":[12370,12304],"product_tag":[],"class_list":{"0":"post-759876","1":"product","2":"type-product","3":"status-publish","5":"product_cat-arastirma-inceleme","6":"product_cat-tarih","7":"pa_cilt-ciltsiz","8":"pa_tur-kitap","9":"pa_yayinevi-cumhuriyet-kitaplari","10":"pa_yazar-erdal-atici","12":"first","13":"instock","14":"sale","15":"shipping-taxable","16":"purchasable","17":"product-type-simple"},"_links":{"self":[{"href":"https:\/\/roveyayinevi.com.tr\/index.php\/wp-json\/wp\/v2\/product\/759876","targetHints":{"allow":["GET"]}}],"collection":[{"href":"https:\/\/roveyayinevi.com.tr\/index.php\/wp-json\/wp\/v2\/product"}],"about":[{"href":"https:\/\/roveyayinevi.com.tr\/index.php\/wp-json\/wp\/v2\/types\/product"}],"wp:attachment":[{"href":"https:\/\/roveyayinevi.com.tr\/index.php\/wp-json\/wp\/v2\/media?parent=759876"}],"wp:term":[{"taxonomy":"product_brand","embeddable":true,"href":"https:\/\/roveyayinevi.com.tr\/index.php\/wp-json\/wp\/v2\/product_brand?post=759876"},{"taxonomy":"product_cat","embeddable":true,"href":"https:\/\/roveyayinevi.com.tr\/index.php\/wp-json\/wp\/v2\/product_cat?post=759876"},{"taxonomy":"product_tag","embeddable":true,"href":"https:\/\/roveyayinevi.com.tr\/index.php\/wp-json\/wp\/v2\/product_tag?post=759876"}],"curies":[{"name":"wp","href":"https:\/\/api.w.org\/{rel}","templated":true}]}}