{"id":759875,"date":"2025-08-28T08:47:48","date_gmt":"2025-08-28T05:47:48","guid":{"rendered":"https:\/\/roveyayinevi.com.tr\/index.php\/urun\/karsidevrime-direnirken\/"},"modified":"2026-04-16T03:12:57","modified_gmt":"2026-04-16T00:12:57","slug":"karsidevrime-direnirken","status":"publish","type":"product","link":"https:\/\/roveyayinevi.com.tr\/index.php\/urun\/karsidevrime-direnirken\/","title":{"rendered":"Kar\u015f\u0131devrime Direnirken"},"content":{"rendered":"<p>Kan Denizindeki Mercek ve Yurt Kemiricileri kitaplar\u0131ndan olu\u015fan \u201cKar\u015f\u0131devrim \u00dc\u00e7lemesi\u201dnin son halkas\u0131 olan Kar\u015f\u0131devrime Direnirken\u2019de son \u00e7eyrek y\u00fczy\u0131lda \u00fclkemizde ya\u015fanan kar\u015f\u0131devrim s\u00fcrecinin en \u00f6nemli d\u00f6neme\u00e7leri, ara\u015ft\u0131rmac\u0131 bir gazetecinin elli y\u0131ll\u0131k birikimi ve gelece\u011fi ayd\u0131nlatan g\u00f6zlemleriyle g\u00f6zler \u00f6n\u00fcne seriliyor. T\u00fcrkiye\u2019yi bir \u00f6r\u00fcmcek a\u011f\u0131 gibi saran cemaatler, tarikatlar, hilafet \u00f6zlemcileri, kutsal duygular\u0131 ve inan\u00e7lar\u0131 s\u00f6m\u00fcrenler bu ortamda gidilen 2023 se\u00e7imleri\u2026 Kar\u015f\u0131devrim s\u00fcreci, Cumhuriyet Devrimi ve onun getirdi\u011fi ayd\u0131nlanman\u0131n g\u00fcc\u00fcyle a\u015f\u0131lmal\u0131yd\u0131. Bu zorlu k\u0131ska\u00e7tan kurtulmak i\u00e7in Cumhuriyet\u00e7i, devrimci, ba\u011f\u0131ms\u0131zl\u0131\u011f\u0131 i\u00e7selle\u015ftirmi\u015f \u00f6rg\u00fctlenmelerle, \u00e7a\u011fda\u015f uygarl\u0131k hedefinden ayr\u0131lmadan toplumsal direnci s\u00fcrd\u00fcrmek bir zorunluluktu. \u00c7\u00fcnk\u00fc halk\u0131n soluk almas\u0131 ve T\u00fcrkiye\u2019nin gelece\u011fi i\u00e7in bu ya\u015famsal bir g\u00f6revdi. \u201cK\u0131s\u0131rd\u00f6ng\u00fcy\u00fc k\u0131rmak i\u00e7in halka b\u00fcy\u00fck g\u00f6rev d\u00fc\u015f\u00fcyordu. O g\u00f6rev, yeni siyaset anlay\u0131\u015f\u0131n\u0131 egemen k\u0131lmakt\u0131\u2026 Sa\u011f politikalar\u0131n yaratt\u0131\u011f\u0131 kirlilik, yine sa\u011fc\u0131l\u0131kla yunmazd\u0131. Bu d\u00fczen, iktidar\u0131ndan muhalefetine mutlaka, toptan de\u011fi\u015fmeliydi\u2026 Siyaset profesyonellerinin de\u011fi\u015fimden anlad\u0131\u011f\u0131, halk\u0131n kavrad\u0131\u011f\u0131  ve alg\u0131lad\u0131\u011f\u0131ndan \u00e7ok ayr\u0131yd\u0131\u2026.\u201d <\/p>\n","protected":false},"excerpt":{"rendered":"<p>Kan Denizindeki Mercek ve Yurt Kemiricileri kitaplar\u0131ndan olu\u015fan \u201cKar\u015f\u0131devrim \u00dc\u00e7lemesi\u201dnin son halkas\u0131 olan Kar\u015f\u0131devrime Direnirken\u2019de son \u00e7eyrek y\u00fczy\u0131lda \u00fclkemizde ya\u015fanan kar\u015f\u0131devrim s\u00fcrecinin en \u00f6nemli d\u00f6neme\u00e7leri, ara\u015ft\u0131rmac\u0131<span class=\"excerpt-hellip\"> [\u2026]<\/span><\/p>\n","protected":false},"featured_media":0,"template":"","meta":{"_monsterinsights_skip_tracking":false,"_monsterinsights_sitenote_active":false,"_monsterinsights_sitenote_note":"","_monsterinsights_sitenote_category":0},"product_brand":[],"product_cat":[13590,12337],"product_tag":[],"class_list":{"0":"post-759875","1":"product","2":"type-product","3":"status-publish","5":"product_cat-arastirma-inceleme-politika-siyaset","6":"product_cat-politika-siyaset","7":"pa_cilt-ciltsiz","8":"pa_tur-kitap","9":"pa_yayinevi-cumhuriyet-kitaplari","10":"pa_yazar-isik-kansu","12":"first","13":"instock","14":"sale","15":"shipping-taxable","16":"purchasable","17":"product-type-simple"},"_links":{"self":[{"href":"https:\/\/roveyayinevi.com.tr\/index.php\/wp-json\/wp\/v2\/product\/759875","targetHints":{"allow":["GET"]}}],"collection":[{"href":"https:\/\/roveyayinevi.com.tr\/index.php\/wp-json\/wp\/v2\/product"}],"about":[{"href":"https:\/\/roveyayinevi.com.tr\/index.php\/wp-json\/wp\/v2\/types\/product"}],"wp:attachment":[{"href":"https:\/\/roveyayinevi.com.tr\/index.php\/wp-json\/wp\/v2\/media?parent=759875"}],"wp:term":[{"taxonomy":"product_brand","embeddable":true,"href":"https:\/\/roveyayinevi.com.tr\/index.php\/wp-json\/wp\/v2\/product_brand?post=759875"},{"taxonomy":"product_cat","embeddable":true,"href":"https:\/\/roveyayinevi.com.tr\/index.php\/wp-json\/wp\/v2\/product_cat?post=759875"},{"taxonomy":"product_tag","embeddable":true,"href":"https:\/\/roveyayinevi.com.tr\/index.php\/wp-json\/wp\/v2\/product_tag?post=759875"}],"curies":[{"name":"wp","href":"https:\/\/api.w.org\/{rel}","templated":true}]}}