{"id":759874,"date":"2025-08-28T08:47:46","date_gmt":"2025-08-28T05:47:46","guid":{"rendered":"https:\/\/roveyayinevi.com.tr\/index.php\/urun\/dipteki-zaman\/"},"modified":"2026-04-16T03:12:57","modified_gmt":"2026-04-16T00:12:57","slug":"dipteki-zaman","status":"publish","type":"product","link":"https:\/\/roveyayinevi.com.tr\/index.php\/urun\/dipteki-zaman\/","title":{"rendered":"Dipteki Zaman"},"content":{"rendered":"<p>Y\u0131llar \u00f6nce ya\u015fad\u0131\u011f\u0131m\u0131z, iyi ya da k\u00f6t\u00fc, bir olay\u0131 hat\u0131rlamak, varl\u0131\u011f\u0131m\u0131z\u0131 hat\u0131rlamak gibidir. Gelmemi\u015f bir gelece\u011fin bilinmezli\u011fi, tuhaf bir tedirginlik yarat\u0131r insanda. Hat\u0131rlar\u0131 zarars\u0131z k\u0131lan \u015fey, ge\u00e7mi\u015f zaman\u0131 asla geri getiremeyecek olmam\u0131zd\u0131r. Geri getiremeyece\u011fimiz bir \u015feyi hat\u0131rlamakla sadece \u00f6zlem duygumuzu de\u011fil, hayata tutunma g\u00fcd\u00fcm\u00fcz\u00fc de harekete ge\u00e7iririz. Ya\u015fad\u0131k\u00e7a ya\u015flanmak, ya\u015fland\u0131k\u00e7a hat\u0131rlara; \u00f6zellikle \u00e7ocukluk hat\u0131ralar\u0131na s\u0131\u011f\u0131nmak, yeti\u015fkinli\u011fimiz boyunca maruz kald\u0131\u011f\u0131m\u0131z her t\u00fcrl\u00fc yabanc\u0131la\u015fmaya kar\u015f\u0131 \u00e7aresizce g\u00f6sterilmi\u015f bir tepki olarak yorumlanabilir. \u00c7aresizli\u011fimiz, belle\u011fimizin y\u00fczeye \u00e7\u0131kard\u0131\u011f\u0131 tortular\u0131n eski bi\u00e7imlerini h\u00e2l\u00e2 korumalar\u0131ndan; ama yeni bi\u00e7imleriyle z\u0131tl\u0131k te\u015fkil etmelerinden kaynaklan\u0131r. Ayn\u0131l\u0131k ile de\u011fi\u015fim aras\u0131ndaki bu z\u0131tl\u0131ktan do\u011fan her sanatsal yarat\u0131m. Okuyaca\u011f\u0131n\u0131z metinler, \u00e7ocukluk an\u0131lar\u0131mdan olu\u015fmu\u015ftur. Onlar\u0131 kat\u0131ks\u0131z bir ger\u00e7eklikten yola \u00e7\u0131karak kaleme ald\u0131m. Do\u011fup b\u00fcy\u00fcd\u00fc\u011f\u00fcm evde, evimizin kar\u015f\u0131s\u0131ndaki Menek\u015fe Soka\u011f\u0131\u2019nda ve dereleri yukar\u0131 akan g\u00fczelim Ordu kentinin di\u011fer sokaklar\u0131nda tad\u0131na vard\u0131\u011f\u0131m ya\u015fam dilimleri. Evler, sokaklar, kentler ge\u00e7icidir; ald\u0131\u011f\u0131m\u0131z kokular, dokundu\u011fumuz nesneler, yakalad\u0131\u011f\u0131m\u0131z bak\u0131\u015flar da\u2026 Kal\u0131c\u0131 olan an\u0131lard\u0131r; o an\u0131lar\u0131n i\u00e7imizde b\u0131rakt\u0131\u011f\u0131 k\u0131p\u0131rt\u0131l\u0131 bir sevin\u00e7 ya da h\u00fcz\u00fcnd\u00fcr. <\/p>\n","protected":false},"excerpt":{"rendered":"<p>Y\u0131llar \u00f6nce ya\u015fad\u0131\u011f\u0131m\u0131z, iyi ya da k\u00f6t\u00fc, bir olay\u0131 hat\u0131rlamak, varl\u0131\u011f\u0131m\u0131z\u0131 hat\u0131rlamak gibidir. Gelmemi\u015f bir gelece\u011fin bilinmezli\u011fi, tuhaf bir tedirginlik yarat\u0131r insanda. Hat\u0131rlar\u0131 zarars\u0131z k\u0131lan \u015fey,<span class=\"excerpt-hellip\"> [\u2026]<\/span><\/p>\n","protected":false},"featured_media":0,"template":"","meta":{"_monsterinsights_skip_tracking":false,"_monsterinsights_sitenote_active":false,"_monsterinsights_sitenote_note":"","_monsterinsights_sitenote_category":0},"product_brand":[],"product_cat":[12777,12291],"product_tag":[],"class_list":{"0":"post-759874","1":"product","2":"type-product","3":"status-publish","5":"product_cat-deneme","6":"product_cat-edebiyat","7":"pa_cilt-ciltsiz","8":"pa_tur-kitap","9":"pa_yayinevi-cumhuriyet-kitaplari","10":"pa_yazar-ilyas-tunc","12":"first","13":"instock","14":"sale","15":"shipping-taxable","16":"purchasable","17":"product-type-simple"},"_links":{"self":[{"href":"https:\/\/roveyayinevi.com.tr\/index.php\/wp-json\/wp\/v2\/product\/759874","targetHints":{"allow":["GET"]}}],"collection":[{"href":"https:\/\/roveyayinevi.com.tr\/index.php\/wp-json\/wp\/v2\/product"}],"about":[{"href":"https:\/\/roveyayinevi.com.tr\/index.php\/wp-json\/wp\/v2\/types\/product"}],"wp:attachment":[{"href":"https:\/\/roveyayinevi.com.tr\/index.php\/wp-json\/wp\/v2\/media?parent=759874"}],"wp:term":[{"taxonomy":"product_brand","embeddable":true,"href":"https:\/\/roveyayinevi.com.tr\/index.php\/wp-json\/wp\/v2\/product_brand?post=759874"},{"taxonomy":"product_cat","embeddable":true,"href":"https:\/\/roveyayinevi.com.tr\/index.php\/wp-json\/wp\/v2\/product_cat?post=759874"},{"taxonomy":"product_tag","embeddable":true,"href":"https:\/\/roveyayinevi.com.tr\/index.php\/wp-json\/wp\/v2\/product_tag?post=759874"}],"curies":[{"name":"wp","href":"https:\/\/api.w.org\/{rel}","templated":true}]}}