{"id":759869,"date":"2025-08-28T08:47:37","date_gmt":"2025-08-28T05:47:37","guid":{"rendered":"https:\/\/roveyayinevi.com.tr\/index.php\/urun\/homo-imperfectus-kusurlu-insan\/"},"modified":"2026-04-16T03:12:57","modified_gmt":"2026-04-16T00:12:57","slug":"homo-imperfectus-kusurlu-insan","status":"publish","type":"product","link":"https:\/\/roveyayinevi.com.tr\/index.php\/urun\/homo-imperfectus-kusurlu-insan\/","title":{"rendered":"Homo Imperfectus \u2013 Kusurlu \u0130nsan"},"content":{"rendered":"<p>HASTALIKLAR VE TRAVMALAR ZAYIFLIK DE\u011e\u0130LD\u0130R, \u0130NSANIN D\u0130RENC\u0130N\u0130N VE DAYANI\u015eMASININ DOKUNDU\u011eU B\u00dcY\u00dcLEY\u0130C\u0130 B\u0130R H\u0130KAYED\u0130R. Hastal\u0131klar, Homo Sapiens tarihinin b\u00fcy\u00fck sessiz kahramanlar\u0131d\u0131r. \u0130nsanl\u0131\u011f\u0131n biyolojik kusurlar\u0131n\u0131n bir\u00e7o\u011fu, hayatta kalma stratejimizi eleveren anahtarlard\u0131r. Bu kusurlar sadece \u00f6l\u00fcm\u00fcn ve y\u0131k\u0131m\u0131n tarihini anlatmaz bize, ayn\u0131 zamanda insan\u0131n b\u00fcy\u00fcme ve ili\u015fki kurma maceras\u0131n\u0131n b\u00fcy\u00fcleyici bir anlat\u0131s\u0131d\u0131r. Kendisini insan evrimi ara\u015ft\u0131rmalar\u0131na adam\u0131\u015f, y\u00fczlerce bilimsel makaleye imza atm\u0131\u015f, sosyal bilimler alan\u0131nda d\u00fcnyaca hakl\u0131 bir \u00fcne sahip Dr. Mar\u00eda Martin\u00f3n-Torres, bu kitapta bizleri biyolojimizin en karanl\u0131k k\u00f6\u015felerini ara\u015ft\u0131rmaya davet ediyor. Kusur olarak nitelendirdi\u011fimiz \u015feylerin Homo Sapines\u2019in uyum sa\u011flamadaki ba\u015far\u0131s\u0131n\u0131n kilit y\u00f6nlerini saklad\u0131\u011f\u0131n\u0131 ortaya koyan Martin\u00f3n-Torres, insan\u0131n evrimsel yolculu\u011funa bamba\u015fka bir perspektifle bakmam\u0131z\u0131 sa\u011fl\u0131yor. Evrim teorisinin \u0131\u015f\u0131\u011f\u0131nda insan t\u00fcr\u00fcn\u00fcn kanser, enfeksiyonlar, ba\u011f\u0131\u015f\u0131kl\u0131k sistemi bozukluklar\u0131, kayg\u0131 bozuklu\u011fu, kardiyovask\u00fcler vakalar, n\u00f6rodejeneratif bozukluklar, ya\u015fl\u0131l\u0131k ve \u00f6l\u00fcm korkusu gibi ba\u015fl\u0131ca hastal\u0131klar e\u015fli\u011finde verdi\u011fi bu hayatta kalma m\u00fccadelesini \u015fa\u015fk\u0131nl\u0131kla ve soluksuz okuyacaks\u0131n\u0131z. <\/p>\n","protected":false},"excerpt":{"rendered":"<p>HASTALIKLAR VE TRAVMALAR ZAYIFLIK DE\u011e\u0130LD\u0130R, \u0130NSANIN D\u0130RENC\u0130N\u0130N VE DAYANI\u015eMASININ DOKUNDU\u011eU B\u00dcY\u00dcLEY\u0130C\u0130 B\u0130R H\u0130KAYED\u0130R. Hastal\u0131klar, Homo Sapiens tarihinin b\u00fcy\u00fck sessiz kahramanlar\u0131d\u0131r. \u0130nsanl\u0131\u011f\u0131n biyolojik kusurlar\u0131n\u0131n bir\u00e7o\u011fu, hayatta kalma<span class=\"excerpt-hellip\"> [\u2026]<\/span><\/p>\n","protected":false},"featured_media":0,"template":"","meta":{"_monsterinsights_skip_tracking":false,"_monsterinsights_sitenote_active":false,"_monsterinsights_sitenote_note":"","_monsterinsights_sitenote_category":0},"product_brand":[],"product_cat":[15499,13488],"product_tag":[],"class_list":{"0":"post-759869","1":"product","2":"type-product","3":"status-publish","5":"product_cat-antropoloji","6":"product_cat-toplum-ve-insan","7":"pa_cilt-ciltsiz","8":"pa_tur-kitap","9":"pa_yayinevi-beyaz-baykus-yayinlari","10":"pa_yazar-maria-martinon-torres","12":"first","13":"instock","14":"sale","15":"shipping-taxable","16":"purchasable","17":"product-type-simple"},"_links":{"self":[{"href":"https:\/\/roveyayinevi.com.tr\/index.php\/wp-json\/wp\/v2\/product\/759869","targetHints":{"allow":["GET"]}}],"collection":[{"href":"https:\/\/roveyayinevi.com.tr\/index.php\/wp-json\/wp\/v2\/product"}],"about":[{"href":"https:\/\/roveyayinevi.com.tr\/index.php\/wp-json\/wp\/v2\/types\/product"}],"wp:attachment":[{"href":"https:\/\/roveyayinevi.com.tr\/index.php\/wp-json\/wp\/v2\/media?parent=759869"}],"wp:term":[{"taxonomy":"product_brand","embeddable":true,"href":"https:\/\/roveyayinevi.com.tr\/index.php\/wp-json\/wp\/v2\/product_brand?post=759869"},{"taxonomy":"product_cat","embeddable":true,"href":"https:\/\/roveyayinevi.com.tr\/index.php\/wp-json\/wp\/v2\/product_cat?post=759869"},{"taxonomy":"product_tag","embeddable":true,"href":"https:\/\/roveyayinevi.com.tr\/index.php\/wp-json\/wp\/v2\/product_tag?post=759869"}],"curies":[{"name":"wp","href":"https:\/\/api.w.org\/{rel}","templated":true}]}}