{"id":759868,"date":"2025-08-28T08:47:36","date_gmt":"2025-08-28T05:47:36","guid":{"rendered":"https:\/\/roveyayinevi.com.tr\/index.php\/urun\/aidiyet-2\/"},"modified":"2026-04-16T03:12:57","modified_gmt":"2026-04-16T00:12:57","slug":"aidiyet-2","status":"publish","type":"product","link":"https:\/\/roveyayinevi.com.tr\/index.php\/urun\/aidiyet-2\/","title":{"rendered":"Aidiyet"},"content":{"rendered":"<p>S\u0130Z\u0130 MUTLU ETMEYEN \u0130NSANLARLA VAK\u0130T GE\u00c7\u0130RMEY\u0130 BIRAKIN. DO\u011eRU \u0130NSANLARLA YA\u015eAYIN VE MUTLU OLUN.   \u0130nsano\u011flu ilk g\u00fcnden bu yana birlikte ya\u015fayarak, ortak bir dil olu\u015fturarak, kar\u015f\u0131l\u0131kl\u0131 etkile\u015fimde bulunarak di\u011fer canl\u0131lardan kendini ay\u0131rm\u0131\u015ft\u0131r.   Bizler sosyal varl\u0131klar\u0131z. Tek ba\u015f\u0131m\u0131za kendi potansiyelimizi ve yarat\u0131c\u0131l\u0131\u011f\u0131m\u0131z\u0131 ortaya \u00e7\u0131karmam\u0131z imk\u00e2ns\u0131zd\u0131r. Gurur duymak, kendimizi g\u00f6stermek ve payla\u015fmak en temel ihtiya\u00e7lar\u0131m\u0131z aras\u0131ndad\u0131r.   Sosyalle\u015fmeyle birlikte ba\u015fkalar\u0131yla ba\u011f kurmak geli\u015fimimiz i\u00e7in \u00f6nemlidir. Ait olmak nefes alabildi\u011fimiz, yarg\u0131lanmad\u0131\u011f\u0131m\u0131z yerde olmakt\u0131r. \u00d6nemsenme hissi ise tatmin duygusu sa\u011flar.   \u0130lham verici bilgiler, grafikler, testler ve resimlerle dolu bir kitap olan Aidiyet, \u201c\u0130\u00e7eri Girmek\u201d ve \u201cD\u0131\u015far\u0131 A\u00e7\u0131lmak\u201d ba\u015fl\u0131kl\u0131 iki temel noktadan size, kendinizi geli\u015ftirerek hedeflerinize ula\u015fmak ad\u0131na yol g\u00f6steriyor.   Aidiyet, ba\u011f kurabilece\u011fimiz ve bizi iyi hissettirecek arkada\u015flar edinmemize y\u00f6nelik ipu\u00e7lar\u0131 veriyor.   \u201cAidiyet hissi i\u00e7in bu kitab\u0131 okuyun.\u201d \u2014Deepak Chopra, MD   \u201c\u0130\u00e7tenlikle \u00f6neriyorum; \u2018Belong\u2019 sizi kendinizle ve \u00e7evrenizle daha derin bir ba\u011f kurmaya davet ediyor.\u201d \u2014\u00d6zlem Denizmen <\/p>\n","protected":false},"excerpt":{"rendered":"<p>S\u0130Z\u0130 MUTLU ETMEYEN \u0130NSANLARLA VAK\u0130T GE\u00c7\u0130RMEY\u0130 BIRAKIN. DO\u011eRU \u0130NSANLARLA YA\u015eAYIN VE MUTLU OLUN. \u0130nsano\u011flu ilk g\u00fcnden bu yana birlikte ya\u015fayarak, ortak bir dil olu\u015fturarak, kar\u015f\u0131l\u0131kl\u0131 etkile\u015fimde<span class=\"excerpt-hellip\"> [\u2026]<\/span><\/p>\n","protected":false},"featured_media":0,"template":"","meta":{"_monsterinsights_skip_tracking":false,"_monsterinsights_sitenote_active":false,"_monsterinsights_sitenote_note":"","_monsterinsights_sitenote_category":0},"product_brand":[],"product_cat":[12364,12376],"product_tag":[],"class_list":{"0":"post-759868","1":"product","2":"type-product","3":"status-publish","5":"product_cat-genel-konular","6":"product_cat-kisisel-gelisim","7":"pa_cilt-ciltsiz","8":"pa_tur-kitap","9":"pa_yayinevi-destek-yayinlari","10":"pa_yazar-radha-agrawal","12":"first","13":"instock","14":"sale","15":"shipping-taxable","16":"purchasable","17":"product-type-simple"},"_links":{"self":[{"href":"https:\/\/roveyayinevi.com.tr\/index.php\/wp-json\/wp\/v2\/product\/759868","targetHints":{"allow":["GET"]}}],"collection":[{"href":"https:\/\/roveyayinevi.com.tr\/index.php\/wp-json\/wp\/v2\/product"}],"about":[{"href":"https:\/\/roveyayinevi.com.tr\/index.php\/wp-json\/wp\/v2\/types\/product"}],"wp:attachment":[{"href":"https:\/\/roveyayinevi.com.tr\/index.php\/wp-json\/wp\/v2\/media?parent=759868"}],"wp:term":[{"taxonomy":"product_brand","embeddable":true,"href":"https:\/\/roveyayinevi.com.tr\/index.php\/wp-json\/wp\/v2\/product_brand?post=759868"},{"taxonomy":"product_cat","embeddable":true,"href":"https:\/\/roveyayinevi.com.tr\/index.php\/wp-json\/wp\/v2\/product_cat?post=759868"},{"taxonomy":"product_tag","embeddable":true,"href":"https:\/\/roveyayinevi.com.tr\/index.php\/wp-json\/wp\/v2\/product_tag?post=759868"}],"curies":[{"name":"wp","href":"https:\/\/api.w.org\/{rel}","templated":true}]}}