{"id":759867,"date":"2025-08-28T08:47:35","date_gmt":"2025-08-28T05:47:35","guid":{"rendered":"https:\/\/roveyayinevi.com.tr\/index.php\/urun\/zihinsel-engelli-ve-otizmli-bireylere-olumlu-davranissal-destek\/"},"modified":"2026-04-07T03:19:12","modified_gmt":"2026-04-07T00:19:12","slug":"zihinsel-engelli-ve-otizmli-bireylere-olumlu-davranissal-destek","status":"publish","type":"product","link":"https:\/\/roveyayinevi.com.tr\/index.php\/urun\/zihinsel-engelli-ve-otizmli-bireylere-olumlu-davranissal-destek\/","title":{"rendered":"Zihinsel Engelli ve Otizmli Bireylere Olumlu Davran\u0131\u015fsal Destek"},"content":{"rendered":"<p>B\u0130ZDEN FARKLI OLANI TANIMAK CESARET \u0130STER!   Bu kitap zihinsel\/geli\u015fimsel yetersizlikte zorlay\u0131c\u0131 davran\u0131\u015flar ile otistik bireyler hakk\u0131nda eri\u015filebilir, ger\u00e7ek\u00e7i, pratik bilgiler veren e\u015fsiz bir rehber! Ayn\u0131 zamanda, zorlay\u0131c\u0131 davran\u0131\u015f\u0131n anlam\u0131, bunlar\u0131 ele al\u0131\u015f \u015feklimiz ve verdi\u011fimiz kar\u015f\u0131l\u0131klar \u00fczerine daha b\u00fcy\u00fck sorular\u0131 g\u00fcndeme getiren s\u0131ra d\u0131\u015f\u0131 bir kaynak!   Tony Osgood bizleri, geli\u015fimsel yetersizlik veya otizm tan\u0131s\u0131 konmu\u015f ki\u015filerle ger\u00e7ekten tan\u0131\u015fmaya te\u015fvik ediyor. Bu giri\u015fimlerimizde \u00f6zg\u00fcnl\u00fck ve samimiyetin \u00f6nemini vurguluyor. Sundu\u011fu tavsiyeler, \u201columlu davran\u0131\u015f deste\u011fi\u201d olarak adland\u0131r\u0131lan uygulama k\u0131lavuzuna dayal\u0131 pratik bilgiler i\u00e7eriyor.   Onlar\u0131n hik\u00e2yeleri bizimle ilgili de\u011fil; bizler onlar\u0131n hik\u00e2yesinde k\u00fc\u00e7\u00fck karakterleriz sadece. <\/p>\n","protected":false},"excerpt":{"rendered":"<p>B\u0130ZDEN FARKLI OLANI TANIMAK CESARET \u0130STER! Bu kitap zihinsel\/geli\u015fimsel yetersizlikte zorlay\u0131c\u0131 davran\u0131\u015flar ile otistik bireyler hakk\u0131nda eri\u015filebilir, ger\u00e7ek\u00e7i, pratik bilgiler veren e\u015fsiz bir rehber! Ayn\u0131 zamanda,<span class=\"excerpt-hellip\"> [\u2026]<\/span><\/p>\n","protected":false},"featured_media":0,"template":"","meta":{"_monsterinsights_skip_tracking":false,"_monsterinsights_sitenote_active":false,"_monsterinsights_sitenote_note":"","_monsterinsights_sitenote_category":0},"product_brand":[],"product_cat":[12567,12566],"product_tag":[],"class_list":{"0":"post-759867","1":"product","2":"type-product","3":"status-publish","5":"product_cat-diger-egitim","6":"product_cat-egitim","7":"pa_cilt-ciltsiz","8":"pa_tur-kitap","9":"pa_yayinevi-destek-yayinlari","10":"pa_yazar-tony-osgood","12":"first","13":"instock","14":"sale","15":"shipping-taxable","16":"purchasable","17":"product-type-simple"},"_links":{"self":[{"href":"https:\/\/roveyayinevi.com.tr\/index.php\/wp-json\/wp\/v2\/product\/759867","targetHints":{"allow":["GET"]}}],"collection":[{"href":"https:\/\/roveyayinevi.com.tr\/index.php\/wp-json\/wp\/v2\/product"}],"about":[{"href":"https:\/\/roveyayinevi.com.tr\/index.php\/wp-json\/wp\/v2\/types\/product"}],"wp:attachment":[{"href":"https:\/\/roveyayinevi.com.tr\/index.php\/wp-json\/wp\/v2\/media?parent=759867"}],"wp:term":[{"taxonomy":"product_brand","embeddable":true,"href":"https:\/\/roveyayinevi.com.tr\/index.php\/wp-json\/wp\/v2\/product_brand?post=759867"},{"taxonomy":"product_cat","embeddable":true,"href":"https:\/\/roveyayinevi.com.tr\/index.php\/wp-json\/wp\/v2\/product_cat?post=759867"},{"taxonomy":"product_tag","embeddable":true,"href":"https:\/\/roveyayinevi.com.tr\/index.php\/wp-json\/wp\/v2\/product_tag?post=759867"}],"curies":[{"name":"wp","href":"https:\/\/api.w.org\/{rel}","templated":true}]}}