{"id":759866,"date":"2025-08-28T08:47:34","date_gmt":"2025-08-28T05:47:34","guid":{"rendered":"https:\/\/roveyayinevi.com.tr\/index.php\/urun\/romantik-kiskanclik-kendi-kendine-terapi-serisi\/"},"modified":"2026-04-16T03:12:57","modified_gmt":"2026-04-16T00:12:57","slug":"romantik-kiskanclik-kendi-kendine-terapi-serisi","status":"publish","type":"product","link":"https:\/\/roveyayinevi.com.tr\/index.php\/urun\/romantik-kiskanclik-kendi-kendine-terapi-serisi\/","title":{"rendered":"Romantik K\u0131skan\u00e7l\u0131k &#8211; Kendi Kendine Terapi Serisi"},"content":{"rendered":"<p>\u201cK\u0131skan\u00e7l\u0131k asla tekil, s\u00fcrekli ve b\u00f6l\u00fcnmez bir tutku de\u011fildir. Her biri ge\u00e7ici olan, birbirini izleyen sonsuz say\u0131da farkl\u0131 k\u0131skan\u00e7l\u0131ktan olu\u015fur.\u201d \u2013 Marcel Proust A\u015fk\u0131n oldu\u011fu yerde ku\u015fku, ku\u015fkunun oldu\u011fu yerde kayg\u0131 ve t\u00fcm bunlar\u0131n oldu\u011fu yerde k\u0131skan\u00e7l\u0131k vard\u0131r. K\u0131skand\u0131\u011f\u0131n\u0131z \u015feyin ne oldu\u011funu anlamak i\u00e7inse daha \u00f6nce ba\u015f\u0131n\u0131za ne geldi\u011fini bulman\u0131z gerekir. Duygular\u0131n\u0131z\u0131n nereden geldi\u011fini bilmek, ili\u015fkinizde neyin d\u00fczeltilmesi gerekti\u011fini ve bunun nas\u0131l yap\u0131laca\u011f\u0131n\u0131 anlamak i\u00e7in sahip oldu\u011funuz tek umuttur. Psikiyatr Cengiz Arca\u2019n\u0131n teorik bilgi ve klinik deneyimi bir araya getirdi\u011fi bu kitap, k\u0131skan\u00e7l\u0131k nedeniyle zorluk ya\u015fayan ve romantik ili\u015fkilerinde ba\u015f\u0131n\u0131 belaya sokan ki\u015filer i\u00e7in yaz\u0131ld\u0131. Bu etkili rehberde k\u0131skan\u00e7l\u0131\u011f\u0131n neye benzedi\u011fini, nas\u0131l deneyimlendi\u011fini, baz\u0131 ilgin\u00e7 \u00e7e\u015fitlerini, normal k\u0131skan\u00e7l\u0131ktan hastal\u0131kl\u0131 k\u0131skan\u00e7l\u0131\u011fa nas\u0131l de\u011fi\u015fim g\u00f6sterdi\u011fini ve k\u0131skan\u00e7l\u0131kla ba\u015f edebilmek i\u00e7in i\u015fe yarar \u00e7\u00f6z\u00fcm \u00f6nerilerini bulacaks\u0131n\u0131z. <\/p>\n","protected":false},"excerpt":{"rendered":"<p>\u201cK\u0131skan\u00e7l\u0131k asla tekil, s\u00fcrekli ve b\u00f6l\u00fcnmez bir tutku de\u011fildir. Her biri ge\u00e7ici olan, birbirini izleyen sonsuz say\u0131da farkl\u0131 k\u0131skan\u00e7l\u0131ktan olu\u015fur.\u201d \u2013 Marcel Proust A\u015fk\u0131n oldu\u011fu yerde<span class=\"excerpt-hellip\"> [\u2026]<\/span><\/p>\n","protected":false},"featured_media":0,"template":"","meta":{"_monsterinsights_skip_tracking":false,"_monsterinsights_sitenote_active":false,"_monsterinsights_sitenote_note":"","_monsterinsights_sitenote_category":0},"product_brand":[],"product_cat":[12357],"product_tag":[],"class_list":{"0":"post-759866","1":"product","2":"type-product","3":"status-publish","5":"product_cat-psikoloji","6":"pa_cilt-ciltsiz","7":"pa_tur-kitap","8":"pa_yayinevi-destek-yayinlari","9":"pa_yazar-cengiz-arca","11":"first","12":"instock","13":"sale","14":"shipping-taxable","15":"purchasable","16":"product-type-simple"},"_links":{"self":[{"href":"https:\/\/roveyayinevi.com.tr\/index.php\/wp-json\/wp\/v2\/product\/759866","targetHints":{"allow":["GET"]}}],"collection":[{"href":"https:\/\/roveyayinevi.com.tr\/index.php\/wp-json\/wp\/v2\/product"}],"about":[{"href":"https:\/\/roveyayinevi.com.tr\/index.php\/wp-json\/wp\/v2\/types\/product"}],"wp:attachment":[{"href":"https:\/\/roveyayinevi.com.tr\/index.php\/wp-json\/wp\/v2\/media?parent=759866"}],"wp:term":[{"taxonomy":"product_brand","embeddable":true,"href":"https:\/\/roveyayinevi.com.tr\/index.php\/wp-json\/wp\/v2\/product_brand?post=759866"},{"taxonomy":"product_cat","embeddable":true,"href":"https:\/\/roveyayinevi.com.tr\/index.php\/wp-json\/wp\/v2\/product_cat?post=759866"},{"taxonomy":"product_tag","embeddable":true,"href":"https:\/\/roveyayinevi.com.tr\/index.php\/wp-json\/wp\/v2\/product_tag?post=759866"}],"curies":[{"name":"wp","href":"https:\/\/api.w.org\/{rel}","templated":true}]}}