{"id":759865,"date":"2025-08-28T08:47:32","date_gmt":"2025-08-28T05:47:32","guid":{"rendered":"https:\/\/roveyayinevi.com.tr\/index.php\/urun\/kitapyiyenler-ciltli\/"},"modified":"2026-04-16T03:12:57","modified_gmt":"2026-04-16T00:12:57","slug":"kitapyiyenler-ciltli","status":"publish","type":"product","link":"https:\/\/roveyayinevi.com.tr\/index.php\/urun\/kitapyiyenler-ciltli\/","title":{"rendered":"Kitapyiyenler (Ciltli)"},"content":{"rendered":"<p>Hakikat, beslendi\u011fimiz hik\u00e2yeler ile kendisine a\u00e7 oldu\u011fumuz hik\u00e2yeler aras\u0131ndad\u0131r.   \u201cSaf ve yarat\u0131c\u0131. Bu cesur, gotik, anti-peri masal\u0131 ger\u00e7e\u011fi yu\u0308zu\u0308mu\u0308ze vuruyor: A\u015fk, herkesi k\u00f6t\u00fc\u0308 adama d\u00f6n\u00fc\u015ft\u00fcrebilir.\u201d   \u2013 Olivie Blake, New York Times\u2019\u0131n \u00e7ok satan Atlas Alt\u0131l\u0131s\u0131 kitab\u0131n\u0131n yazar\u0131   \u201cBu, modern fantezinin yeni ustas\u0131n\u0131n sahneye \u00e7\u0131k\u0131\u015f\u0131. Sak\u0131n ka\u00e7\u0131rmay\u0131n.\u201d   \u2013 James Rollins, New York Times\u2019\u0131n \u00e7ok satan The Starless Crown   kitab\u0131n\u0131n yazar\u0131   \u201cGeleneklere, anne olmaya, travmalara ve canavar olman\u0131n ne anlama geldi\u011fine dair g\u00fczel, narin, ac\u0131mas\u0131z ve son derece benzersiz bir bak\u0131\u015f&#8230;   Tek diyebilece\u011fim \u00e7arp\u0131c\u0131 oldu\u011fu. Sonuna dek, durmaks\u0131z\u0131n beni \u015fa\u015f\u0131rtt\u0131.\u201d   \u2013 Seanan McGuire, New York Times\u2019\u0131n \u00e7ok satan Her Kalp Bir E\u015fik kitab\u0131n\u0131n yazar\u0131   \u201cKaranl\u0131k ve inan\u0131lmaz derecede ilgi \u00e7ekici; kitab\u0131 elimden b\u0131rakamad\u0131m. Her \u015fey annelik ve canavarlar hakk\u0131nda, \u00fcstelik her sayfa yaralara tuz bas\u0131yor.\u201d   \u2013 Everina Maxwell, Winter\u2019s Orbit\u2019in yazar\u0131   \u201cSevginin bizi hem g\u00fc\u00e7lendirip hem de yok edebilece\u011fini g\u00f6steren b\u00fcy\u00fcleyici bir hik\u00e2ye. Sonuna kadar beni koltu\u011fuma g\u00f6md\u00fc\u0308.   Kitapyiyenler, di\u015flemek isteyece\u011finiz bir kitap.\u201d   \u2013 Genevieve Gornichec, Cad\u0131n\u0131n Yu\u0308re\u011fi kitab\u0131n\u0131n yazar\u0131   \u201cKendileri i\u00e7in yaz\u0131lan \u00f6yk\u00fclerden kurtulup, m\u00fcrekkep ve kanla kendi \u00f6yk\u00fclerini yaratanlar\u0131n, zarif\u00e7e i\u015flenmi\u015f bir \u00f6yk\u00fcs\u00fc\u0308. Elimden b\u0131rakamad\u0131m.\u201d   \u2013 H. G. Parry, The Unlikely Escape of Uriah Heep kitab\u0131n\u0131n yazar\u0131 <\/p>\n","protected":false},"excerpt":{"rendered":"<p>Hakikat, beslendi\u011fimiz hik\u00e2yeler ile kendisine a\u00e7 oldu\u011fumuz hik\u00e2yeler aras\u0131ndad\u0131r. \u201cSaf ve yarat\u0131c\u0131. Bu cesur, gotik, anti-peri masal\u0131 ger\u00e7e\u011fi yu\u0308zu\u0308mu\u0308ze vuruyor: A\u015fk, herkesi k\u00f6t\u00fc\u0308 adama d\u00f6n\u00fc\u015ft\u00fcrebilir.\u201d \u2013<span class=\"excerpt-hellip\"> [\u2026]<\/span><\/p>\n","protected":false},"featured_media":0,"template":"","meta":{"_monsterinsights_skip_tracking":false,"_monsterinsights_sitenote_active":false,"_monsterinsights_sitenote_note":"","_monsterinsights_sitenote_category":0},"product_brand":[],"product_cat":[12291,12711],"product_tag":[],"class_list":{"0":"post-759865","1":"product","2":"type-product","3":"status-publish","5":"product_cat-edebiyat","6":"product_cat-roman-oyku","7":"pa_cilt-ciltli","8":"pa_tur-kitap","9":"pa_yayinevi-athica-yayinlari","10":"pa_yazar-sunyi-dean","12":"first","13":"instock","14":"sale","15":"shipping-taxable","16":"purchasable","17":"product-type-simple"},"_links":{"self":[{"href":"https:\/\/roveyayinevi.com.tr\/index.php\/wp-json\/wp\/v2\/product\/759865","targetHints":{"allow":["GET"]}}],"collection":[{"href":"https:\/\/roveyayinevi.com.tr\/index.php\/wp-json\/wp\/v2\/product"}],"about":[{"href":"https:\/\/roveyayinevi.com.tr\/index.php\/wp-json\/wp\/v2\/types\/product"}],"wp:attachment":[{"href":"https:\/\/roveyayinevi.com.tr\/index.php\/wp-json\/wp\/v2\/media?parent=759865"}],"wp:term":[{"taxonomy":"product_brand","embeddable":true,"href":"https:\/\/roveyayinevi.com.tr\/index.php\/wp-json\/wp\/v2\/product_brand?post=759865"},{"taxonomy":"product_cat","embeddable":true,"href":"https:\/\/roveyayinevi.com.tr\/index.php\/wp-json\/wp\/v2\/product_cat?post=759865"},{"taxonomy":"product_tag","embeddable":true,"href":"https:\/\/roveyayinevi.com.tr\/index.php\/wp-json\/wp\/v2\/product_tag?post=759865"}],"curies":[{"name":"wp","href":"https:\/\/api.w.org\/{rel}","templated":true}]}}