{"id":759864,"date":"2025-08-28T08:47:30","date_gmt":"2025-08-28T05:47:30","guid":{"rendered":"https:\/\/roveyayinevi.com.tr\/index.php\/urun\/ataturkun-istiklal-marsinda-sakladigi-o-kisi\/"},"modified":"2026-04-16T03:12:56","modified_gmt":"2026-04-16T00:12:56","slug":"ataturkun-istiklal-marsinda-sakladigi-o-kisi","status":"publish","type":"product","link":"https:\/\/roveyayinevi.com.tr\/index.php\/urun\/ataturkun-istiklal-marsinda-sakladigi-o-kisi\/","title":{"rendered":"Atat\u00fcrk&#8217;\u00fcn \u0130stiklal Mar\u015f\u0131&#8217;nda Saklad\u0131\u011f\u0131 O Ki\u015fi"},"content":{"rendered":"<p>\u0130stiklal Mar\u015f\u0131 \u201cKorkma!\u201d diye ba\u015flar. O Ki\u015fi\u2019ye ve O Ki\u015fi\u2019yle beraber olanlara \u201cHakk\u0131d\u0131r Hakk\u2019a tapan milletimin istiklal!\u201d s\u00f6z\u00fcyle biter. T\u0131pk\u0131, Gen\u00e7li\u011fe Hitabe\u2019nin O Ki\u015fi\u2019ye, Asil Kan\u2019a, \u201cMuhta\u00e7 oldu\u011fun kudret damarlar\u0131ndaki asil kanda mevcuttur!\u201d hitab\u0131yla bitti\u011fi gibi. Mehmet Akif Ersoy, \u0130stiklal Mar\u015f\u0131\u2019n\u0131 yazarken tarih d\u00fc\u015f\u00fcrme sanat\u0131n\u0131 kullanm\u0131\u015f ve tamiyeli ebcet hesab\u0131yla \u015fifreleme ve gizlemeler yapm\u0131\u015ft\u0131r. Ben, Gen\u00e7li\u011fe Hitabe\u2019de oldu\u011fu gibi bu gizlemeyi bu kitapta de\u015fifre ederek sizlere aktar\u0131yorum.   Gizleme sanat\u0131n\u0131 yani \u00e7ok gizli bir bilgiyi bizzat Akif\u2019in babas\u0131 Akif\u2019e verdi\u011fi isimle ve do\u011fum tarihiyle ba\u015flat\u0131yor. Bu kutlu mar\u015f\u0131n on k\u0131tas\u0131n\u0131n her bir dizesinde gizlenen \u015fifrelenmi\u015f bilgiler tek tek a\u00e7\u0131\u011fa \u00e7\u0131kt\u0131\u011f\u0131nda, \u0130stiklal Mar\u015f\u0131\u2019n\u0131 s\u00f6ylemenin asl\u0131nda bir r\u00fcya g\u00f6rmek oldu\u011funu anlayacaks\u0131n\u0131z. R\u00fcya yoluyla gelen mesaj\u0131 g\u00f6rmemekse kalpleri m\u00fch\u00fcrlenmi\u015flerin talihsizli\u011fidir. Art\u0131k uyan\u0131kken r\u00fcya g\u00f6remeyen bir ulus, sadece \u015fiiri de\u011fil, aray\u0131\u015f\u0131n\u0131 da kaybetmi\u015f demektir. Mehmet Akif\u2019i \u201canlayarak\u201d okuyan\u0131 bir uyku tutar, g\u00f6zya\u015flar\u0131n\u0131 ise hi\u00e7 kimse!   \u0130stiklal Mar\u015f\u0131 \u00f6zg\u00fcrl\u00fck ku\u015fumuzdur. Bu ku\u015fun iki kanad\u0131 vard\u0131r: Biri \u201cB\u00fclb\u00fcl\u201d, di\u011feri de \u201c\u00c7anakkale \u015eehitlerine\u201d \u015fiirleridir. Biri kurulu\u015f \u015fehrine, di\u011feri kurtulu\u015f \u015fehrine r\u00fcyad\u0131r. Uyan\u0131kken g\u00f6r\u00fclen iki r\u00fcyan\u0131n dayan\u0131lmaz ac\u0131s\u0131 ile pi\u015fense, hayat\u0131n ahireti r\u00fcyadan, yani uyku\/\u00f6l\u00fcm halinde g\u00f6r\u00fclen r\u00fcyadan hat\u0131rlanand\u0131r. <\/p>\n","protected":false},"excerpt":{"rendered":"<p>\u0130stiklal Mar\u015f\u0131 \u201cKorkma!\u201d diye ba\u015flar. O Ki\u015fi\u2019ye ve O Ki\u015fi\u2019yle beraber olanlara \u201cHakk\u0131d\u0131r Hakk\u2019a tapan milletimin istiklal!\u201d s\u00f6z\u00fcyle biter. T\u0131pk\u0131, Gen\u00e7li\u011fe Hitabe\u2019nin O Ki\u015fi\u2019ye, Asil Kan\u2019a,<span class=\"excerpt-hellip\"> [\u2026]<\/span><\/p>\n","protected":false},"featured_media":0,"template":"","meta":{"_monsterinsights_skip_tracking":false,"_monsterinsights_sitenote_active":false,"_monsterinsights_sitenote_note":"","_monsterinsights_sitenote_category":0},"product_brand":[],"product_cat":[12370,12304],"product_tag":[],"class_list":{"0":"post-759864","1":"product","2":"type-product","3":"status-publish","5":"product_cat-arastirma-inceleme","6":"product_cat-tarih","7":"pa_cilt-ciltsiz","8":"pa_tur-kitap","9":"pa_yayinevi-destek-yayinlari","10":"pa_yazar-huseyin-hakki-kahveci","12":"first","13":"instock","14":"sale","15":"shipping-taxable","16":"purchasable","17":"product-type-simple"},"_links":{"self":[{"href":"https:\/\/roveyayinevi.com.tr\/index.php\/wp-json\/wp\/v2\/product\/759864","targetHints":{"allow":["GET"]}}],"collection":[{"href":"https:\/\/roveyayinevi.com.tr\/index.php\/wp-json\/wp\/v2\/product"}],"about":[{"href":"https:\/\/roveyayinevi.com.tr\/index.php\/wp-json\/wp\/v2\/types\/product"}],"wp:attachment":[{"href":"https:\/\/roveyayinevi.com.tr\/index.php\/wp-json\/wp\/v2\/media?parent=759864"}],"wp:term":[{"taxonomy":"product_brand","embeddable":true,"href":"https:\/\/roveyayinevi.com.tr\/index.php\/wp-json\/wp\/v2\/product_brand?post=759864"},{"taxonomy":"product_cat","embeddable":true,"href":"https:\/\/roveyayinevi.com.tr\/index.php\/wp-json\/wp\/v2\/product_cat?post=759864"},{"taxonomy":"product_tag","embeddable":true,"href":"https:\/\/roveyayinevi.com.tr\/index.php\/wp-json\/wp\/v2\/product_tag?post=759864"}],"curies":[{"name":"wp","href":"https:\/\/api.w.org\/{rel}","templated":true}]}}