{"id":759861,"date":"2025-08-28T08:47:25","date_gmt":"2025-08-28T05:47:25","guid":{"rendered":"https:\/\/roveyayinevi.com.tr\/index.php\/urun\/damsel-savasci-prenses\/"},"modified":"2026-04-16T03:12:56","modified_gmt":"2026-04-16T00:12:56","slug":"damsel-savasci-prenses","status":"publish","type":"product","link":"https:\/\/roveyayinevi.com.tr\/index.php\/urun\/damsel-savasci-prenses\/","title":{"rendered":"Damsel -Sava\u015f\u00e7\u0131 Prenses"},"content":{"rendered":"<p>CANA CAN, ATE\u015eE KAN!   Elodie hi\u00e7bir zaman \u015fatafatl\u0131 saraylar\u0131n veya yak\u0131\u015f\u0131kl\u0131 prenslerin hayalini kurmad\u0131. K\u0131tl\u0131\u011f\u0131n pen\u00e7esindeki Inophe diyar\u0131nda b\u00fcy\u00fcm\u00fc\u015ft\u00fc ve tek arzusu halk\u0131n\u0131n bir k\u0131\u015f\u0131 daha sa\u011f salim atlatabilmesini sa\u011flamakt\u0131. Bu y\u00fczden de zengin ve m\u00fcnzevi bir krall\u0131\u011f\u0131n v\u00e2risinden ald\u0131\u011f\u0131 evlenme teklifini, sefaletle bo\u011fu\u015fan halk\u0131n\u0131 kurtarabilmek u\u011fruna hi\u00e7 d\u00fc\u015f\u00fcnmeden kabul etti. \u015eatafatl\u0131 Aurea Krall\u0131\u011f\u0131\u2019n\u0131n b\u00fcy\u00fcs\u00fcne kap\u0131lan Elodie i\u00e7in her \u015fey yolunda gibiydi, \u00e7\u00fcnk\u00fc hen\u00fcz bu zenginlik diyar\u0131n\u0131n kadim tarihinde yatan kanl\u0131 anla\u015fmadan haberi yoktu. Daha d\u00fc\u011f\u00fcn gecesi ba\u015flayan gariplikler tufan\u0131, \u00e7ok ge\u00e7meden Elodie\u2019yi karanl\u0131k ma\u011fara t\u00fcnellerinin i\u00e7inde s\u00fcregiden bir \u00f6l\u00fcm kal\u0131m sava\u015f\u0131n\u0131n ortas\u0131na att\u0131. Art\u0131k Elodie&#8217;nin kurtulu\u015fu, Aurea&#8217;n\u0131n sakl\u0131 ge\u00e7mi\u015fini ortaya \u00e7\u0131kar\u0131p \u00e7\u0131karamayaca\u011f\u0131na ve pe\u015findeki ejderhan\u0131n yak\u0131c\u0131 nefesinden ka\u00e7\u0131p ka\u00e7amayaca\u011f\u0131na ba\u011fl\u0131yd\u0131. Elodie karakterini Millie Bobby Brown\u2019\u0131n canland\u0131rd\u0131\u011f\u0131 pop\u00fcler bir Netflix filmine de uyarlanan Damsel: Sava\u015f\u00e7\u0131 Prenses, \u00f6l\u00fcme terk edilmi\u015f gen\u00e7 bir kad\u0131n\u0131n zalim d\u00fczene kar\u015f\u0131 verdi\u011fi sava\u015f\u0131n hik\u00e2yesi. <\/p>\n","protected":false},"excerpt":{"rendered":"<p>CANA CAN, ATE\u015eE KAN! Elodie hi\u00e7bir zaman \u015fatafatl\u0131 saraylar\u0131n veya yak\u0131\u015f\u0131kl\u0131 prenslerin hayalini kurmad\u0131. K\u0131tl\u0131\u011f\u0131n pen\u00e7esindeki Inophe diyar\u0131nda b\u00fcy\u00fcm\u00fc\u015ft\u00fc ve tek arzusu halk\u0131n\u0131n bir k\u0131\u015f\u0131 daha<span class=\"excerpt-hellip\"> [\u2026]<\/span><\/p>\n","protected":false},"featured_media":0,"template":"","meta":{"_monsterinsights_skip_tracking":false,"_monsterinsights_sitenote_active":false,"_monsterinsights_sitenote_note":"","_monsterinsights_sitenote_category":0},"product_brand":[],"product_cat":[12291,14777],"product_tag":[],"class_list":{"0":"post-759861","1":"product","2":"type-product","3":"status-publish","5":"product_cat-edebiyat","6":"product_cat-fantastik","7":"pa_cilt-ciltsiz","8":"pa_tur-kitap","9":"pa_yayinevi-eksik-parca-yayinlari","10":"pa_yazar-evelyn-skye","12":"first","13":"instock","14":"sale","15":"shipping-taxable","16":"purchasable","17":"product-type-simple"},"_links":{"self":[{"href":"https:\/\/roveyayinevi.com.tr\/index.php\/wp-json\/wp\/v2\/product\/759861","targetHints":{"allow":["GET"]}}],"collection":[{"href":"https:\/\/roveyayinevi.com.tr\/index.php\/wp-json\/wp\/v2\/product"}],"about":[{"href":"https:\/\/roveyayinevi.com.tr\/index.php\/wp-json\/wp\/v2\/types\/product"}],"wp:attachment":[{"href":"https:\/\/roveyayinevi.com.tr\/index.php\/wp-json\/wp\/v2\/media?parent=759861"}],"wp:term":[{"taxonomy":"product_brand","embeddable":true,"href":"https:\/\/roveyayinevi.com.tr\/index.php\/wp-json\/wp\/v2\/product_brand?post=759861"},{"taxonomy":"product_cat","embeddable":true,"href":"https:\/\/roveyayinevi.com.tr\/index.php\/wp-json\/wp\/v2\/product_cat?post=759861"},{"taxonomy":"product_tag","embeddable":true,"href":"https:\/\/roveyayinevi.com.tr\/index.php\/wp-json\/wp\/v2\/product_tag?post=759861"}],"curies":[{"name":"wp","href":"https:\/\/api.w.org\/{rel}","templated":true}]}}