{"id":759858,"date":"2025-08-28T08:47:20","date_gmt":"2025-08-28T05:47:20","guid":{"rendered":"https:\/\/roveyayinevi.com.tr\/index.php\/urun\/ezop-masallari-10-kitapsoru-kitapcigi\/"},"modified":"2026-04-16T03:12:56","modified_gmt":"2026-04-16T00:12:56","slug":"ezop-masallari-10-kitapsoru-kitapcigi","status":"publish","type":"product","link":"https:\/\/roveyayinevi.com.tr\/index.php\/urun\/ezop-masallari-10-kitapsoru-kitapcigi\/","title":{"rendered":"Ezop Masallar\u0131 (10 Kitap+Soru Kitap\u00e7\u0131\u011f\u0131)"},"content":{"rendered":"<p>Ezop\u2019un e\u015fsiz masallar\u0131yla dolu bu seri, \u00e7ocuklar i\u00e7in \u00f6nemli de\u011ferler ve \u00f6\u011fretilerle doludur. Her bir kitap, \u00e7ocuklar\u0131n hem e\u011flenmesini hem de d\u00fc\u015f\u00fcnmesini sa\u011flayacak birbirinden \u00f6zel masallar\u0131 i\u00e7ermektedir. Bu masallar hayat dersleriyle dolu birer macerad\u0131r. E\u011flenceli karakterler ve bilgelik dolu \u00f6yk\u00fclerle dolu bu seride, Ezop masallar\u0131 modern bir yorumla yeniden canlan\u0131yor. \u00c7ocuklar\u0131m\u0131z\u0131, do\u011fan\u0131n gizemlerini ke\u015ffetmeye ve kalplerine dokunacak hayat dersleriyle dolu \u00f6yk\u00fcler okumaya davet ediyoruz. <\/p>\n","protected":false},"excerpt":{"rendered":"<p>Ezop\u2019un e\u015fsiz masallar\u0131yla dolu bu seri, \u00e7ocuklar i\u00e7in \u00f6nemli de\u011ferler ve \u00f6\u011fretilerle doludur. Her bir kitap, \u00e7ocuklar\u0131n hem e\u011flenmesini hem de d\u00fc\u015f\u00fcnmesini sa\u011flayacak birbirinden \u00f6zel masallar\u0131<span class=\"excerpt-hellip\"> [\u2026]<\/span><\/p>\n","protected":false},"featured_media":0,"template":"","meta":{"_monsterinsights_skip_tracking":false,"_monsterinsights_sitenote_active":false,"_monsterinsights_sitenote_note":"","_monsterinsights_sitenote_category":0},"product_brand":[],"product_cat":[12274,12523],"product_tag":[],"class_list":{"0":"post-759858","1":"product","2":"type-product","3":"status-publish","5":"product_cat-cocuk-ve-genclik-kitaplari","6":"product_cat-masallar","7":"pa_cilt-ciltsiz","8":"pa_tur-kitap","9":"pa_yayinevi-ema-kitap","10":"pa_yazar-tuba-ozturk","12":"first","13":"instock","14":"sale","15":"shipping-taxable","16":"purchasable","17":"product-type-simple"},"_links":{"self":[{"href":"https:\/\/roveyayinevi.com.tr\/index.php\/wp-json\/wp\/v2\/product\/759858","targetHints":{"allow":["GET"]}}],"collection":[{"href":"https:\/\/roveyayinevi.com.tr\/index.php\/wp-json\/wp\/v2\/product"}],"about":[{"href":"https:\/\/roveyayinevi.com.tr\/index.php\/wp-json\/wp\/v2\/types\/product"}],"wp:attachment":[{"href":"https:\/\/roveyayinevi.com.tr\/index.php\/wp-json\/wp\/v2\/media?parent=759858"}],"wp:term":[{"taxonomy":"product_brand","embeddable":true,"href":"https:\/\/roveyayinevi.com.tr\/index.php\/wp-json\/wp\/v2\/product_brand?post=759858"},{"taxonomy":"product_cat","embeddable":true,"href":"https:\/\/roveyayinevi.com.tr\/index.php\/wp-json\/wp\/v2\/product_cat?post=759858"},{"taxonomy":"product_tag","embeddable":true,"href":"https:\/\/roveyayinevi.com.tr\/index.php\/wp-json\/wp\/v2\/product_tag?post=759858"}],"curies":[{"name":"wp","href":"https:\/\/api.w.org\/{rel}","templated":true}]}}