{"id":759855,"date":"2025-08-28T08:47:15","date_gmt":"2025-08-28T05:47:15","guid":{"rendered":"https:\/\/roveyayinevi.com.tr\/index.php\/urun\/uzeyir-garih-kitapligi-8-kitap\/"},"modified":"2026-04-16T03:12:56","modified_gmt":"2026-04-16T00:12:56","slug":"uzeyir-garih-kitapligi-8-kitap","status":"publish","type":"product","link":"https:\/\/roveyayinevi.com.tr\/index.php\/urun\/uzeyir-garih-kitapligi-8-kitap\/","title":{"rendered":"\u00dczeyir Garih Kitapl\u0131\u011f\u0131 (8 Kitap)"},"content":{"rendered":"<p>50 Y\u0131ll\u0131k Bilgi, Tecr\u00fcbe ve Ba\u015far\u0131\u2026 Dr. \u00dczeyir Garih Fikirleriyle Hayatta\u2026 \u201cE\u011fitimli ve \u00e7al\u0131\u015fkan t\u00fcm gen\u00e7lerimizi kendi \u00e7aplar\u0131nda parlak birer gelece\u011fin bekledi\u011finden eminim. Gen\u00e7 karde\u015flerime ba\u015far\u0131lar dilerim.\u201d Dr. \u00dczeyir Garih Okuyunuz, mutlaka okuyunuz. \u00c7a\u011fda\u015f bilgilere h\u00e2kim olabilmek i\u00e7in kendi bilgilerinizi devaml\u0131 yenileyip geli\u015ftiriniz. Bir yandan bilgiyi uygulayan di\u011fer yandan bilim ve teknolojiyi \u00fcreten durumlardan birini se\u00e7iniz ve o y\u00f6nde ilerleyiniz. Serbest \u00e7al\u0131\u015fmay\u0131 d\u00fc\u015f\u00fcn\u00fcyorsan\u0131z &#8221;Risk Sermayesi&#8221;nden yararlanmay\u0131 deneyiniz. Serbest \u00e7al\u0131\u015facaksan\u0131z t\u00fcm olaylar\u0131 ku\u015fbak\u0131\u015f\u0131 g\u00f6rebilece\u011finiz k\u00fc\u00e7\u00fck veya orta boy kurumlarda i\u015fe ba\u015flay\u0131p, g\u00f6zlerinizi ve kulaklar\u0131n\u0131z\u0131 d\u00f6rt a\u00e7\u0131p i\u015flerin s\u00fcrecini kavramaya \u00e7al\u0131\u015f\u0131n\u0131z. Bir kurumda y\u00fckselmeyi d\u00fc\u015f\u00fcn\u00fcyorsan\u0131z, ba\u015flang\u0131\u00e7ta y\u00fcksek gelir yerine y\u00fcksek oranda \u00f6\u011frenimi ve i\u015f ba\u015f\u0131nda e\u011fitimi tercih ediniz. Sebat edip \u00f6\u011frendiklerinizi iyi uygulayabilece\u011finizi amirlerinize kan\u0131tlay\u0131n\u0131z. D\u0130KKAT! Sadece Tak\u0131m Olarak Sat\u0131lmaktad\u0131r- 1- Y\u00d6NET\u0130M \u0130LKELER\u0130 2- Y\u00d6NET\u0130M TEKN\u0130KLER\u0130 3- GLOBALLE\u015eME S\u00dcREC\u0130NDE T\u00dcRK\u0130YE 4- \u0130\u015e HAYATINDA MOT\u0130VASYON 5- PAZARLAMA TANITIM HALKLA \u0130L\u0130\u015eK\u0130LER 6- EKONOM\u0130K SORUNLARA \u00c7\u00d6Z\u00dcM \u00d6NER\u0130LER\u0130 7- T\u00dcRK\u0130YE SORUNLARINA \u00c7\u00d6Z\u00dcM \u00d6NER\u0130LER\u0130 8- \u0130\u015e HAYATIMDAN KES\u0130TLER ve GEN\u00c7LERE TAVS\u0130YELER <\/p>\n","protected":false},"excerpt":{"rendered":"<p>50 Y\u0131ll\u0131k Bilgi, Tecr\u00fcbe ve Ba\u015far\u0131\u2026 Dr. \u00dczeyir Garih Fikirleriyle Hayatta\u2026 \u201cE\u011fitimli ve \u00e7al\u0131\u015fkan t\u00fcm gen\u00e7lerimizi kendi \u00e7aplar\u0131nda parlak birer gelece\u011fin bekledi\u011finden eminim. Gen\u00e7 karde\u015flerime ba\u015far\u0131lar<span class=\"excerpt-hellip\"> [\u2026]<\/span><\/p>\n","protected":false},"featured_media":0,"template":"","meta":{"_monsterinsights_skip_tracking":false,"_monsterinsights_sitenote_active":false,"_monsterinsights_sitenote_note":"","_monsterinsights_sitenote_category":0},"product_brand":[],"product_cat":[13043,17647],"product_tag":[],"class_list":{"0":"post-759855","1":"product","2":"type-product","3":"status-publish","5":"product_cat-ekonomi","6":"product_cat-is-dunyasi","7":"pa_cilt-ciltsiz","8":"pa_tur-kitap","9":"pa_yayinevi-hayat-yayinlari","10":"pa_yazar-uzeyir-garih","12":"first","13":"instock","14":"sale","15":"shipping-taxable","16":"purchasable","17":"product-type-simple"},"_links":{"self":[{"href":"https:\/\/roveyayinevi.com.tr\/index.php\/wp-json\/wp\/v2\/product\/759855","targetHints":{"allow":["GET"]}}],"collection":[{"href":"https:\/\/roveyayinevi.com.tr\/index.php\/wp-json\/wp\/v2\/product"}],"about":[{"href":"https:\/\/roveyayinevi.com.tr\/index.php\/wp-json\/wp\/v2\/types\/product"}],"wp:attachment":[{"href":"https:\/\/roveyayinevi.com.tr\/index.php\/wp-json\/wp\/v2\/media?parent=759855"}],"wp:term":[{"taxonomy":"product_brand","embeddable":true,"href":"https:\/\/roveyayinevi.com.tr\/index.php\/wp-json\/wp\/v2\/product_brand?post=759855"},{"taxonomy":"product_cat","embeddable":true,"href":"https:\/\/roveyayinevi.com.tr\/index.php\/wp-json\/wp\/v2\/product_cat?post=759855"},{"taxonomy":"product_tag","embeddable":true,"href":"https:\/\/roveyayinevi.com.tr\/index.php\/wp-json\/wp\/v2\/product_tag?post=759855"}],"curies":[{"name":"wp","href":"https:\/\/api.w.org\/{rel}","templated":true}]}}