{"id":759854,"date":"2025-08-28T08:47:14","date_gmt":"2025-08-28T05:47:14","guid":{"rendered":"https:\/\/roveyayinevi.com.tr\/index.php\/urun\/kuresel-stratejik-donusumler\/"},"modified":"2026-04-16T03:12:56","modified_gmt":"2026-04-16T00:12:56","slug":"kuresel-stratejik-donusumler","status":"publish","type":"product","link":"https:\/\/roveyayinevi.com.tr\/index.php\/urun\/kuresel-stratejik-donusumler\/","title":{"rendered":"K\u00fcresel Stratejik D\u00f6n\u00fc\u015f\u00fcmler"},"content":{"rendered":"<p>Yazar Bircihan Diler Dilek bu kitapta, son y\u0131llarda u\u0308lkemizde ve du\u0308nya gu\u0308ndeminde \u00f6nemli bir yer tutan S-400 ve F-35 silah sistemlerinin yaratt\u0131\u011f\u0131 stratejik etkilere, F-35 ile ilgili ger\u00e7eklere, CAATSA yapt\u0131r\u0131mlar\u0131na, bu silah sistemlerinin u\u0308lkelerin envanterlerine girmesiyle olu\u015fan askeri gu\u0308\u00e7 dengesindeki de\u011fi\u015fikliklere de\u011finiyor. Bu sistemlerin sahip oldu\u011fu teknolojiler ve konu\u015flanmalar\u0131n\u0131n yan\u0131 s\u0131ra ku\u0308resel stratejik d\u00f6nu\u0308\u015fu\u0308mlere olan etkilerine \u00e7arp\u0131c\u0131 yorumlar sunuyor. COVID-19 salg\u0131n\u0131yla ortaya \u00e7\u0131kan \u00e7ip k\u0131tl\u0131\u011f\u0131, Rusya-Ukrayna Sava\u015f\u0131 nedeniyle ABD taraf\u0131ndan uygulanan \u00e7ip yapt\u0131r\u0131mlar\u0131 ve bunun kar\u015f\u0131l\u0131\u011f\u0131nda \u00c7in taraf\u0131ndan uygulanan kritik ham madde yapt\u0131r\u0131mlar\u0131n\u0131n ku\u0308resel stratejik d\u00f6nu\u0308\u015fu\u0308mlere, u\u0308lkelerin bu kapsamdaki egemenlik haklar\u0131na, savunma sistemlerinin geli\u015ftirilmesine, u\u0308retilmesine ve idamesine olan etkilerini sorguluyor. Ulusal \u00e7\u0131kar iddialar\u0131 askeri, siyasi veya ekonomik gu\u0308\u00e7 yoluyla du\u0308nya du\u0308zeninde de\u011fi\u015fiklik talepleri sonucunda farkl\u0131 co\u011frafyalarda meydana gelen stratejik d\u00f6nu\u0308\u015fu\u0308mleri al\u0131\u015f\u0131lm\u0131\u015f\u0131n d\u0131\u015f\u0131nda yal\u0131n bir anlat\u0131mla ortaya koyuyor. Avrupa ve Hint-Pasifik b\u00f6lgesi ile \u00f6zellikle u\u0308lkemizin \u00e7evresindeki co\u011frafyalar\u0131ndan Orta Do\u011fu, Do\u011fu Akdeniz, Karadeniz ve Gu\u0308ney Kafkasya\u2019da meydana gelen stratejik d\u00f6nu\u0308\u015fu\u0308mler hakk\u0131nda okuyucular i\u00e7in \u00f6nemli bir fark\u0131ndal\u0131k olu\u015fturacak yorumlar getiriyor. Kitap, 2011 Mart ay\u0131nda ba\u015flayan Suriye \u0130\u00e7 Sava\u015f\u0131, sonras\u0131nda ABD ve Rusya\u2019n\u0131n bu u\u0308lkede konu\u015flanmalar\u0131, Rusya-Ukrayna Sava\u015f\u0131, 7 Ekim 2023\u2019te ba\u015flayan \u0130srail-Hamas Sava\u015f\u0131 ve Hint-Pasifik b\u00f6lgesindeki Tayvan krizine y\u00f6nelik ABD ve \u00c7in aras\u0131ndaki gerilim hakk\u0131nda \u00f6nemli analizler sunuyor. Sava\u015f tarihi, savunma stratejileri, jeopolitik, jeostratejik, uluslararas\u0131 ili\u015fkiler, siyasi tarih, gu\u0308venlik ile havac\u0131l\u0131k ve uzay silah sistem ve teknolojileri alanlar\u0131nda okuma yapmay\u0131 seven herkese hitap eden bir kitap. <\/p>\n","protected":false},"excerpt":{"rendered":"<p>Yazar Bircihan Diler Dilek bu kitapta, son y\u0131llarda u\u0308lkemizde ve du\u0308nya gu\u0308ndeminde \u00f6nemli bir yer tutan S-400 ve F-35 silah sistemlerinin yaratt\u0131\u011f\u0131 stratejik etkilere, F-35 ile<span class=\"excerpt-hellip\"> [\u2026]<\/span><\/p>\n","protected":false},"featured_media":0,"template":"","meta":{"_monsterinsights_skip_tracking":false,"_monsterinsights_sitenote_active":false,"_monsterinsights_sitenote_note":"","_monsterinsights_sitenote_category":0},"product_brand":[],"product_cat":[12337],"product_tag":[],"class_list":{"0":"post-759854","1":"product","2":"type-product","3":"status-publish","5":"product_cat-politika-siyaset","6":"pa_cilt-ciltsiz","7":"pa_tur-kitap","8":"pa_yayinevi-efil-yayinevi","9":"pa_yazar-bircihan-diler-dilek","11":"first","12":"instock","13":"sale","14":"shipping-taxable","15":"purchasable","16":"product-type-simple"},"_links":{"self":[{"href":"https:\/\/roveyayinevi.com.tr\/index.php\/wp-json\/wp\/v2\/product\/759854","targetHints":{"allow":["GET"]}}],"collection":[{"href":"https:\/\/roveyayinevi.com.tr\/index.php\/wp-json\/wp\/v2\/product"}],"about":[{"href":"https:\/\/roveyayinevi.com.tr\/index.php\/wp-json\/wp\/v2\/types\/product"}],"wp:attachment":[{"href":"https:\/\/roveyayinevi.com.tr\/index.php\/wp-json\/wp\/v2\/media?parent=759854"}],"wp:term":[{"taxonomy":"product_brand","embeddable":true,"href":"https:\/\/roveyayinevi.com.tr\/index.php\/wp-json\/wp\/v2\/product_brand?post=759854"},{"taxonomy":"product_cat","embeddable":true,"href":"https:\/\/roveyayinevi.com.tr\/index.php\/wp-json\/wp\/v2\/product_cat?post=759854"},{"taxonomy":"product_tag","embeddable":true,"href":"https:\/\/roveyayinevi.com.tr\/index.php\/wp-json\/wp\/v2\/product_tag?post=759854"}],"curies":[{"name":"wp","href":"https:\/\/api.w.org\/{rel}","templated":true}]}}