{"id":759853,"date":"2025-08-28T08:47:12","date_gmt":"2025-08-28T05:47:12","guid":{"rendered":"https:\/\/roveyayinevi.com.tr\/index.php\/urun\/kardes-sirlari-yabancilar\/"},"modified":"2026-04-16T03:12:56","modified_gmt":"2026-04-16T00:12:56","slug":"kardes-sirlari-yabancilar","status":"publish","type":"product","link":"https:\/\/roveyayinevi.com.tr\/index.php\/urun\/kardes-sirlari-yabancilar\/","title":{"rendered":"Karde\u015f S\u0131rlar\u0131: Yabanc\u0131lar"},"content":{"rendered":"<p>Greystonelar \u00fc\u00e7 karde\u015fti: Duygusal abi Chess, matematik dehas\u0131 Emma ve s\u00f6z dinleyen k\u00fc\u00e7\u00fck karde\u015f Finn. Anneleriyle beraber mutlu bir aileydiler. Ta ki ulusal bas\u0131na yans\u0131yan bir ka\u00e7\u0131rma olay\u0131na kadar\u2026 Ka\u00e7\u0131r\u0131lan \u00fc\u00e7 \u00e7ocu\u011fun haberini ald\u0131klar\u0131nda Greystone karde\u015fler i\u00e7in her \u015fey de\u011fi\u015fti. \u00c7ocuklarla aralar\u0131ndaki inan\u0131lmaz benzerlikler \u00fcrk\u00fct\u00fcc\u00fcyd\u00fc. \u0130lk ve ikinci isimleri ayn\u0131yd\u0131. Ayn\u0131 ya\u015ftayd\u0131lar. Hatta do\u011fum g\u00fcnleri bile ayn\u0131yd\u0131!   Annesinin bir anda ortaya \u00e7\u0131kan \u201ci\u015f gezisi\u201d Greystone karde\u015flerde \u015f\u00fcphe uyand\u0131rd\u0131. Peki anneleri ortadan kaybolunca onlara g\u00f6z kulak olan kom\u015fular\u0131 Bayan Morales ve k\u0131z\u0131 Natalie, bir \u015fey biliyorlar m\u0131yd\u0131? Bu gezi, ka\u00e7\u0131r\u0131lan \u00e7ocuklarla ilgili olabilir miydi? Yoksa anneleri onlar\u0131 gizemli bir olaydan m\u0131 koruyordu? S\u0131k\u0131c\u0131 odadaki mektup ve bodrum kat\u0131ndaki tehlike\u2026 S\u0131r a\u00e7\u0131\u011fa \u00e7\u0131kt\u0131\u011f\u0131nda Greystone karde\u015fler kendilerini esrarengiz bir olay\u0131n i\u00e7inde buldular. \u0130pu\u00e7lar\u0131n\u0131 yakalamal\u0131, kodlar\u0131 \u00e7\u00f6zmelilerdi\u2026     DAHA DA GE\u00c7 OLMADAN! <\/p>\n","protected":false},"excerpt":{"rendered":"<p>Greystonelar \u00fc\u00e7 karde\u015fti: Duygusal abi Chess, matematik dehas\u0131 Emma ve s\u00f6z dinleyen k\u00fc\u00e7\u00fck karde\u015f Finn. Anneleriyle beraber mutlu bir aileydiler. Ta ki ulusal bas\u0131na yans\u0131yan bir<span class=\"excerpt-hellip\"> [\u2026]<\/span><\/p>\n","protected":false},"featured_media":0,"template":"","meta":{"_monsterinsights_skip_tracking":false,"_monsterinsights_sitenote_active":false,"_monsterinsights_sitenote_note":"","_monsterinsights_sitenote_category":0},"product_brand":[],"product_cat":[12291,12711],"product_tag":[],"class_list":{"0":"post-759853","1":"product","2":"type-product","3":"status-publish","5":"product_cat-edebiyat","6":"product_cat-roman-oyku","7":"pa_cilt-ciltsiz","8":"pa_tur-kitap","9":"pa_yayinevi-dinozor-cocuk","10":"pa_yazar-margaret-peterson-haddix","12":"first","13":"instock","14":"sale","15":"shipping-taxable","16":"purchasable","17":"product-type-simple"},"_links":{"self":[{"href":"https:\/\/roveyayinevi.com.tr\/index.php\/wp-json\/wp\/v2\/product\/759853","targetHints":{"allow":["GET"]}}],"collection":[{"href":"https:\/\/roveyayinevi.com.tr\/index.php\/wp-json\/wp\/v2\/product"}],"about":[{"href":"https:\/\/roveyayinevi.com.tr\/index.php\/wp-json\/wp\/v2\/types\/product"}],"wp:attachment":[{"href":"https:\/\/roveyayinevi.com.tr\/index.php\/wp-json\/wp\/v2\/media?parent=759853"}],"wp:term":[{"taxonomy":"product_brand","embeddable":true,"href":"https:\/\/roveyayinevi.com.tr\/index.php\/wp-json\/wp\/v2\/product_brand?post=759853"},{"taxonomy":"product_cat","embeddable":true,"href":"https:\/\/roveyayinevi.com.tr\/index.php\/wp-json\/wp\/v2\/product_cat?post=759853"},{"taxonomy":"product_tag","embeddable":true,"href":"https:\/\/roveyayinevi.com.tr\/index.php\/wp-json\/wp\/v2\/product_tag?post=759853"}],"curies":[{"name":"wp","href":"https:\/\/api.w.org\/{rel}","templated":true}]}}