{"id":759852,"date":"2025-08-28T08:47:10","date_gmt":"2025-08-28T05:47:10","guid":{"rendered":"https:\/\/roveyayinevi.com.tr\/index.php\/urun\/ciglik-3\/"},"modified":"2026-04-16T03:12:56","modified_gmt":"2026-04-16T00:12:56","slug":"ciglik-3","status":"publish","type":"product","link":"https:\/\/roveyayinevi.com.tr\/index.php\/urun\/ciglik-3\/","title":{"rendered":"\u00c7\u0131\u011fl\u0131k"},"content":{"rendered":"<p>Y\u0131llard\u0131r kay\u0131p olan k\u0131z\u0131 Lucy\u2019yi arayan Gates Foster. Kusursuz \u00e7\u0131\u011fl\u0131\u011f\u0131 elde etmeye \u00e7abalayan Mitzi. Hollywood filmlerindeki \u00e7\u0131\u011fl\u0131k efektlerinin arkas\u0131nda sakl\u0131 olan s\u0131r.   Gates Foster, k\u0131z\u0131 Lucy\u2019yi on yedi y\u0131l \u00f6nce kaybetmi\u015f olsa da onu aramaktan bir an olsun vazge\u00e7mez. Y\u0131llard\u0131r i\u00e7inde saklad\u0131\u011f\u0131 umudunda hakl\u0131 \u00e7\u0131kar ve yeni bir geli\u015fmeyle y\u0131llard\u0131r g\u00f6rmedi\u011fi k\u0131z\u0131na dair ilk ize rastlar. Onu korkun\u00e7 ger\u00e7ekle bulu\u015fturacak bir iz. Mitzi Ives, Hollywood filmlerinin \u00f6zg\u00fcnl\u00fc\u011f\u00fcn\u00fc sa\u011flayan \u00f6nemli ses efektlerini yaratan Foley sanat\u00e7\u0131lar\u0131aras\u0131nda kendine \u00f6nemli bir yer edinmi\u015ftir. Kendisinden \u00f6nce bu i\u015fi yapan babas\u0131yla ayn\u0131 gizli teknikleri kullanarak \u015fiddet ve korku sesleri konusunda sekt\u00f6r\u00fcn \u00f6nde gelen uzmanlar\u0131ndan birine d\u00f6n\u00fc\u015fm\u00fc\u015ft\u00fcr. T\u00fcyler \u00fcrpertici \u00e7\u0131\u011fl\u0131klar\u0131n yarat\u0131c\u0131s\u0131d\u0131r.   Foster ve Mitzi, \u00e7ok ge\u00e7meden kendilerini Hollywood\u2019un g\u00f6z al\u0131c\u0131 renklerinin alt\u0131nda karanl\u0131kta gizlenen \u015fiddeti ortaya \u00e7\u0131karmakla tehdit eden bir \u00e7arp\u0131\u015fma rotas\u0131nda bulurlar.   Ac\u0131n\u0131n metala\u015ft\u0131r\u0131lmas\u0131 ve sanat\u0131n tehlikeli g\u00fcc\u00fc \u00fczerine ac\u0131mas\u0131z, bir o kadar rahats\u0131z edici bir yans\u0131ma olan \u00c7\u0131\u011fl\u0131k, Chuck Palahniuk\u2019in edebi g\u00fcc\u00fcn\u00fcn zirvesinde oldu\u011fu, \u015fimdiye kadarki en gerilim dolu, en c\u00fcretk\u00e2r ve t\u00fcre meydan okuyan eseri. <\/p>\n","protected":false},"excerpt":{"rendered":"<p>Y\u0131llard\u0131r kay\u0131p olan k\u0131z\u0131 Lucy\u2019yi arayan Gates Foster. Kusursuz \u00e7\u0131\u011fl\u0131\u011f\u0131 elde etmeye \u00e7abalayan Mitzi. Hollywood filmlerindeki \u00e7\u0131\u011fl\u0131k efektlerinin arkas\u0131nda sakl\u0131 olan s\u0131r. Gates Foster, k\u0131z\u0131 Lucy\u2019yi<span class=\"excerpt-hellip\"> [\u2026]<\/span><\/p>\n","protected":false},"featured_media":0,"template":"","meta":{"_monsterinsights_skip_tracking":false,"_monsterinsights_sitenote_active":false,"_monsterinsights_sitenote_note":"","_monsterinsights_sitenote_category":0},"product_brand":[],"product_cat":[12291,17033],"product_tag":[],"class_list":{"0":"post-759852","1":"product","2":"type-product","3":"status-publish","5":"product_cat-edebiyat","6":"product_cat-korku-gerilim","7":"pa_cilt-ciltsiz","8":"pa_tur-kitap","9":"pa_yayinevi-dusbaz-kitaplar","10":"pa_yazar-chuck-palahniuk","12":"first","13":"instock","14":"sale","15":"shipping-taxable","16":"purchasable","17":"product-type-simple"},"_links":{"self":[{"href":"https:\/\/roveyayinevi.com.tr\/index.php\/wp-json\/wp\/v2\/product\/759852","targetHints":{"allow":["GET"]}}],"collection":[{"href":"https:\/\/roveyayinevi.com.tr\/index.php\/wp-json\/wp\/v2\/product"}],"about":[{"href":"https:\/\/roveyayinevi.com.tr\/index.php\/wp-json\/wp\/v2\/types\/product"}],"wp:attachment":[{"href":"https:\/\/roveyayinevi.com.tr\/index.php\/wp-json\/wp\/v2\/media?parent=759852"}],"wp:term":[{"taxonomy":"product_brand","embeddable":true,"href":"https:\/\/roveyayinevi.com.tr\/index.php\/wp-json\/wp\/v2\/product_brand?post=759852"},{"taxonomy":"product_cat","embeddable":true,"href":"https:\/\/roveyayinevi.com.tr\/index.php\/wp-json\/wp\/v2\/product_cat?post=759852"},{"taxonomy":"product_tag","embeddable":true,"href":"https:\/\/roveyayinevi.com.tr\/index.php\/wp-json\/wp\/v2\/product_tag?post=759852"}],"curies":[{"name":"wp","href":"https:\/\/api.w.org\/{rel}","templated":true}]}}