{"id":759851,"date":"2025-08-28T08:47:09","date_gmt":"2025-08-28T05:47:09","guid":{"rendered":"https:\/\/roveyayinevi.com.tr\/index.php\/urun\/adli-antropoloji\/"},"modified":"2026-04-16T03:12:56","modified_gmt":"2026-04-16T00:12:56","slug":"adli-antropoloji","status":"publish","type":"product","link":"https:\/\/roveyayinevi.com.tr\/index.php\/urun\/adli-antropoloji\/","title":{"rendered":"Adli Antropoloji"},"content":{"rendered":"<p>Adli antropoloji, insan iskeletlerinin bilimsel incelemesi ve bu incelemelerin adli s\u00fcre\u00e7lerdeki uygulamalar\u0131yla ilgilenen \u00e7ok \u00f6nemli bir disiplindir. Bu disiplin, su\u00e7lara, felaketlere ve di\u011fer travmatik olaylara kurban gidenlerin kimliklerini belirleme, \u00f6l\u00fcm nedenlerini tespit etme ve adli soru\u015fturmalara katk\u0131 sa\u011flama amac\u0131yla bilim ve t\u0131p prensiplerini bir araya getirir.Adli antropoloji, insan iskeletlerinin anatomik ve morfolojik \u00f6zelliklerini kullanarak tan\u0131mlar. Bu s\u00fcre\u00e7, kemiklerin ya\u015f, cinsiyet, boy, etnik k\u00f6ken, sa\u011fl\u0131k durumu ve travmatik yaralanmalar gibi bir dizi \u00f6zelli\u011fini belirlemeyi i\u00e7erir. Bu bilgiler, su\u00e7lular\u0131n tespiti, cinayet kurbanlar\u0131n\u0131n kimliklerinin belirlenmesi ve yarg\u0131 s\u00fcre\u00e7lerinde delil olarak kullan\u0131labilir.Adli antropolojinin uygulama alanlar\u0131 olduk\u00e7a geni\u015ftir. Cinayet soru\u015fturmas\u0131, kazalar\u0131n ard\u0131ndan gelen \u00f6l\u00fcmler, felaket kurbanlar\u0131n\u0131n tan\u0131mlanmas\u0131 ve antik mezarlar\u0131n arkeolojik incelemesi gibi bir\u00e7ok alanda adli antropologlar \u00f6nemli bir rol oynar. Bu disiplin, bilimsel y\u00f6ntemlerle, adli t\u0131p biliminin geli\u015fimine ve adaletin sa\u011flanmas\u0131na katk\u0131da bulunur.Bu kitap, adli antropolojinin temel prensiplerini, y\u00f6ntemlerini ve uygulamalar\u0131n\u0131 anlamak isteyenler i\u00e7in bir k\u0131lavuz olarak haz\u0131rlanm\u0131\u015ft\u0131r. <\/p>\n","protected":false},"excerpt":{"rendered":"<p>Adli antropoloji, insan iskeletlerinin bilimsel incelemesi ve bu incelemelerin adli s\u00fcre\u00e7lerdeki uygulamalar\u0131yla ilgilenen \u00e7ok \u00f6nemli bir disiplindir. Bu disiplin, su\u00e7lara, felaketlere ve di\u011fer travmatik olaylara kurban<span class=\"excerpt-hellip\"> [\u2026]<\/span><\/p>\n","protected":false},"featured_media":0,"template":"","meta":{"_monsterinsights_skip_tracking":false,"_monsterinsights_sitenote_active":false,"_monsterinsights_sitenote_note":"","_monsterinsights_sitenote_category":0},"product_brand":[],"product_cat":[15499,13488],"product_tag":[],"class_list":{"0":"post-759851","1":"product","2":"type-product","3":"status-publish","5":"product_cat-antropoloji","6":"product_cat-toplum-ve-insan","7":"pa_cilt-ciltsiz","8":"pa_tur-kitap","9":"pa_yayinevi-bilgin-kultur-sanat","10":"pa_yazar-nevin-goksal","12":"first","13":"instock","14":"sale","15":"shipping-taxable","16":"purchasable","17":"product-type-simple"},"_links":{"self":[{"href":"https:\/\/roveyayinevi.com.tr\/index.php\/wp-json\/wp\/v2\/product\/759851","targetHints":{"allow":["GET"]}}],"collection":[{"href":"https:\/\/roveyayinevi.com.tr\/index.php\/wp-json\/wp\/v2\/product"}],"about":[{"href":"https:\/\/roveyayinevi.com.tr\/index.php\/wp-json\/wp\/v2\/types\/product"}],"wp:attachment":[{"href":"https:\/\/roveyayinevi.com.tr\/index.php\/wp-json\/wp\/v2\/media?parent=759851"}],"wp:term":[{"taxonomy":"product_brand","embeddable":true,"href":"https:\/\/roveyayinevi.com.tr\/index.php\/wp-json\/wp\/v2\/product_brand?post=759851"},{"taxonomy":"product_cat","embeddable":true,"href":"https:\/\/roveyayinevi.com.tr\/index.php\/wp-json\/wp\/v2\/product_cat?post=759851"},{"taxonomy":"product_tag","embeddable":true,"href":"https:\/\/roveyayinevi.com.tr\/index.php\/wp-json\/wp\/v2\/product_tag?post=759851"}],"curies":[{"name":"wp","href":"https:\/\/api.w.org\/{rel}","templated":true}]}}