{"id":759850,"date":"2025-08-28T08:47:07","date_gmt":"2025-08-28T05:47:07","guid":{"rendered":"https:\/\/roveyayinevi.com.tr\/index.php\/urun\/bogazici-uykuda\/"},"modified":"2026-04-16T03:12:56","modified_gmt":"2026-04-16T00:12:56","slug":"bogazici-uykuda","status":"publish","type":"product","link":"https:\/\/roveyayinevi.com.tr\/index.php\/urun\/bogazici-uykuda\/","title":{"rendered":"Bo\u011fazi\u00e7i Uykuda"},"content":{"rendered":"<p>Sermet Muhtar Alus\u2019un Akbaba\u2019daki yaz\u0131lar\u0131 onun b\u00fct\u00fcn yaz\u0131 hayat\u0131n\u0131n bir hulasas\u0131 gibidir. Eski \u0130stanbul hat\u0131ralar\u0131yla \u00f6r\u00fcl\u00fc f\u0131kralar\u0131ndan, portrelerinden, k\u00fc\u00e7\u00fck hik\u00e2ye, piyes ve r\u00f6portajlar\u0131na kadar me\u015fgul oldu\u011fu t\u00fcrlerin hepsiyle bu sayfalarda kar\u015f\u0131la\u015f\u0131r\u0131z. Faruk Nafiz ve Erc\u00fcment Ekrem\u2019le yap\u0131lm\u0131\u015f hayal\u00ee m\u00fclakatlar, yazar\u0131n Galatasaray ve Mekteb-i Hukuk\u2019tan arkada\u015f ve hocalar\u0131na dair portreler, ilk gen\u00e7li\u011finin me\u015fhur hekim, di\u015f\u00e7i ve t\u00fcccarlar\u0131, ka\u00e7g\u00f6\u00e7 ve \u00e7apk\u0131nl\u0131k hik\u00e2yeleri, piyesleri burada yer al\u0131r. Bu eserlerin tamam\u0131nda eski \u0130stanbul\u2019un g\u00f6lgesi h\u00e2kimdir. Alus, ge\u00e7mi\u015f zamanlar\u0131n \u0130stanbul\u2019unu ve insanlar\u0131n\u0131 anlatmak i\u00e7in edebiyat\u0131n t\u00fcrleri aras\u0131nda bir sal\u0131ncak kurmu\u015f gibidir. \u00c7ocuklu\u011funun, gen\u00e7lik heyecanlar\u0131n\u0131n yans\u0131malar\u0131n\u0131 karanl\u0131\u011fa terk etmemek arzusu onu daima tahrik eder. Bundan olsa gerek okuduklar\u0131m\u0131z\u0131n ne kadar\u0131 ger\u00e7ek ne kadar\u0131 kurgu anlamakta zorlan\u0131r\u0131z. Burada soluksuz bir c\u00fcmb\u00fc\u015f\u00fcn inip \u00e7\u0131kan na\u011fmeleri, bazen g\u00fcr\u00fclt\u00fcs\u00fc aras\u0131nda ihti\u015faml\u0131 bir dil zevkine, biraz daha \u00fczerinde durulsa orijinal bir roman kahraman\u0131na d\u00f6necek tiplerin ayr\u0131nt\u0131 sarho\u015fu bir \u00fcslupla anlat\u0131lan d\u00fcnyalar\u0131na yol al\u0131r\u0131z.Bo\u011fazi\u00e7i Uykuda, Alus\u2019un in\u015fa etmek istedi\u011fi \u0130stanbul\u2019un k\u00fc\u00e7\u00fck bir numunesi olarak okur kar\u015f\u0131s\u0131na \u00e7\u0131kar\u0131l\u0131yor. Hem t\u00fcrler aras\u0131ndaki renklili\u011fi g\u00f6rmek hem de dil, \u00fcslup ve muhteva bak\u0131m\u0131ndan Alus\u2019un \u0130stanbul\u2019unu sergilemek i\u00e7in birbirinden farkl\u0131 yaz\u0131lar bir araya getiriliyor. Eski hafiyeleri ya da kerime hanfendileri anlatt\u0131\u011f\u0131 yaz\u0131lar belli ki \u00e7ocukluk manzaralar\u0131n\u0131n birer tan\u0131\u011f\u0131. \u201cPi\u015fkin Misafir\u201d, matbuata mizah dergicili\u011fi ile ad\u0131m atm\u0131\u015f bir sanat\u00e7\u0131n\u0131n e\u011flenceli d\u00fcnyas\u0131n\u0131 g\u00f6steren bir hik\u00e2ye. Kar\u0131-koca aras\u0131nda ya\u015fanan maceralar, ge\u00e7imsizlikler, \u00e7at\u0131\u015fmalar, kokla\u015fmalar, \u00f6te yandan \u00e7apk\u0131nl\u0131k hik\u00e2yeleri, ka\u00e7g\u00f6\u00e7, \u201cS\u0131tk\u0131 Day\u0131ya Mevl\u00fct\u201d, \u201cAnahtar\u201d, \u201cY\u0131ld\u0131zlar Bar\u0131\u015ft\u0131\u201d, \u201cKavu\u015fan Sevgililer\u201d, \u201cYalanc\u0131 Kolye\u201d, \u201cK\u00f6\u015fkteki Kirac\u0131lar\u0131n Esrar\u0131\u201dnda b\u00fct\u00fcn canl\u0131l\u0131\u011f\u0131 ile ya\u015fat\u0131l\u0131yor. \u201c34 Y\u0131l Evvel Bir Donanma Gecesi\u201d, II. Abd\u00fclhamid\u2019in c\u00fcl\u00fbs y\u0131ld\u00f6n\u00fcmlerinde varl\u0131kl\u0131, n\u00fcfuzlu kimselerin k\u00f6\u015fklerinde, k\u00f6\u015fk bah\u00e7elerinde verdikleri ve donanma diye tarif edilen ak\u015fam e\u011flencelerini anlat\u0131yor. \u201cOtuz Y\u0131l Evvelki Demlerinde\u201d \u00fcst ba\u015fl\u0131\u011f\u0131yla yazd\u0131klar\u0131nda da Galatasaray Sultan\u00eesi ve Mekteb-i Hukuk\u2019taki mektep arkada\u015flar\u0131n\u0131n ve baz\u0131 hocalar\u0131n\u0131n portrelerini kaleme al\u0131yor. Daha sonralar\u0131 edebiyat\u00e7\u0131, futbolcu, jimnastik\u00e7i, hekim olacak arkada\u015flar\u0131ndan \u0130zzet Melih\u2019i, Ali Sami\u2019yi, \u015eevki\u2019yi, Aziz Fikret\u2019i burada tan\u0131yoruz. Pek \u00e7ok yaz\u0131s\u0131nda bahsi ge\u00e7ecek \u0130stanbul\u2019un me\u015fhur simalar\u0131ndan \u0130pek\u00e7i K\u00e2ni, Di\u015f\u00e7i Sami G\u00fcnzberg, Dr. Mahmud Ata, Ahmet Faruk\u00ee, Nemseli Anna, Mekteb-i Hukuk hocalar\u0131ndan Z\u00fcht\u00fc Bey\u2019in portreleri de bu ba\u015fl\u0131k alt\u0131nda yer al\u0131yor.\u201cBo\u011fazi\u00e7i Uykuda\u201d yaz\u0131s\u0131, Kad\u0131k\u00f6y, G\u00f6ztepe, Bo\u011fazi\u00e7i semtlerini, Sar\u0131yer\u2019in sular\u0131n\u0131, Bebek koyunun, Kanl\u0131ca k\u00f6rfezinin sazl\u0131 mehtap safalar\u0131n\u0131 anlatmas\u0131; yazar\u0131n Bo\u011fazi\u00e7i\u2019ne hayranl\u0131\u011f\u0131n\u0131n as\u0131l sebebinin kay\u0131k, vapur merak\u0131ndan kaynakland\u0131\u011f\u0131n\u0131 g\u00f6stermesi bak\u0131m\u0131ndan bu kitab\u0131n ad\u0131 oluverdi.<\/p>\n","protected":false},"excerpt":{"rendered":"<p>Sermet Muhtar Alus\u2019un Akbaba\u2019daki yaz\u0131lar\u0131 onun b\u00fct\u00fcn yaz\u0131 hayat\u0131n\u0131n bir hulasas\u0131 gibidir. Eski \u0130stanbul hat\u0131ralar\u0131yla \u00f6r\u00fcl\u00fc f\u0131kralar\u0131ndan, portrelerinden, k\u00fc\u00e7\u00fck hik\u00e2ye, piyes ve r\u00f6portajlar\u0131na kadar me\u015fgul oldu\u011fu<span class=\"excerpt-hellip\"> [\u2026]<\/span><\/p>\n","protected":false},"featured_media":0,"template":"","meta":{"_monsterinsights_skip_tracking":false,"_monsterinsights_sitenote_active":false,"_monsterinsights_sitenote_note":"","_monsterinsights_sitenote_category":0},"product_brand":[],"product_cat":[12777,12291],"product_tag":[],"class_list":{"0":"post-759850","1":"product","2":"type-product","3":"status-publish","5":"product_cat-deneme","6":"product_cat-edebiyat","7":"pa_cilt-ciltsiz","8":"pa_tur-kitap","9":"pa_yayinevi-otuken-nesriyat","10":"pa_yazar-sermet-muhtar-alus","12":"first","13":"instock","14":"sale","15":"shipping-taxable","16":"purchasable","17":"product-type-simple"},"_links":{"self":[{"href":"https:\/\/roveyayinevi.com.tr\/index.php\/wp-json\/wp\/v2\/product\/759850","targetHints":{"allow":["GET"]}}],"collection":[{"href":"https:\/\/roveyayinevi.com.tr\/index.php\/wp-json\/wp\/v2\/product"}],"about":[{"href":"https:\/\/roveyayinevi.com.tr\/index.php\/wp-json\/wp\/v2\/types\/product"}],"wp:attachment":[{"href":"https:\/\/roveyayinevi.com.tr\/index.php\/wp-json\/wp\/v2\/media?parent=759850"}],"wp:term":[{"taxonomy":"product_brand","embeddable":true,"href":"https:\/\/roveyayinevi.com.tr\/index.php\/wp-json\/wp\/v2\/product_brand?post=759850"},{"taxonomy":"product_cat","embeddable":true,"href":"https:\/\/roveyayinevi.com.tr\/index.php\/wp-json\/wp\/v2\/product_cat?post=759850"},{"taxonomy":"product_tag","embeddable":true,"href":"https:\/\/roveyayinevi.com.tr\/index.php\/wp-json\/wp\/v2\/product_tag?post=759850"}],"curies":[{"name":"wp","href":"https:\/\/api.w.org\/{rel}","templated":true}]}}