{"id":759847,"date":"2025-08-28T08:47:03","date_gmt":"2025-08-28T05:47:03","guid":{"rendered":"https:\/\/roveyayinevi.com.tr\/index.php\/urun\/amidanin-ruhu\/"},"modified":"2026-04-16T03:12:56","modified_gmt":"2026-04-16T00:12:56","slug":"amidanin-ruhu","status":"publish","type":"product","link":"https:\/\/roveyayinevi.com.tr\/index.php\/urun\/amidanin-ruhu\/","title":{"rendered":"Amida&#8217;n\u0131n Ruhu"},"content":{"rendered":"<p>Ermenice ismi Amida ya da Dikranagerd, K\u00fcrt\u00e7e ismi Amed olan Diyarbak\u0131r\u2019da do\u011fup b\u00fcy\u00fcyen Silva \u00d6zyerli, Diyarbak\u0131rl\u0131 H\u0131ristiyanlar\u0131n yok olmaya y\u00fcz tutmu\u015f lik\u00f6r kurma k\u00fclt\u00fcr\u00fcn\u00fc zengin bir anlat\u0131yla okurlara sunuyor. \u00d6zyerli\u2019nin haf\u0131zas\u0131nda canlanan Diyarbak\u0131r hik\u00e2yeleri, yazar\u0131n uzun y\u0131llara dayanan ara\u015ft\u0131rmalar\u0131n\u0131n ve tecr\u00fcbelerinin meyvesi olan e\u015fsiz lik\u00f6r tariflerine e\u015flik ediyor. Amida\u2019n\u0131n Ruhu: Diyarbak\u0131r\u2019dan \u0130stanbul\u2019a Lik\u00f6rl\u00fc Hayat, lik\u00f6r\u00fcn co\u011frafi ve tarihsel hik\u00e2yesine \u0131\u015f\u0131k tutarken, Diyarbak\u0131r\u2019\u0131n unutulmu\u015f ge\u00e7mi\u015fini ve insanlar\u0131n\u0131 yeniden g\u00fcn \u0131\u015f\u0131\u011f\u0131na \u00e7\u0131kar\u0131yor. Erkin \u00d6n\u2019\u00fcn foto\u011fraflar\u0131yla zenginle\u015fen, lik\u00f6r yap\u0131m\u0131 ve lik\u00f6r k\u00fclt\u00fcr\u00fc \u00fczerine kapsaml\u0131 bir \u00e7al\u0131\u015fma i\u00e7eren Amida\u2019n\u0131n Ruhu, bu literat\u00fcr\u00fcn nadir \u00f6rneklerinden biri olarak kar\u015f\u0131m\u0131za \u00e7\u0131k\u0131yor.  <\/p>\n","protected":false},"excerpt":{"rendered":"<p>Ermenice ismi Amida ya da Dikranagerd, K\u00fcrt\u00e7e ismi Amed olan Diyarbak\u0131r\u2019da do\u011fup b\u00fcy\u00fcyen Silva \u00d6zyerli, Diyarbak\u0131rl\u0131 H\u0131ristiyanlar\u0131n yok olmaya y\u00fcz tutmu\u015f lik\u00f6r kurma k\u00fclt\u00fcr\u00fcn\u00fc zengin bir<span class=\"excerpt-hellip\"> [\u2026]<\/span><\/p>\n","protected":false},"featured_media":0,"template":"","meta":{"_monsterinsights_skip_tracking":false,"_monsterinsights_sitenote_active":false,"_monsterinsights_sitenote_note":"","_monsterinsights_sitenote_category":0},"product_brand":[],"product_cat":[12370,12304],"product_tag":[],"class_list":{"0":"post-759847","1":"product","2":"type-product","3":"status-publish","5":"product_cat-arastirma-inceleme","6":"product_cat-tarih","7":"pa_cilt-ciltsiz","8":"pa_tur-kitap","9":"pa_yayinevi-aras-yayinlari","10":"pa_yazar-silva-ozyerli","12":"first","13":"instock","14":"sale","15":"shipping-taxable","16":"purchasable","17":"product-type-simple"},"_links":{"self":[{"href":"https:\/\/roveyayinevi.com.tr\/index.php\/wp-json\/wp\/v2\/product\/759847","targetHints":{"allow":["GET"]}}],"collection":[{"href":"https:\/\/roveyayinevi.com.tr\/index.php\/wp-json\/wp\/v2\/product"}],"about":[{"href":"https:\/\/roveyayinevi.com.tr\/index.php\/wp-json\/wp\/v2\/types\/product"}],"wp:attachment":[{"href":"https:\/\/roveyayinevi.com.tr\/index.php\/wp-json\/wp\/v2\/media?parent=759847"}],"wp:term":[{"taxonomy":"product_brand","embeddable":true,"href":"https:\/\/roveyayinevi.com.tr\/index.php\/wp-json\/wp\/v2\/product_brand?post=759847"},{"taxonomy":"product_cat","embeddable":true,"href":"https:\/\/roveyayinevi.com.tr\/index.php\/wp-json\/wp\/v2\/product_cat?post=759847"},{"taxonomy":"product_tag","embeddable":true,"href":"https:\/\/roveyayinevi.com.tr\/index.php\/wp-json\/wp\/v2\/product_tag?post=759847"}],"curies":[{"name":"wp","href":"https:\/\/api.w.org\/{rel}","templated":true}]}}