{"id":759846,"date":"2025-08-28T08:47:02","date_gmt":"2025-08-28T05:47:02","guid":{"rendered":"https:\/\/roveyayinevi.com.tr\/index.php\/urun\/postkolonyalizm\/"},"modified":"2026-04-16T03:12:56","modified_gmt":"2026-04-16T00:12:56","slug":"postkolonyalizm","status":"publish","type":"product","link":"https:\/\/roveyayinevi.com.tr\/index.php\/urun\/postkolonyalizm\/","title":{"rendered":"Postkolonyalizm"},"content":{"rendered":"<p>Derin e\u015fitsizlikler \u00fczerine kurulu bir d\u00fcnyada ya\u015f\u0131yoruz. S\u00f6m\u00fcrgecili\u011fin tasfiyesine ra\u011fmen, eski emperyal devletler, \u00f6nceden h\u00fckmettikleri \u00fclkeler \u00fcst\u00fcndeki egemenliklerini b\u00fcy\u00fck oranda koruyorlar. Postkolonyalizm, s\u00f6m\u00fcrgecilik kar\u015f\u0131t\u0131 m\u00fccadeleyi farkl\u0131 bir bak\u0131\u015f a\u00e7\u0131s\u0131yla, bug\u00fcne uzanan bir izlekte inceliyor; Bat\u0131 egemenli\u011finin eski ve yeni g\u00f6r\u00fcn\u00fcmlerini ele\u015ftirel bir g\u00f6zle ele al\u0131yor. S\u00f6m\u00fcrgecili\u011fe kar\u015f\u0131 m\u00fccadelenin hem tarihini hem temel tart\u0131\u015fmalar\u0131n\u0131 ortaya koyarken d\u00fcnya d\u00fczenine dair d\u00fc\u015f\u00fcncelerimizi de yeni bir perspektife yerle\u015ftiriyor. Robert J.C. Young; ezilen, hor g\u00f6r\u00fclen, bask\u0131 alt\u0131nda ya\u015fayan kad\u0131nlar\u0131n, yurtlar\u0131ndan edilmi\u015f m\u00fcltecilerin, kendi toplumlar\u0131 i\u00e7inde en k\u00fc\u00e7\u00fck d\u00fc\u015f\u00fcr\u00fcc\u00fc \u015fekillerde ya\u015famaya mahk\u00fbm edilenlerin, k\u00fclt\u00fcrleri ve ya\u015fam alanlar\u0131 yok edilen yerli halklar\u0131n, i\u015fgal alt\u0131nda ya\u015fayan Filistinlilerin hayatlar\u0131na dokunuyor. Siyasal, toplumsal ve k\u00fclt\u00fcrel tahakk\u00fcm\u00fcn eski bi\u00e7imleriyle birlikte \u015fimdiki yans\u0131malar\u0131n\u0131 da incelikle dile d\u00f6k\u00fcyor. Geni\u015f bir co\u011frafyaya yay\u0131lan incelemesinde m\u00fczikten edebiyata, s\u00f6m\u00fcrgeci ge\u00e7mi\u015fin kal\u0131nt\u0131lar\u0131n\u0131n nas\u0131l h\u00e2l\u00e2 ayakta kalabildi\u011fini sorguluyor ve en \u00e7ok da kendi hayatlar\u0131m\u0131z\u0131 ve zihinlerimizi s\u00f6m\u00fcrgeci bak\u0131\u015ftan kurtarman\u0131n yollar\u0131n\u0131 ar\u0131yor.<\/p>\n","protected":false},"excerpt":{"rendered":"<p>Derin e\u015fitsizlikler \u00fczerine kurulu bir d\u00fcnyada ya\u015f\u0131yoruz. S\u00f6m\u00fcrgecili\u011fin tasfiyesine ra\u011fmen, eski emperyal devletler, \u00f6nceden h\u00fckmettikleri \u00fclkeler \u00fcst\u00fcndeki egemenliklerini b\u00fcy\u00fck oranda koruyorlar. Postkolonyalizm, s\u00f6m\u00fcrgecilik kar\u015f\u0131t\u0131 m\u00fccadeleyi farkl\u0131<span class=\"excerpt-hellip\"> [\u2026]<\/span><\/p>\n","protected":false},"featured_media":0,"template":"","meta":{"_monsterinsights_skip_tracking":false,"_monsterinsights_sitenote_active":false,"_monsterinsights_sitenote_note":"","_monsterinsights_sitenote_category":0},"product_brand":[],"product_cat":[12337],"product_tag":[],"class_list":{"0":"post-759846","1":"product","2":"type-product","3":"status-publish","5":"product_cat-politika-siyaset","6":"pa_cilt-ciltsiz","7":"pa_tur-kitap","8":"pa_yayinevi-iletisim-yayinlari","9":"pa_yazar-robert-j-c-young","11":"first","12":"instock","13":"sale","14":"shipping-taxable","15":"purchasable","16":"product-type-simple"},"_links":{"self":[{"href":"https:\/\/roveyayinevi.com.tr\/index.php\/wp-json\/wp\/v2\/product\/759846","targetHints":{"allow":["GET"]}}],"collection":[{"href":"https:\/\/roveyayinevi.com.tr\/index.php\/wp-json\/wp\/v2\/product"}],"about":[{"href":"https:\/\/roveyayinevi.com.tr\/index.php\/wp-json\/wp\/v2\/types\/product"}],"wp:attachment":[{"href":"https:\/\/roveyayinevi.com.tr\/index.php\/wp-json\/wp\/v2\/media?parent=759846"}],"wp:term":[{"taxonomy":"product_brand","embeddable":true,"href":"https:\/\/roveyayinevi.com.tr\/index.php\/wp-json\/wp\/v2\/product_brand?post=759846"},{"taxonomy":"product_cat","embeddable":true,"href":"https:\/\/roveyayinevi.com.tr\/index.php\/wp-json\/wp\/v2\/product_cat?post=759846"},{"taxonomy":"product_tag","embeddable":true,"href":"https:\/\/roveyayinevi.com.tr\/index.php\/wp-json\/wp\/v2\/product_tag?post=759846"}],"curies":[{"name":"wp","href":"https:\/\/api.w.org\/{rel}","templated":true}]}}