{"id":759844,"date":"2025-08-28T08:46:59","date_gmt":"2025-08-28T05:46:59","guid":{"rendered":"https:\/\/roveyayinevi.com.tr\/index.php\/urun\/her-seye-ragmen-gulmek\/"},"modified":"2026-04-02T03:24:05","modified_gmt":"2026-04-02T00:24:05","slug":"her-seye-ragmen-gulmek","status":"publish","type":"product","link":"https:\/\/roveyayinevi.com.tr\/index.php\/urun\/her-seye-ragmen-gulmek\/","title":{"rendered":"Her \u015eeye Ra\u011fmen G\u00fclmek"},"content":{"rendered":"<p>Mizah hem i\u00e7inde ya\u015fad\u0131\u011f\u0131m\u0131z d\u00fcnyayla hem kendimizle aram\u0131za mesafe koymam\u0131z\u0131 ve fikirlerimizi sorgulamam\u0131z\u0131 sa\u011flar. Fanatizme kar\u015f\u0131 g\u00fc\u00e7l\u00fc bir silah olmakla kalmaz, \u00f6zg\u00fcr d\u00fc\u015f\u00fcncenin geli\u015fimi i\u00e7in de vazge\u00e7ilmez \u00f6nko\u015fuldur. Felsefeci Yves Bossart Her \u015eeye Ra\u011fmen G\u00fclmek\u2019te okuru mizah\u0131n d\u00fc\u015f\u00fcnce d\u00fcnyas\u0131nda zihin a\u00e7\u0131c\u0131 bir ke\u015fif yolculu\u011funa \u00e7\u0131kar\u0131yor. Neden ve neye g\u00fcleriz? G\u00fcld\u00fc\u011f\u00fcm\u00fczde v\u00fccudumuzda ve ruhumuzda neler olur? Komiklik zevkten zevke de\u011fi\u015fir mi? Mizah\u0131n etik s\u0131n\u0131rlar\u0131 var m\u0131d\u0131r? Her \u015feye ra\u011fmen g\u00fclmek ne demektir? Bu ve benzeri sorulara cevap arayan yazar, g\u00fclmenin hayat\u0131m\u0131zdaki yerini ve de\u011ferini anlamak isteyen okura yol g\u00f6sterici bir rehber sunuyor. \u201cKomiklik, \u015faka ve espri, \u00e7o\u011fu zaman \u00f6l\u00e7\u00fcy\u00fc ka\u00e7\u0131rman\u0131n oyuncu halleridir. Sa\u011fl\u0131kl\u0131 zihnin ve terbiyenin kurallar\u0131 bir anl\u0131\u011f\u0131na rafa kald\u0131r\u0131l\u0131r, ki bu rahatlat\u0131c\u0131 ve \u00f6zg\u00fcrle\u015ftiricidir.\u201d<\/p>\n","protected":false},"excerpt":{"rendered":"<p>Mizah hem i\u00e7inde ya\u015fad\u0131\u011f\u0131m\u0131z d\u00fcnyayla hem kendimizle aram\u0131za mesafe koymam\u0131z\u0131 ve fikirlerimizi sorgulamam\u0131z\u0131 sa\u011flar. Fanatizme kar\u015f\u0131 g\u00fc\u00e7l\u00fc bir silah olmakla kalmaz, \u00f6zg\u00fcr d\u00fc\u015f\u00fcncenin geli\u015fimi i\u00e7in de<span class=\"excerpt-hellip\"> [\u2026]<\/span><\/p>\n","protected":false},"featured_media":0,"template":"","meta":{"_monsterinsights_skip_tracking":false,"_monsterinsights_sitenote_active":false,"_monsterinsights_sitenote_note":"","_monsterinsights_sitenote_category":0},"product_brand":[],"product_cat":[12388],"product_tag":[],"class_list":{"0":"post-759844","1":"product","2":"type-product","3":"status-publish","5":"product_cat-felsefe","6":"pa_cilt-ciltsiz","7":"pa_tur-kitap","8":"pa_yayinevi-iletisim-yayinlari","9":"pa_yazar-yves-bossart","11":"first","12":"instock","13":"sale","14":"shipping-taxable","15":"purchasable","16":"product-type-simple"},"_links":{"self":[{"href":"https:\/\/roveyayinevi.com.tr\/index.php\/wp-json\/wp\/v2\/product\/759844","targetHints":{"allow":["GET"]}}],"collection":[{"href":"https:\/\/roveyayinevi.com.tr\/index.php\/wp-json\/wp\/v2\/product"}],"about":[{"href":"https:\/\/roveyayinevi.com.tr\/index.php\/wp-json\/wp\/v2\/types\/product"}],"wp:attachment":[{"href":"https:\/\/roveyayinevi.com.tr\/index.php\/wp-json\/wp\/v2\/media?parent=759844"}],"wp:term":[{"taxonomy":"product_brand","embeddable":true,"href":"https:\/\/roveyayinevi.com.tr\/index.php\/wp-json\/wp\/v2\/product_brand?post=759844"},{"taxonomy":"product_cat","embeddable":true,"href":"https:\/\/roveyayinevi.com.tr\/index.php\/wp-json\/wp\/v2\/product_cat?post=759844"},{"taxonomy":"product_tag","embeddable":true,"href":"https:\/\/roveyayinevi.com.tr\/index.php\/wp-json\/wp\/v2\/product_tag?post=759844"}],"curies":[{"name":"wp","href":"https:\/\/api.w.org\/{rel}","templated":true}]}}