{"id":759842,"date":"2025-08-28T08:46:55","date_gmt":"2025-08-28T05:46:55","guid":{"rendered":"https:\/\/roveyayinevi.com.tr\/index.php\/urun\/istanbulda-kedi\/"},"modified":"2026-04-16T03:12:56","modified_gmt":"2026-04-16T00:12:56","slug":"istanbulda-kedi","status":"publish","type":"product","link":"https:\/\/roveyayinevi.com.tr\/index.php\/urun\/istanbulda-kedi\/","title":{"rendered":"\u0130stanbul&#8217;da Kedi"},"content":{"rendered":"<p>\u201cB\u00f6yle ka\u00e7 \u015fehir var?\u0130stanbul kedilerin Kediler \u0130stanbul\u2019un sahibi. Zaten Anadolu de\u011fil mi Felis silvestris catus\u2019un Ehlile\u015fmesinin k\u00f6keni?\u201d G\u00fcnd\u00fcz Vassaf, en eski zamanlardan beri insanlarla bir arada ya\u015fayan kedileri, ama en \u00e7ok da \u0130stanbul kedilerini kendine \u00f6zg\u00fc \u00fcslubuyla anlat\u0131yor. Etrafl\u0131 bir merak, ilgi ve g\u00f6zlemin \u00fcr\u00fcn\u00fc olan, d\u00fc\u015f g\u00fcc\u00fcn\u00fcn s\u0131n\u0131rlar\u0131n\u0131 zorlayan \u0130stanbul\u2019da Kedi\u2019nin hemen her sat\u0131r\u0131 mitoloji, tarihsel ger\u00e7eklik, hiciv, mizah, dram ve sorgulamalarla dopdolu. \u0130stanbul\u2019un kedilerinin e\u015fli\u011finde hem kedilerin hem \u0130stanbul\u2019un derinliklerine uzanan alegorik ve masals\u0131, g\u00f6rsellerle zenginle\u015fen bir \u015fiir roman&#8230;<\/p>\n","protected":false},"excerpt":{"rendered":"<p>\u201cB\u00f6yle ka\u00e7 \u015fehir var?\u0130stanbul kedilerin Kediler \u0130stanbul\u2019un sahibi. Zaten Anadolu de\u011fil mi Felis silvestris catus\u2019un Ehlile\u015fmesinin k\u00f6keni?\u201d G\u00fcnd\u00fcz Vassaf, en eski zamanlardan beri insanlarla bir arada<span class=\"excerpt-hellip\"> [\u2026]<\/span><\/p>\n","protected":false},"featured_media":0,"template":"","meta":{"_monsterinsights_skip_tracking":false,"_monsterinsights_sitenote_active":false,"_monsterinsights_sitenote_note":"","_monsterinsights_sitenote_category":0},"product_brand":[],"product_cat":[12291,12711],"product_tag":[],"class_list":{"0":"post-759842","1":"product","2":"type-product","3":"status-publish","5":"product_cat-edebiyat","6":"product_cat-roman-oyku","7":"pa_cilt-ciltsiz","8":"pa_tur-kitap","9":"pa_yayinevi-iletisim-yayinlari","10":"pa_yazar-gunduz-vassaf","12":"first","13":"instock","14":"sale","15":"shipping-taxable","16":"purchasable","17":"product-type-simple"},"_links":{"self":[{"href":"https:\/\/roveyayinevi.com.tr\/index.php\/wp-json\/wp\/v2\/product\/759842","targetHints":{"allow":["GET"]}}],"collection":[{"href":"https:\/\/roveyayinevi.com.tr\/index.php\/wp-json\/wp\/v2\/product"}],"about":[{"href":"https:\/\/roveyayinevi.com.tr\/index.php\/wp-json\/wp\/v2\/types\/product"}],"wp:attachment":[{"href":"https:\/\/roveyayinevi.com.tr\/index.php\/wp-json\/wp\/v2\/media?parent=759842"}],"wp:term":[{"taxonomy":"product_brand","embeddable":true,"href":"https:\/\/roveyayinevi.com.tr\/index.php\/wp-json\/wp\/v2\/product_brand?post=759842"},{"taxonomy":"product_cat","embeddable":true,"href":"https:\/\/roveyayinevi.com.tr\/index.php\/wp-json\/wp\/v2\/product_cat?post=759842"},{"taxonomy":"product_tag","embeddable":true,"href":"https:\/\/roveyayinevi.com.tr\/index.php\/wp-json\/wp\/v2\/product_tag?post=759842"}],"curies":[{"name":"wp","href":"https:\/\/api.w.org\/{rel}","templated":true}]}}