{"id":759841,"date":"2025-08-28T08:46:53","date_gmt":"2025-08-28T05:46:53","guid":{"rendered":"https:\/\/roveyayinevi.com.tr\/index.php\/urun\/bogazicinde-balik\/"},"modified":"2026-04-16T03:12:56","modified_gmt":"2026-04-16T00:12:56","slug":"bogazicinde-balik","status":"publish","type":"product","link":"https:\/\/roveyayinevi.com.tr\/index.php\/urun\/bogazicinde-balik\/","title":{"rendered":"Bo\u011fazi\u00e7i&#8217;nde Bal\u0131k"},"content":{"rendered":"<p>\u201c\u0130stanbul y\u0131llard\u0131r bir simge aray\u0131\u015f\u0131nda. Bunun i\u00e7in reklam \u015firketlerine bile sipari\u015f veriyor g\u00fcn\u00fcm\u00fcz\u00fcn akl\u0131evvel politikac\u0131lar\u0131. Lale mi olsun, K\u0131z Kulesi mi? Bo\u011faz K\u00f6pr\u00fcs\u00fc m\u00fc? Sultanahmet ya da S\u00fcleymaniye gibi camiler, Topkap\u0131 gibi saraylar ve Ayasofya var aday olarak. Olanlarla yetinmeyip \u00e7\u0131lg\u0131n projeleriyle \u015fehre damga vurmak isteyenler de var. Oysa \u015fehir neredeyse kurulur kurulmaz simgesiyle bulu\u015fmu\u015f. Onu sikkelerine basm\u0131\u015f&#8230;\u201d G\u00fcnd\u00fcz Vassaf, ustal\u0131kl\u0131 kalemiyle binlerce y\u0131ld\u0131r gelip ge\u00e7en medeniyetleri, h\u00fck\u00fcmdarlar\u0131, devletleri, insanlar\u0131 seyreden Bo\u011faz\u2019\u0131n bal\u0131klar\u0131n\u0131 anlat\u0131yor bu kez. Bo\u011fazi\u00e7i\u2019nde Bal\u0131k\u2019taki k\u00e2h e\u011flenceli k\u00e2h h\u00fcz\u00fcnl\u00fc, k\u00e2h \u015fiirli k\u00e2h mitolojik \u00f6yk\u00fclerde ger\u00e7ek ve kurmaca i\u00e7 i\u00e7e ge\u00e7ip okuru hem zamani\u00e7i hem zamand\u0131\u015f\u0131 bir ser\u00fcvene davet ediyor. Resimler, \u00e7izimler e\u015fli\u011finde Bo\u011faz\u2019\u0131n enginliklerine ve derinliklerine d\u00fc\u015fsel bir yolculuk\u2026<\/p>\n","protected":false},"excerpt":{"rendered":"<p>\u201c\u0130stanbul y\u0131llard\u0131r bir simge aray\u0131\u015f\u0131nda. Bunun i\u00e7in reklam \u015firketlerine bile sipari\u015f veriyor g\u00fcn\u00fcm\u00fcz\u00fcn akl\u0131evvel politikac\u0131lar\u0131. Lale mi olsun, K\u0131z Kulesi mi? Bo\u011faz K\u00f6pr\u00fcs\u00fc m\u00fc? Sultanahmet ya<span class=\"excerpt-hellip\"> [\u2026]<\/span><\/p>\n","protected":false},"featured_media":0,"template":"","meta":{"_monsterinsights_skip_tracking":false,"_monsterinsights_sitenote_active":false,"_monsterinsights_sitenote_note":"","_monsterinsights_sitenote_category":0},"product_brand":[],"product_cat":[12291,18202],"product_tag":[],"class_list":{"0":"post-759841","1":"product","2":"type-product","3":"status-publish","5":"product_cat-edebiyat","6":"product_cat-hikaye","7":"pa_cilt-ciltsiz","8":"pa_tur-kitap","9":"pa_yayinevi-iletisim-yayinlari","10":"pa_yazar-gunduz-vassaf","12":"first","13":"instock","14":"sale","15":"shipping-taxable","16":"purchasable","17":"product-type-simple"},"_links":{"self":[{"href":"https:\/\/roveyayinevi.com.tr\/index.php\/wp-json\/wp\/v2\/product\/759841","targetHints":{"allow":["GET"]}}],"collection":[{"href":"https:\/\/roveyayinevi.com.tr\/index.php\/wp-json\/wp\/v2\/product"}],"about":[{"href":"https:\/\/roveyayinevi.com.tr\/index.php\/wp-json\/wp\/v2\/types\/product"}],"wp:attachment":[{"href":"https:\/\/roveyayinevi.com.tr\/index.php\/wp-json\/wp\/v2\/media?parent=759841"}],"wp:term":[{"taxonomy":"product_brand","embeddable":true,"href":"https:\/\/roveyayinevi.com.tr\/index.php\/wp-json\/wp\/v2\/product_brand?post=759841"},{"taxonomy":"product_cat","embeddable":true,"href":"https:\/\/roveyayinevi.com.tr\/index.php\/wp-json\/wp\/v2\/product_cat?post=759841"},{"taxonomy":"product_tag","embeddable":true,"href":"https:\/\/roveyayinevi.com.tr\/index.php\/wp-json\/wp\/v2\/product_tag?post=759841"}],"curies":[{"name":"wp","href":"https:\/\/api.w.org\/{rel}","templated":true}]}}