{"id":759840,"date":"2025-08-28T08:46:51","date_gmt":"2025-08-28T05:46:51","guid":{"rendered":"https:\/\/roveyayinevi.com.tr\/index.php\/urun\/hadeste-bir-gece\/"},"modified":"2026-04-16T03:12:56","modified_gmt":"2026-04-16T00:12:56","slug":"hadeste-bir-gece","status":"publish","type":"product","link":"https:\/\/roveyayinevi.com.tr\/index.php\/urun\/hadeste-bir-gece\/","title":{"rendered":"Hades\u2019te Bir Gece"},"content":{"rendered":"<p>O\u011fuz \u0130nel\u2019in bu kurmaca s\u00f6yle\u015fisinde bir fizik\u00e7i bir gece kendisini \u201c\u00f6teki d\u00fcnyada\u201d biriyle s\u00f6yle\u015firken buluyor. Tanr\u0131, inan\u00e7 ve benlik, varl\u0131k ve hi\u00e7lik, \u00f6zg\u00fcrl\u00fck ve zorunluluk, dolay\u0131s\u0131yla etik, zaman ve ya\u015fam gibi felsefi temalar \u00e7e\u015fitli d\u00fc\u015f\u00fcn\u00fcrlerle diyalog i\u00e7inde ele al\u0131n\u0131yor. Bu konular \u00fcst\u00fcne d\u00fc\u015f\u00fcnmek ve farkl\u0131 g\u00f6r\u00fc\u015flerle kar\u015f\u0131la\u015fmak isteyen okurlar\u0131n zevkle okuyaca\u011f\u0131na inan\u0131yoruz.   <\/p>\n","protected":false},"excerpt":{"rendered":"<p>O\u011fuz \u0130nel\u2019in bu kurmaca s\u00f6yle\u015fisinde bir fizik\u00e7i bir gece kendisini \u201c\u00f6teki d\u00fcnyada\u201d biriyle s\u00f6yle\u015firken buluyor. Tanr\u0131, inan\u00e7 ve benlik, varl\u0131k ve hi\u00e7lik, \u00f6zg\u00fcrl\u00fck ve zorunluluk, dolay\u0131s\u0131yla<span class=\"excerpt-hellip\"> [\u2026]<\/span><\/p>\n","protected":false},"featured_media":0,"template":"","meta":{"_monsterinsights_skip_tracking":false,"_monsterinsights_sitenote_active":false,"_monsterinsights_sitenote_note":"","_monsterinsights_sitenote_category":0},"product_brand":[],"product_cat":[12388],"product_tag":[],"class_list":{"0":"post-759840","1":"product","2":"type-product","3":"status-publish","5":"product_cat-felsefe","6":"pa_cilt-ciltsiz","7":"pa_tur-kitap","8":"pa_yayinevi-metis-yayinlari","9":"pa_yazar-oguz-inel","11":"first","12":"instock","13":"sale","14":"shipping-taxable","15":"purchasable","16":"product-type-simple"},"_links":{"self":[{"href":"https:\/\/roveyayinevi.com.tr\/index.php\/wp-json\/wp\/v2\/product\/759840","targetHints":{"allow":["GET"]}}],"collection":[{"href":"https:\/\/roveyayinevi.com.tr\/index.php\/wp-json\/wp\/v2\/product"}],"about":[{"href":"https:\/\/roveyayinevi.com.tr\/index.php\/wp-json\/wp\/v2\/types\/product"}],"wp:attachment":[{"href":"https:\/\/roveyayinevi.com.tr\/index.php\/wp-json\/wp\/v2\/media?parent=759840"}],"wp:term":[{"taxonomy":"product_brand","embeddable":true,"href":"https:\/\/roveyayinevi.com.tr\/index.php\/wp-json\/wp\/v2\/product_brand?post=759840"},{"taxonomy":"product_cat","embeddable":true,"href":"https:\/\/roveyayinevi.com.tr\/index.php\/wp-json\/wp\/v2\/product_cat?post=759840"},{"taxonomy":"product_tag","embeddable":true,"href":"https:\/\/roveyayinevi.com.tr\/index.php\/wp-json\/wp\/v2\/product_tag?post=759840"}],"curies":[{"name":"wp","href":"https:\/\/api.w.org\/{rel}","templated":true}]}}