{"id":759837,"date":"2025-08-28T08:46:46","date_gmt":"2025-08-28T05:46:46","guid":{"rendered":"https:\/\/roveyayinevi.com.tr\/index.php\/urun\/olu-yiyiciler\/"},"modified":"2026-04-16T03:12:56","modified_gmt":"2026-04-16T00:12:56","slug":"olu-yiyiciler","status":"publish","type":"product","link":"https:\/\/roveyayinevi.com.tr\/index.php\/urun\/olu-yiyiciler\/","title":{"rendered":"\u00d6l\u00fc Yiyiciler"},"content":{"rendered":"<p>\u2026Bu kitaptaki canavarlar\u0131n ve tarih boyunca g\u00f6r\u00fclen yamyaml\u0131k vakalar\u0131n\u0131n da ortaya koydu\u011fu \u00fczere, bizler de besin zincirinin bir par\u00e7as\u0131y\u0131z. Par\u00e7alara ayr\u0131l\u0131p yenebilece\u011fimiz, sindirilebilece\u011fimiz ve d\u0131\u015fk\u0131lanabilece\u011fimiz ger\u00e7e\u011finden rahats\u0131z oluyor ve bunu korkutucu buluyoruz. B\u00f6ylece bunu wendigolar\u0131n, hortlaklar\u0131n, aswanglar\u0131n ve di\u011fer \u015feytani yarat\u0131klar\u0131n yapt\u0131\u011f\u0131n\u0131 hayal ediyor, onlar\u0131 kendimizden uzakla\u015ft\u0131r\u0131yor, bu durumu daha az ger\u00e7ek k\u0131l\u0131yor (ya da en az\u0131ndan ba\u015fkas\u0131n\u0131n ba\u015f\u0131na geldi\u011fini hayal ediyoruz, kendimizin de\u011fil) ve ayn\u0131 anda da yamyam katilleri \u00fcnl\u00fc konumuna y\u00fcceltiyoruz (kendimizden uzakla\u015ft\u0131r\u0131yoruz). Yamyaml\u0131\u011f\u0131n nadir oldu\u011funu, hortlaklar\u0131n, aswanglar\u0131n ve wendigolar\u0131n art\u0131k var olmad\u0131\u011f\u0131n\u0131 d\u00fc\u015f\u00fcnerek rahatl\u0131yoruz. Ancak di\u011fer t\u00fcm ceset yiyiciler gibi, onlar da g\u00f6lgelerde saklan\u0131yor, geri d\u00f6nmek ve korkular\u0131m\u0131z\u0131 k\u00f6r\u00fcklemek i\u00e7in f\u0131rsat kolluyorlar. D\u00fcnya \u00fczerindeki her k\u00fclt\u00fcrde, insan yiyen canavarlara dair anlat\u0131lara tan\u0131k oluruz. Grendel\u2019den orta\u00e7a\u011fda bir yamyam olan Sawney Bean\u2019e; antik \u0130ran\u2019daki gulyabanilerden Teksas Katliam\u0131\u2019na kadar, bu varl\u0131klar\u0131n insanlar\u0131 yedi\u011fi her hik\u00e2ye, evrensel ve bir o kadar da korkutucu nitelikler ta\u015f\u0131r. Bu kitapta Kevin J. Wetmore Jr., hortlaklar, yamyamlar, wendigolar ve insan etiyle ziyafet \u00e7ekmeyi seven di\u011fer varl\u0131klar da dahil olmak \u00fczere \u00f6l\u00fc yiyen canavarlar\u0131n tamam\u0131na yer veriyor. Mitolojiden ba\u015flayarak tarihe ve \u00e7a\u011fda\u015f pop\u00fcler k\u00fclt\u00fcre y\u00f6nelen Wetmore, antik Yunan tanr\u0131lar\u0131n\u0131n insanlarla beslenme hik\u00e2yelerinden, Tibet\u2019teki g\u00f6ky\u00fcz\u00fc cenazelerine; Zerd\u00fc\u015ftl\u00fckten modern toplumlardaki ger\u00e7ek yamyaml\u0131k vakalar\u0131na kadar g\u00f6r\u00fcn\u00fc\u015fte insanl\u0131k d\u0131\u015f\u0131 olan bu eylemleri inceleyerek \u00d6l\u00fc Yiyiciler\u2019de, ceset yiyenlerin bizlere insan do\u011fas\u0131 ve en derin korkular\u0131m\u0131za dair pek \u00e7ok \u015fey \u00f6\u011fretebilece\u011fini ortaya koyuyor. \u201cWetmore, temel bir geri d\u00f6n\u00fc\u015f\u00fcm niteli\u011finde olan yamyaml\u0131\u011f\u0131n etkileyici hikayesini kaleme alm\u0131\u015f. Bir canl\u0131n\u0131n kendi t\u00fcr\u00fcn\u00fc yemesinin tabu olan bu tarihi, g\u00f6rmezden gelinemeyecek ya da haf\u0131zalardan silinemeyecek bir enkaz niteli\u011finde. Eser iki boyutlu; yaln\u0131zca bizlerde kal\u0131tsal olarak bulunan yenme korkusunu de\u011fil, ayn\u0131 zamanda kendimizin de birer yamyam olma potansiyeline dair kayg\u0131m\u0131z\u0131 da irdeliyor. Yenip yutulmas\u0131 gereken bir tiksinti ziyafeti, huzursuzluk yaratan bir s\u00f6ylev.\u201d Del Howison, \u00f6d\u00fcll\u00fc edit\u00f6r, Dark Delicacies\u2019in sahibi. <\/p>\n","protected":false},"excerpt":{"rendered":"<p>\u2026Bu kitaptaki canavarlar\u0131n ve tarih boyunca g\u00f6r\u00fclen yamyaml\u0131k vakalar\u0131n\u0131n da ortaya koydu\u011fu \u00fczere, bizler de besin zincirinin bir par\u00e7as\u0131y\u0131z. Par\u00e7alara ayr\u0131l\u0131p yenebilece\u011fimiz, sindirilebilece\u011fimiz ve d\u0131\u015fk\u0131lanabilece\u011fimiz ger\u00e7e\u011finden<span class=\"excerpt-hellip\"> [\u2026]<\/span><\/p>\n","protected":false},"featured_media":0,"template":"","meta":{"_monsterinsights_skip_tracking":false,"_monsterinsights_sitenote_active":false,"_monsterinsights_sitenote_note":"","_monsterinsights_sitenote_category":0},"product_brand":[],"product_cat":[13548,12408],"product_tag":[],"class_list":{"0":"post-759837","1":"product","2":"type-product","3":"status-publish","5":"product_cat-kuram","6":"product_cat-sanat","7":"pa_cilt-ciltsiz","8":"pa_tur-kitap","9":"pa_yayinevi-ayrinti-yayinlari","10":"pa_yazar-kevin-j-wetmore-jr","12":"first","13":"instock","14":"sale","15":"shipping-taxable","16":"purchasable","17":"product-type-simple"},"_links":{"self":[{"href":"https:\/\/roveyayinevi.com.tr\/index.php\/wp-json\/wp\/v2\/product\/759837","targetHints":{"allow":["GET"]}}],"collection":[{"href":"https:\/\/roveyayinevi.com.tr\/index.php\/wp-json\/wp\/v2\/product"}],"about":[{"href":"https:\/\/roveyayinevi.com.tr\/index.php\/wp-json\/wp\/v2\/types\/product"}],"wp:attachment":[{"href":"https:\/\/roveyayinevi.com.tr\/index.php\/wp-json\/wp\/v2\/media?parent=759837"}],"wp:term":[{"taxonomy":"product_brand","embeddable":true,"href":"https:\/\/roveyayinevi.com.tr\/index.php\/wp-json\/wp\/v2\/product_brand?post=759837"},{"taxonomy":"product_cat","embeddable":true,"href":"https:\/\/roveyayinevi.com.tr\/index.php\/wp-json\/wp\/v2\/product_cat?post=759837"},{"taxonomy":"product_tag","embeddable":true,"href":"https:\/\/roveyayinevi.com.tr\/index.php\/wp-json\/wp\/v2\/product_tag?post=759837"}],"curies":[{"name":"wp","href":"https:\/\/api.w.org\/{rel}","templated":true}]}}