{"id":759836,"date":"2025-08-28T08:46:45","date_gmt":"2025-08-28T05:46:45","guid":{"rendered":"https:\/\/roveyayinevi.com.tr\/index.php\/urun\/devrim-2\/"},"modified":"2026-04-16T03:12:56","modified_gmt":"2026-04-16T00:12:56","slug":"devrim-2","status":"publish","type":"product","link":"https:\/\/roveyayinevi.com.tr\/index.php\/urun\/devrim-2\/","title":{"rendered":"Devrim"},"content":{"rendered":"<p>Bu kitap on dokuzuncu ve yirminci y\u00fczy\u0131l devrimlerinin tarihini, ba\u015fka bir\u00e7o\u011funun yan\u0131 s\u0131ra Marx\u2019\u0131n \u201ctarihin lokomotiflerini\u201d, Aleksandra Kollontay\u2019\u0131n cinsel a\u00e7\u0131dan \u00f6zg\u00fcrle\u015fmi\u015f bedenlerini, Lenin\u2019in mumyalanm\u0131\u015f bedenini, Auguste Blanqui\u2019nin barikatlar\u0131n\u0131 ve k\u0131z\u0131l bayraklar\u0131n\u0131, Paris Kom\u00fcn\u00fcn\u00fcn Vend\u00f4me S\u00fctununu y\u0131k\u0131\u015f\u0131n\u0131 da i\u00e7eren bir \u201cdiyalektik imgeler\u201d tak\u0131my\u0131ld\u0131z\u0131 olu\u015fturarak yeniden yorumluyor. Marx ve Bakunin\u2019den Luxemburg ve Bol\u015feviklere, Mao ve Ho \u015ei Minh\u2019ten Jos\u00e9 Carlos Mari\u00e1tegui, C.L.R. James ve G\u00fcney\u2019in di\u011fer isyank\u00e2r ruhlar\u0131na, d\u0131\u015flanm\u0131\u015flar ve paryalar olarak \u00e7e\u015fitli devrimci entelekt\u00fcel profilleri \u00e7izerek teorileri, onlar\u0131 ayr\u0131nt\u0131land\u0131ran d\u00fc\u015f\u00fcn\u00fcrlerin varolu\u015fsal g\u00fczerg\u00e2hlar\u0131yla ba\u011flant\u0131land\u0131r\u0131yor. Ve son olarak, devrim ile kom\u00fcnizmin yirminci y\u00fczy\u0131l\u0131n tarihini bu denli derinden bi\u00e7imlendirmi\u015f olan i\u00e7 i\u00e7e ge\u00e7i\u015fini \u00e7\u00f6z\u00fcml\u00fcyor. \u201cParlak ve g\u00fczel. Art\u0131k bu kitap var, onsuz nas\u0131l yapabilmi\u015fiz bilmek zor.\u201d China Mi\u00e9ville \u201cAn\u0131tsal bir ba\u015far\u0131 ve g\u00fcn\u00fcm\u00fcz solu i\u00e7in bir mihenk ta\u015f\u0131 olmal\u0131. Kar\u015f\u0131s\u0131na \u00e7\u0131kan zorlu tarihle y\u00fczle\u015fmeden kapitalizmin \u00f6tesinde bir gelecek in\u015fa edemeyiz.\u201d Neil Vallelly, Jacobin \u201cCapcanl\u0131 bir \u00fcslupla yaz\u0131lm\u0131\u015f, \u00e7arp\u0131c\u0131 ayr\u0131nt\u0131larla ve keskin teorik i\u00e7g\u00f6r\u00fclerle dolu\u2026\u201d Hannah Proctor, Radical Philosophy \u201cYazar ile konunun m\u00fckemmel bir ortakl\u0131\u011f\u0131! Enzo Traverso siyasi tahayy\u00fclde devrimlerin kavramlar\u0131n\u0131n ve imgelerinin zihin buland\u0131ran varl\u0131\u011f\u0131n\u0131n ustal\u0131kla ifade edilmi\u015f bir de\u011ferlendirmesini bize sunmakla en yetenekli Marksist akademisyendir. \u015ea\u015f\u0131rt\u0131c\u0131 akademik uzmanl\u0131\u011f\u0131, \u00e7ok say\u0131da son derece ilgin\u00e7 akt\u00f6r\u00fcn ve d\u00fc\u015f\u00fcn\u00fcr\u00fcn yan\u0131 s\u0131ra on dokuzuncu ve yirminci y\u00fczy\u0131ldan zengin bir malzeme dokusunu a\u00e7\u0131\u011fa \u00e7\u0131karmak \u00fczere \u00e7arp\u0131c\u0131 bir zarafetle sergileniyor. Devrim sofistike ve esnek yorumlar\u0131yla an\u0131tsal bir ilerlemedir; kitap ayn\u0131 zamanda bir romanc\u0131n\u0131n anlat\u0131m g\u00fcc\u00fc ve dramatik co\u015fku konusundaki yetene\u011fiyle tamamlanan, ferahlat\u0131c\u0131 derecede kesin, titizce derli toplu bir anlat\u0131m sanat\u0131nda ustaca bir performanst\u0131r.\u201d Alan Wald, H. Chandler Davis Collegiate Professor Emeritus, University of Michigan \u201cDevrimlerin imgeleri \u00fczerine bu parlak deneme, bu konudaki geni\u015f tarihyaz\u0131msal yaz\u0131nda e\u015fde\u011feri olmayan biricik bir deneydir. Marx\u2019tan, Tro\u00e7ki\u2019den ve Walter Benjamin\u2019den esinlenerek, ge\u00e7mi\u015fi ayd\u0131nlatan lambalar i\u015flevi g\u00f6ren bir diyalektik imgeler montaj\u0131 olarak in\u015fa edilmi\u015ftir. Kendi ku\u015fa\u011f\u0131n\u0131n muhtemelen en yetenekli tarih\u00e7isi olan Enzo Traverso \u201cevrensel meta \u015feyle\u015fmesi ahtapotu\u201d olarak adland\u0131rd\u0131\u011f\u0131 \u015feye kar\u015f\u0131 d\u00fc\u015fmanl\u0131\u011f\u0131n\u0131 gizlemiyor; ge\u00e7mi\u015f devrimleri idealize etmeden, bu b\u00fcy\u00fcleyici ve heterodoks ara\u015ft\u0131rma eserinde tarihsel deneyimin belle\u011fini muhafaza etmek istiyor. Benjamin\u2019i al\u0131nt\u0131layarak: Ge\u00e7mi\u015fin \u00fczerimizde sahip oldu\u011fu iddiay\u0131 g\u00f6rmezden gelemeyiz\u2026\u201d Michael L\u00f6wy <\/p>\n","protected":false},"excerpt":{"rendered":"<p>Bu kitap on dokuzuncu ve yirminci y\u00fczy\u0131l devrimlerinin tarihini, ba\u015fka bir\u00e7o\u011funun yan\u0131 s\u0131ra Marx\u2019\u0131n \u201ctarihin lokomotiflerini\u201d, Aleksandra Kollontay\u2019\u0131n cinsel a\u00e7\u0131dan \u00f6zg\u00fcrle\u015fmi\u015f bedenlerini, Lenin\u2019in mumyalanm\u0131\u015f bedenini, Auguste<span class=\"excerpt-hellip\"> [\u2026]<\/span><\/p>\n","protected":false},"featured_media":0,"template":"","meta":{"_monsterinsights_skip_tracking":false,"_monsterinsights_sitenote_active":false,"_monsterinsights_sitenote_note":"","_monsterinsights_sitenote_category":0},"product_brand":[],"product_cat":[12304],"product_tag":[],"class_list":{"0":"post-759836","1":"product","2":"type-product","3":"status-publish","5":"product_cat-tarih","6":"pa_cilt-ciltsiz","7":"pa_tur-kitap","8":"pa_yayinevi-ayrinti-yayinlari","9":"pa_yazar-enzo-traverso","11":"first","12":"instock","13":"sale","14":"shipping-taxable","15":"purchasable","16":"product-type-simple"},"_links":{"self":[{"href":"https:\/\/roveyayinevi.com.tr\/index.php\/wp-json\/wp\/v2\/product\/759836","targetHints":{"allow":["GET"]}}],"collection":[{"href":"https:\/\/roveyayinevi.com.tr\/index.php\/wp-json\/wp\/v2\/product"}],"about":[{"href":"https:\/\/roveyayinevi.com.tr\/index.php\/wp-json\/wp\/v2\/types\/product"}],"wp:attachment":[{"href":"https:\/\/roveyayinevi.com.tr\/index.php\/wp-json\/wp\/v2\/media?parent=759836"}],"wp:term":[{"taxonomy":"product_brand","embeddable":true,"href":"https:\/\/roveyayinevi.com.tr\/index.php\/wp-json\/wp\/v2\/product_brand?post=759836"},{"taxonomy":"product_cat","embeddable":true,"href":"https:\/\/roveyayinevi.com.tr\/index.php\/wp-json\/wp\/v2\/product_cat?post=759836"},{"taxonomy":"product_tag","embeddable":true,"href":"https:\/\/roveyayinevi.com.tr\/index.php\/wp-json\/wp\/v2\/product_tag?post=759836"}],"curies":[{"name":"wp","href":"https:\/\/api.w.org\/{rel}","templated":true}]}}