{"id":759835,"date":"2025-08-28T08:46:43","date_gmt":"2025-08-28T05:46:43","guid":{"rendered":"https:\/\/roveyayinevi.com.tr\/index.php\/urun\/cingeneler-4\/"},"modified":"2026-04-16T03:12:56","modified_gmt":"2026-04-16T00:12:56","slug":"cingeneler-4","status":"publish","type":"product","link":"https:\/\/roveyayinevi.com.tr\/index.php\/urun\/cingeneler-4\/","title":{"rendered":"\u00c7ingeneler"},"content":{"rendered":"<p>\u201cBilimkurgu \u00f6yk\u00fcler \u2018barok\u2019tur \u00e7\u00fcnk\u00fc onlar, ampirizmin entelekt\u00fcel \u00e7ocuklar\u0131d\u0131r. Yani a\u00e7\u0131klama yapmaya ve s\u0131n\u0131rl\u0131 malzeme repertuarlar\u0131n\u0131 bitirip t\u00fcketmeye e\u011filimlidirler.\u201d   Bu kitap yazar\u0131n 2002\u2019de yay\u0131mlanan \u201cRadiance\u201d \u00fc\u00e7lemesinden sonraki ilk b\u00fcy\u00fck i\u015fidir. Y\u0131ld\u0131zlararas\u0131 bir macera olan \u00c7ingeneler\u2019in, geleneksel bilimkurgu atmosferini a\u015fan hik\u00e2yesiyle kalp k\u0131r\u0131kl\u0131\u011f\u0131 ve umudun \u00e7arp\u0131\u015fmas\u0131na \u015fahitlik ediyoruz.   \u201cAkl\u0131ma Calvino, DeLillo ve David Foster Wallace geliyor\u2026 Scholz analitik, ger\u00e7ek\u00e7i, edebi, hayali ve duygusal olan\u0131 birlikte dokuyor.\u201d Boston Globe \u201cScholz\u2019un yaz\u0131n\u0131 enerji, zek\u00e2 ve kara mizahla bezenmi\u015f.\u201d Publishers Weekly \u201c\u00dclkede Scholz\u2019un yaz\u0131m tarz\u0131yla e\u015fle\u015febilecek ba\u015fka bir yazar daha oldu\u011fundan \u015f\u00fcpheliyim.\u201d Karen Joy Fowler   \u201cYaln\u0131zca entelekt\u00fcel a\u00e7\u0131dan k\u0131\u015fk\u0131rt\u0131c\u0131 de\u011fil, ayn\u0131 zamanda duygusal olarak zengin, hatta doygun.\u201d Washington Post Book World \u201cA\u011f\u0131rba\u015fl\u0131, s\u00fcr\u00fckleyici.\u201d New York Times Book Review <\/p>\n","protected":false},"excerpt":{"rendered":"<p>\u201cBilimkurgu \u00f6yk\u00fcler \u2018barok\u2019tur \u00e7\u00fcnk\u00fc onlar, ampirizmin entelekt\u00fcel \u00e7ocuklar\u0131d\u0131r. Yani a\u00e7\u0131klama yapmaya ve s\u0131n\u0131rl\u0131 malzeme repertuarlar\u0131n\u0131 bitirip t\u00fcketmeye e\u011filimlidirler.\u201d Bu kitap yazar\u0131n 2002\u2019de yay\u0131mlanan \u201cRadiance\u201d \u00fc\u00e7lemesinden sonraki<span class=\"excerpt-hellip\"> [\u2026]<\/span><\/p>\n","protected":false},"featured_media":0,"template":"","meta":{"_monsterinsights_skip_tracking":false,"_monsterinsights_sitenote_active":false,"_monsterinsights_sitenote_note":"","_monsterinsights_sitenote_category":0},"product_brand":[],"product_cat":[12540,12291],"product_tag":[],"class_list":{"0":"post-759835","1":"product","2":"type-product","3":"status-publish","5":"product_cat-bilim-kurgu","6":"product_cat-edebiyat","7":"pa_cilt-ciltsiz","8":"pa_tur-kitap","9":"pa_yayinevi-ayrinti-yayinlari","10":"pa_yazar-carter-scholz","12":"first","13":"instock","14":"sale","15":"shipping-taxable","16":"purchasable","17":"product-type-simple"},"_links":{"self":[{"href":"https:\/\/roveyayinevi.com.tr\/index.php\/wp-json\/wp\/v2\/product\/759835","targetHints":{"allow":["GET"]}}],"collection":[{"href":"https:\/\/roveyayinevi.com.tr\/index.php\/wp-json\/wp\/v2\/product"}],"about":[{"href":"https:\/\/roveyayinevi.com.tr\/index.php\/wp-json\/wp\/v2\/types\/product"}],"wp:attachment":[{"href":"https:\/\/roveyayinevi.com.tr\/index.php\/wp-json\/wp\/v2\/media?parent=759835"}],"wp:term":[{"taxonomy":"product_brand","embeddable":true,"href":"https:\/\/roveyayinevi.com.tr\/index.php\/wp-json\/wp\/v2\/product_brand?post=759835"},{"taxonomy":"product_cat","embeddable":true,"href":"https:\/\/roveyayinevi.com.tr\/index.php\/wp-json\/wp\/v2\/product_cat?post=759835"},{"taxonomy":"product_tag","embeddable":true,"href":"https:\/\/roveyayinevi.com.tr\/index.php\/wp-json\/wp\/v2\/product_tag?post=759835"}],"curies":[{"name":"wp","href":"https:\/\/api.w.org\/{rel}","templated":true}]}}