{"id":759830,"date":"2025-08-28T08:46:33","date_gmt":"2025-08-28T05:46:33","guid":{"rendered":"https:\/\/roveyayinevi.com.tr\/index.php\/urun\/arkadaslik-nasil-kurulur-ve-nasil-korunur-oynuyorum-ve-kendimi-taniyorum\/"},"modified":"2026-04-16T03:12:56","modified_gmt":"2026-04-16T00:12:56","slug":"arkadaslik-nasil-kurulur-ve-nasil-korunur-oynuyorum-ve-kendimi-taniyorum","status":"publish","type":"product","link":"https:\/\/roveyayinevi.com.tr\/index.php\/urun\/arkadaslik-nasil-kurulur-ve-nasil-korunur-oynuyorum-ve-kendimi-taniyorum\/","title":{"rendered":"Arkada\u015fl\u0131k Nas\u0131l Kurulur ve Nas\u0131l Korunur? &#8211; Oynuyorum ve Kendimi Tan\u0131yorum"},"content":{"rendered":"<p>Arkada\u015f edinmek her zaman d\u00fc\u015f\u00fcnd\u00fc\u011f\u00fcm\u00fcz kadar kolay olmayabiliyor, \u00f6yle de\u011fil mi? Bazen herkes gibi sen de arkada\u015flar\u0131nla sorunlar ya\u015f\u0131yor ya da yeni arkada\u015fl\u0131klar kurarken engellerle kar\u015f\u0131la\u015fabiliyorsun. Ama merak etme, bu kitapta sana yard\u0131mc\u0131 olacak bir\u00e7ok etkinlik ve ipucu bulacaks\u0131n! \u2013 Ama ben \u00e7ok utangac\u0131m&#8230; \u2013 Ya yeni ba\u015flad\u0131\u011f\u0131m okulda kimse benimle konu\u015fmazsa&#8230; \u2013 En yak\u0131n arkada\u015f\u0131m benim yerime ba\u015fkas\u0131yla oyun oynad\u0131\u011f\u0131nda onu \u00e7ok k\u0131skan\u0131yorum! \u2013 Irmak art\u0131k benimle arkada\u015f olmak istemedi\u011fini s\u00f6yledi. \u015eimdi ne yapaca\u011f\u0131m?   \u0130Y\u0130 HABER \u015eU K\u0130 ARKADA\u015eLIK \u00d6\u011eREN\u0130LEB\u0130L\u0130R&#8230; VE GEL\u0130\u015eT\u0130R\u0130LEB\u0130L\u0130R! Ortaokul ve liselerde duygusal e\u011fitim \u00fczerine konu\u015fmac\u0131l\u0131k yapan Margot Fried-Filliozat ve pozitif ebeveynlik y\u00f6nteminin \u00f6nc\u00fclerinden, psikoterapist ve Kalp Zek\u00e2s\u0131, Denemedi\u011fim Yol Kalmad\u0131 isimli \u00e7ok satan kitaplar\u0131n yazar\u0131 Isabelle Filliozat taraf\u0131ndan kaleme al\u0131nm\u0131\u015f, \u00c9ric Veill\u00e9 taraf\u0131ndan resimlendirilmi\u015ftir 5 YA\u015e \u00dcST\u00dc EBEVEYN K\u0130TAP\u00c7I\u011eI, 50&#8217;DEN FAZLA ETK\u0130NL\u0130K VE \u00c7IKARTMAYLA B\u0130RL\u0130KTE! <\/p>\n","protected":false},"excerpt":{"rendered":"<p>Arkada\u015f edinmek her zaman d\u00fc\u015f\u00fcnd\u00fc\u011f\u00fcm\u00fcz kadar kolay olmayabiliyor, \u00f6yle de\u011fil mi? Bazen herkes gibi sen de arkada\u015flar\u0131nla sorunlar ya\u015f\u0131yor ya da yeni arkada\u015fl\u0131klar kurarken engellerle kar\u015f\u0131la\u015fabiliyorsun.<span class=\"excerpt-hellip\"> [\u2026]<\/span><\/p>\n","protected":false},"featured_media":0,"template":"","meta":{"_monsterinsights_skip_tracking":false,"_monsterinsights_sitenote_active":false,"_monsterinsights_sitenote_note":"","_monsterinsights_sitenote_category":0},"product_brand":[],"product_cat":[12274,15842],"product_tag":[],"class_list":{"0":"post-759830","1":"product","2":"type-product","3":"status-publish","5":"product_cat-cocuk-ve-genclik-kitaplari","6":"product_cat-egitici-kitaplar","7":"pa_cilt-ciltsiz","8":"pa_tur-kitap","9":"pa_yayinevi-domingo-yayinevi","10":"pa_yazar-isabelle-filliozat-margot-fried-filliozat","12":"first","13":"instock","14":"sale","15":"shipping-taxable","16":"purchasable","17":"product-type-simple"},"_links":{"self":[{"href":"https:\/\/roveyayinevi.com.tr\/index.php\/wp-json\/wp\/v2\/product\/759830","targetHints":{"allow":["GET"]}}],"collection":[{"href":"https:\/\/roveyayinevi.com.tr\/index.php\/wp-json\/wp\/v2\/product"}],"about":[{"href":"https:\/\/roveyayinevi.com.tr\/index.php\/wp-json\/wp\/v2\/types\/product"}],"wp:attachment":[{"href":"https:\/\/roveyayinevi.com.tr\/index.php\/wp-json\/wp\/v2\/media?parent=759830"}],"wp:term":[{"taxonomy":"product_brand","embeddable":true,"href":"https:\/\/roveyayinevi.com.tr\/index.php\/wp-json\/wp\/v2\/product_brand?post=759830"},{"taxonomy":"product_cat","embeddable":true,"href":"https:\/\/roveyayinevi.com.tr\/index.php\/wp-json\/wp\/v2\/product_cat?post=759830"},{"taxonomy":"product_tag","embeddable":true,"href":"https:\/\/roveyayinevi.com.tr\/index.php\/wp-json\/wp\/v2\/product_tag?post=759830"}],"curies":[{"name":"wp","href":"https:\/\/api.w.org\/{rel}","templated":true}]}}