{"id":759829,"date":"2025-08-28T08:46:25","date_gmt":"2025-08-28T05:46:25","guid":{"rendered":"https:\/\/roveyayinevi.com.tr\/index.php\/urun\/gecmisten-gunumuze-turkiyede-goc-ve-suriyeli-siginmacilar\/"},"modified":"2026-04-16T03:12:56","modified_gmt":"2026-04-16T00:12:56","slug":"gecmisten-gunumuze-turkiyede-goc-ve-suriyeli-siginmacilar","status":"publish","type":"product","link":"https:\/\/roveyayinevi.com.tr\/index.php\/urun\/gecmisten-gunumuze-turkiyede-goc-ve-suriyeli-siginmacilar\/","title":{"rendered":"Ge\u00e7mi\u015ften G\u00fcn\u00fcm\u00fcze T\u00fcrkiye&#8217;de G\u00f6\u00e7 ve Suriyeli S\u0131\u011f\u0131nmac\u0131lar"},"content":{"rendered":"<p>Anadolu, y\u00fczy\u0131llar boyunca evini yurdunu ard\u0131nda b\u0131rak\u0131p yollara d\u00fc\u015fen insanlar\u0131n hem ge\u00e7i\u015f g\u00fczerg\u00e2h\u0131 hem de liman\u0131 oldu. Bu \u00fclkenin tarihi, toplumu ve k\u00fclt\u00fcr\u00fc de uzak ve yak\u0131n ge\u00e7mi\u015fin g\u00f6\u00e7leriyle \u015fekillendi. Bug\u00fcn de trajik bir savrulman\u0131n Suriye&#8217;den Anadolu&#8217;ya ta\u015f\u0131d\u0131\u011f\u0131 insanlar, t\u0131pk\u0131 son iki y\u00fczy\u0131l\u0131n muhacirleri gibi tutunmaya, \u00e7ocuklar\u0131 ve kendileri i\u00e7in g\u00fcvenli bir gelecek olu\u015fturmaya \u00e7al\u0131\u015f\u0131yorlar. Suriyeli s\u0131\u011f\u0131nmac\u0131larla ilgili yanl\u0131\u015f bilgi ve yarg\u0131lar\u0131n yayg\u0131nl\u0131\u011f\u0131n\u0131 g\u00f6z \u00f6n\u00fcne alacak olursak do\u011fru bilgiyi ortaya koymaya y\u00f6nelik her \u00e7aban\u0131n, akademik de\u011ferinin \u00f6tesinde ve ondan \u00f6ncelikli olarak etik de\u011ferinden s\u00f6z edilebilir. Bu eserin, s\u0131\u011f\u0131nmac\u0131lara y\u00f6nelik kamusal s\u00f6ylemin olumlu bir \u00e7izgiye do\u011fru evrilmesine, adalet ve bar\u0131\u015f temelli bir perspektifin yayg\u0131nla\u015fmas\u0131na katk\u0131da bulunmas\u0131 umulmaktad\u0131r. <\/p>\n","protected":false},"excerpt":{"rendered":"<p>Anadolu, y\u00fczy\u0131llar boyunca evini yurdunu ard\u0131nda b\u0131rak\u0131p yollara d\u00fc\u015fen insanlar\u0131n hem ge\u00e7i\u015f g\u00fczerg\u00e2h\u0131 hem de liman\u0131 oldu. Bu \u00fclkenin tarihi, toplumu ve k\u00fclt\u00fcr\u00fc de uzak ve<span class=\"excerpt-hellip\"> [\u2026]<\/span><\/p>\n","protected":false},"featured_media":0,"template":"","meta":{"_monsterinsights_skip_tracking":false,"_monsterinsights_sitenote_active":false,"_monsterinsights_sitenote_note":"","_monsterinsights_sitenote_category":0},"product_brand":[],"product_cat":[12337],"product_tag":[],"class_list":{"0":"post-759829","1":"product","2":"type-product","3":"status-publish","5":"product_cat-politika-siyaset","6":"pa_cilt-ciltsiz","7":"pa_tur-kitap","8":"pa_yayinevi-liberte-yayinlari","9":"pa_yazar-bekir-berat-ozipek-faik-tanrikulu","11":"first","12":"instock","13":"sale","14":"shipping-taxable","15":"purchasable","16":"product-type-simple"},"_links":{"self":[{"href":"https:\/\/roveyayinevi.com.tr\/index.php\/wp-json\/wp\/v2\/product\/759829","targetHints":{"allow":["GET"]}}],"collection":[{"href":"https:\/\/roveyayinevi.com.tr\/index.php\/wp-json\/wp\/v2\/product"}],"about":[{"href":"https:\/\/roveyayinevi.com.tr\/index.php\/wp-json\/wp\/v2\/types\/product"}],"wp:attachment":[{"href":"https:\/\/roveyayinevi.com.tr\/index.php\/wp-json\/wp\/v2\/media?parent=759829"}],"wp:term":[{"taxonomy":"product_brand","embeddable":true,"href":"https:\/\/roveyayinevi.com.tr\/index.php\/wp-json\/wp\/v2\/product_brand?post=759829"},{"taxonomy":"product_cat","embeddable":true,"href":"https:\/\/roveyayinevi.com.tr\/index.php\/wp-json\/wp\/v2\/product_cat?post=759829"},{"taxonomy":"product_tag","embeddable":true,"href":"https:\/\/roveyayinevi.com.tr\/index.php\/wp-json\/wp\/v2\/product_tag?post=759829"}],"curies":[{"name":"wp","href":"https:\/\/api.w.org\/{rel}","templated":true}]}}