{"id":759828,"date":"2025-08-28T08:46:23","date_gmt":"2025-08-28T05:46:23","guid":{"rendered":"https:\/\/roveyayinevi.com.tr\/index.php\/urun\/proust-yasaminizi-nasil-degistirebilir\/"},"modified":"2026-03-03T03:30:42","modified_gmt":"2026-03-03T00:30:42","slug":"proust-yasaminizi-nasil-degistirebilir","status":"publish","type":"product","link":"https:\/\/roveyayinevi.com.tr\/index.php\/urun\/proust-yasaminizi-nasil-degistirebilir\/","title":{"rendered":"Proust Ya\u015fam\u0131n\u0131z\u0131 Nas\u0131l De\u011fi\u015ftirebilir?"},"content":{"rendered":"<p>Proust Ya\u015fam\u0131n\u0131z\u0131 Nas\u0131l De\u011fi\u015ftirebilir? d\u00fc\u015f\u00fcncelerimizi sarsacak ve ya\u015fam\u0131m\u0131za dokunacak bir deneyime davet ediyor bizi. Alain de Botton ustal\u0131kla \u00f6rd\u00fc\u011f\u00fc bu anlat\u0131da, Marcel Proust\u2019un sadece edebi bir deha de\u011fil ayn\u0131 zamanda insan ya\u015fam\u0131n\u0131n derinliklerini kavramaya y\u00f6nelik bir rehber oldu\u011funa i\u015faret ediyor. De Botton, Proust\u2019un eserlerindeki fikirleri bir hayat k\u0131lavuzunun temelleri olarak ele al\u0131yor. Proust Ya\u015fam\u0131n\u0131z\u0131 Nas\u0131l De\u011fi\u015ftirebilir? hem edebiyat\u0131n b\u00fcy\u00fcs\u00fcne kap\u0131lmaya hem de ki\u015fisel bir ser\u00fcvene, kendi ya\u015fam hik\u00e2yemizi yeniden yazmaya \u00e7a\u011f\u0131r\u0131yor bizi.   \u201cEle\u015ftiri, biyografi, edebiyat tarihi ve Proust&#8217;un ba\u015fyap\u0131t\u0131 i\u00e7in bir okur rehberi olmas\u0131n\u0131n yan\u0131 s\u0131ra, Proust Ya\u015fam\u0131n\u0131z\u0131 Nas\u0131l De\u011fi\u015ftirebilir? kelimenin tam anlam\u0131yla bir ki\u015fisel geli\u015fim kitab\u0131. Tanr\u0131m; hayat\u0131n\u0131z\u0131 bile de\u011fi\u015ftirebilir.\u201d   \u2013New York Review of Books <\/p>\n","protected":false},"excerpt":{"rendered":"<p>Proust Ya\u015fam\u0131n\u0131z\u0131 Nas\u0131l De\u011fi\u015ftirebilir? d\u00fc\u015f\u00fcncelerimizi sarsacak ve ya\u015fam\u0131m\u0131za dokunacak bir deneyime davet ediyor bizi. Alain de Botton ustal\u0131kla \u00f6rd\u00fc\u011f\u00fc bu anlat\u0131da, Marcel Proust\u2019un sadece edebi bir<span class=\"excerpt-hellip\"> [\u2026]<\/span><\/p>\n","protected":false},"featured_media":0,"template":"","meta":{"_monsterinsights_skip_tracking":false,"_monsterinsights_sitenote_active":false,"_monsterinsights_sitenote_note":"","_monsterinsights_sitenote_category":0},"product_brand":[],"product_cat":[12777,12291],"product_tag":[],"class_list":{"0":"post-759828","1":"product","2":"type-product","3":"status-publish","5":"product_cat-deneme","6":"product_cat-edebiyat","7":"pa_cilt-ciltsiz","8":"pa_tur-kitap","9":"pa_yayinevi-everest-yayinlari","10":"pa_yazar-alain-de-botton","12":"first","13":"instock","14":"sale","15":"shipping-taxable","16":"purchasable","17":"product-type-simple"},"_links":{"self":[{"href":"https:\/\/roveyayinevi.com.tr\/index.php\/wp-json\/wp\/v2\/product\/759828","targetHints":{"allow":["GET"]}}],"collection":[{"href":"https:\/\/roveyayinevi.com.tr\/index.php\/wp-json\/wp\/v2\/product"}],"about":[{"href":"https:\/\/roveyayinevi.com.tr\/index.php\/wp-json\/wp\/v2\/types\/product"}],"wp:attachment":[{"href":"https:\/\/roveyayinevi.com.tr\/index.php\/wp-json\/wp\/v2\/media?parent=759828"}],"wp:term":[{"taxonomy":"product_brand","embeddable":true,"href":"https:\/\/roveyayinevi.com.tr\/index.php\/wp-json\/wp\/v2\/product_brand?post=759828"},{"taxonomy":"product_cat","embeddable":true,"href":"https:\/\/roveyayinevi.com.tr\/index.php\/wp-json\/wp\/v2\/product_cat?post=759828"},{"taxonomy":"product_tag","embeddable":true,"href":"https:\/\/roveyayinevi.com.tr\/index.php\/wp-json\/wp\/v2\/product_tag?post=759828"}],"curies":[{"name":"wp","href":"https:\/\/api.w.org\/{rel}","templated":true}]}}