{"id":759827,"date":"2025-08-28T08:46:21","date_gmt":"2025-08-28T05:46:21","guid":{"rendered":"https:\/\/roveyayinevi.com.tr\/index.php\/urun\/gecede-trampet-sesleri\/"},"modified":"2026-04-16T03:12:56","modified_gmt":"2026-04-16T00:12:56","slug":"gecede-trampet-sesleri","status":"publish","type":"product","link":"https:\/\/roveyayinevi.com.tr\/index.php\/urun\/gecede-trampet-sesleri\/","title":{"rendered":"Gecede Trampet Sesleri"},"content":{"rendered":"<p>Bertolt Brecht\u2019in 1919\u2019da kaleme ald\u0131\u011f\u0131, ilk defa 1922\u2019de sahnelenen Gecede Trampet Sesleri, 1919 Berlin Spartak\u00fcs Ayaklanmas\u0131\u2019n\u0131n g\u00f6lgesinde ya\u015fanan olaylar\u0131 konu al\u0131r. Anna Balicke\u2019nin ni\u015fanl\u0131s\u0131 Andreas Kragler, I. D\u00fcnya Sava\u015f\u0131\u2019nda top\u00e7u eri olarak g\u00f6rev yapm\u0131\u015ft\u0131r ama d\u00f6rt y\u0131ld\u0131r kay\u0131pt\u0131r. Uzun teredd\u00fctlerden sonra Anna, ailesinin iste\u011fi \u00fczerine sava\u015f vurguncusu Friedrich Murk ile ni\u015fanlanmay\u0131 kabul eder. Ni\u015fan g\u00fcn\u00fc Andreas aniden ortaya \u00e7\u0131kar ve Afrika\u2019da sava\u015f esiri olarak tutuldu\u011funu iddia eder. Anna\u2019n\u0131n ailesi ve Friedrich, Andreas\u2019a \u00e7ulsuz bir ba\u015f belas\u0131 muamelesi yapar; Friedrich\u2019ten hamile olan Anna da Andreas\u2019tan \u00e7ekip gitmesini ister. Andreas k\u0131sa s\u00fcreli\u011fine isyanc\u0131lara kat\u0131l\u0131r ancak olaylar bu kadarla da kalmaz. Beklenmedik pek \u00e7ok geli\u015fmeden geriye Andreas\u2019\u0131n \u015fu etkili sorusu kal\u0131r: \u201cFikirleriniz g\u00f6klere \u00e7\u0131kacak diye etim kald\u0131r\u0131m ta\u015f\u0131nda \u00e7\u00fcr\u00fcy\u00fcp gitsin mi?\u201d  <\/p>\n","protected":false},"excerpt":{"rendered":"<p>Bertolt Brecht\u2019in 1919\u2019da kaleme ald\u0131\u011f\u0131, ilk defa 1922\u2019de sahnelenen Gecede Trampet Sesleri, 1919 Berlin Spartak\u00fcs Ayaklanmas\u0131\u2019n\u0131n g\u00f6lgesinde ya\u015fanan olaylar\u0131 konu al\u0131r. Anna Balicke\u2019nin ni\u015fanl\u0131s\u0131 Andreas Kragler,<span class=\"excerpt-hellip\"> [\u2026]<\/span><\/p>\n","protected":false},"featured_media":0,"template":"","meta":{"_monsterinsights_skip_tracking":false,"_monsterinsights_sitenote_active":false,"_monsterinsights_sitenote_note":"","_monsterinsights_sitenote_category":0},"product_brand":[],"product_cat":[12291,15566],"product_tag":[],"class_list":{"0":"post-759827","1":"product","2":"type-product","3":"status-publish","5":"product_cat-edebiyat","6":"product_cat-oyun","7":"pa_cilt-ciltsiz","8":"pa_tur-kitap","9":"pa_yayinevi-everest-yayinlari","10":"pa_yazar-bertolt-brecht","12":"first","13":"instock","14":"sale","15":"shipping-taxable","16":"purchasable","17":"product-type-simple"},"_links":{"self":[{"href":"https:\/\/roveyayinevi.com.tr\/index.php\/wp-json\/wp\/v2\/product\/759827","targetHints":{"allow":["GET"]}}],"collection":[{"href":"https:\/\/roveyayinevi.com.tr\/index.php\/wp-json\/wp\/v2\/product"}],"about":[{"href":"https:\/\/roveyayinevi.com.tr\/index.php\/wp-json\/wp\/v2\/types\/product"}],"wp:attachment":[{"href":"https:\/\/roveyayinevi.com.tr\/index.php\/wp-json\/wp\/v2\/media?parent=759827"}],"wp:term":[{"taxonomy":"product_brand","embeddable":true,"href":"https:\/\/roveyayinevi.com.tr\/index.php\/wp-json\/wp\/v2\/product_brand?post=759827"},{"taxonomy":"product_cat","embeddable":true,"href":"https:\/\/roveyayinevi.com.tr\/index.php\/wp-json\/wp\/v2\/product_cat?post=759827"},{"taxonomy":"product_tag","embeddable":true,"href":"https:\/\/roveyayinevi.com.tr\/index.php\/wp-json\/wp\/v2\/product_tag?post=759827"}],"curies":[{"name":"wp","href":"https:\/\/api.w.org\/{rel}","templated":true}]}}