{"id":759826,"date":"2025-08-28T08:46:20","date_gmt":"2025-08-28T05:46:20","guid":{"rendered":"https:\/\/roveyayinevi.com.tr\/index.php\/urun\/uluslararasi-emek-gocu-ve-kadin-emegi-turkiyede-gecici-koruma-altinda-bulunan-suriyeli-kadinlar\/"},"modified":"2026-02-03T03:27:17","modified_gmt":"2026-02-03T00:27:17","slug":"uluslararasi-emek-gocu-ve-kadin-emegi-turkiyede-gecici-koruma-altinda-bulunan-suriyeli-kadinlar","status":"publish","type":"product","link":"https:\/\/roveyayinevi.com.tr\/index.php\/urun\/uluslararasi-emek-gocu-ve-kadin-emegi-turkiyede-gecici-koruma-altinda-bulunan-suriyeli-kadinlar\/","title":{"rendered":"Uluslararas\u0131 Emek G\u00f6\u00e7\u00fc Ve Kad\u0131n Eme\u011fi T\u00fcrkiye\u2019de Ge\u00e7ici Koruma Alt\u0131nda Bulunan Suriyeli Kad\u0131nlar"},"content":{"rendered":"<p>\u0130\u00e7indekiler :         1. G\u0130R\u0130\u015e         2. TEMEL KAVRAMLAR VE TEOR\u0130LER         3. \u0130\u015eG\u00dcC\u00dc P\u0130YASALARI VE G\u00d6\u00c7MENLER         4. \u0130\u015eG\u00dcC\u00dc P\u0130YASALARINDA KADIN EME\u011e\u0130 VE G\u00d6\u00c7MEN KADINLAR         5. T\u00dcRK\u0130YE\u2019DE GE\u00c7\u0130C\u0130 KORUMA STAT\u00dcS\u00dcNDE BULUNAN SUR\u0130YEL\u0130 KADINLAR         6. SONU\u00c7 <\/p>\n","protected":false},"excerpt":{"rendered":"<p>\u0130\u00e7indekiler : 1. G\u0130R\u0130\u015e 2. TEMEL KAVRAMLAR VE TEOR\u0130LER 3. \u0130\u015eG\u00dcC\u00dc P\u0130YASALARI VE G\u00d6\u00c7MENLER 4. \u0130\u015eG\u00dcC\u00dc P\u0130YASALARINDA KADIN EME\u011e\u0130 VE G\u00d6\u00c7MEN KADINLAR 5. T\u00dcRK\u0130YE\u2019DE GE\u00c7\u0130C\u0130 KORUMA<span class=\"excerpt-hellip\"> [\u2026]<\/span><\/p>\n","protected":false},"featured_media":0,"template":"","meta":{"_monsterinsights_skip_tracking":false,"_monsterinsights_sitenote_active":false,"_monsterinsights_sitenote_note":"","_monsterinsights_sitenote_category":0},"product_brand":[],"product_cat":[13488],"product_tag":[],"class_list":{"0":"post-759826","1":"product","2":"type-product","3":"status-publish","5":"product_cat-toplum-ve-insan","6":"pa_cilt-ciltsiz","7":"pa_tur-kitap","8":"pa_yayinevi-gazi-kitabevi","9":"pa_yazar-makbule-yalin-muslume-narin","11":"first","12":"instock","13":"sale","14":"shipping-taxable","15":"purchasable","16":"product-type-simple"},"_links":{"self":[{"href":"https:\/\/roveyayinevi.com.tr\/index.php\/wp-json\/wp\/v2\/product\/759826","targetHints":{"allow":["GET"]}}],"collection":[{"href":"https:\/\/roveyayinevi.com.tr\/index.php\/wp-json\/wp\/v2\/product"}],"about":[{"href":"https:\/\/roveyayinevi.com.tr\/index.php\/wp-json\/wp\/v2\/types\/product"}],"wp:attachment":[{"href":"https:\/\/roveyayinevi.com.tr\/index.php\/wp-json\/wp\/v2\/media?parent=759826"}],"wp:term":[{"taxonomy":"product_brand","embeddable":true,"href":"https:\/\/roveyayinevi.com.tr\/index.php\/wp-json\/wp\/v2\/product_brand?post=759826"},{"taxonomy":"product_cat","embeddable":true,"href":"https:\/\/roveyayinevi.com.tr\/index.php\/wp-json\/wp\/v2\/product_cat?post=759826"},{"taxonomy":"product_tag","embeddable":true,"href":"https:\/\/roveyayinevi.com.tr\/index.php\/wp-json\/wp\/v2\/product_tag?post=759826"}],"curies":[{"name":"wp","href":"https:\/\/api.w.org\/{rel}","templated":true}]}}