{"id":759825,"date":"2025-08-28T08:46:19","date_gmt":"2025-08-28T05:46:19","guid":{"rendered":"https:\/\/roveyayinevi.com.tr\/index.php\/urun\/sivas-kayak-tarihi-1917-2021\/"},"modified":"2026-04-16T03:12:56","modified_gmt":"2026-04-16T00:12:56","slug":"sivas-kayak-tarihi-1917-2021","status":"publish","type":"product","link":"https:\/\/roveyayinevi.com.tr\/index.php\/urun\/sivas-kayak-tarihi-1917-2021\/","title":{"rendered":"Sivas Kayak Tarihi 1917-2021"},"content":{"rendered":"<p>\u0130\u00e7indekiler :   \u00b7         T\u00dcRK\u0130YE\u2019DE KAYAK SPORUNUN BA\u015eLANGICI   \u00b7         T\u00dcRK\u0130YE\u2019DE \u0130LK RESM\u0130 KAYAK OKULU S\u0130VAS SU\u015eEHR\u0130 BULDUR K\u00d6Y\u00dcNDE A\u00c7ILDI   \u00b7         OSMANLI\u2019DAN CUMHUR\u0130YET\u2019E B\u0130R M\u0130MAR AR\u0130F H\u0130KMET KOYUNO\u011eLU   \u00b7         3.ORDU ERKAN-I HARB\u0130YES\u0130NE BULDUR\u2019DAN YAZI (13 A\u011eUSTOS 1917 \/ 1333)   \u00b7         \u00dcLKEM\u0130ZDE OSMANLI D\u00d6NEM\u0130NDE ASKER\u0130 AMA\u00c7LI BA\u015eLAYAN KAYAK SPORUNUN HALK TARAFINDAN YAPILMAYA BA\u015eLANMASI S\u00dcREC\u0130   \u00b7         HALKEVLER\u0130N\u0130N KURULU\u015eU VE FAAL\u0130YETLER\u0130   \u00b7         S\u0130VAS\u2019TA KAYAK SPORUNUN BA\u015eLANGICI VE GEL\u0130\u015e\u0130M\u0130   \u00b7         \u00dcLKEM\u0130ZDE YAPILAN \u0130LK RESM\u0130 KAYAK YARI\u015eMASINDA S\u0130VAS\u2019TAN SPORCULAR   \u00b7         S\u0130VAS\u2019TA KAYAK SPORUNUN GEL\u0130\u015e\u0130M\u0130 \u0130\u00c7\u0130N KAYAK E\u011e\u0130T\u0130M\u0130\u2026.129 YEN\u0130 B\u0130R D\u00d6NEM   \u00b7         KAYAKLI KO\u015eU BRAN\u015eINDA ALTIN YILLAR   \u00b7         YEREL KAMP PROJES\u0130   \u00b7         S\u0130VAS\u2019TA KAYAK SPORUNA SPORCU, ANTREN\u00d6R, \u0130DAREC\u0130 OLARAK H\u0130ZMET ETM\u0130\u015e \u00d6NEML\u0130 \u015eAHS\u0130YETLER   \u00b7         TAR\u0130HTE S\u0130VAS BASINI VE KAYAK   \u00b7         YILDIZDA\u011eI KI\u015e SPORLARI VE TUR\u0130ZM MERKEZ\u0130   \u00b7         \u00dcLKEM\u0130Z\u0130N KATILDI\u011eI KI\u015e OL\u0130MP\u0130YAT OYUNLARI   \u00b7         T\u00dcRK\u0130YE KAYAK FEDERASYONU <\/p>\n","protected":false},"excerpt":{"rendered":"<p>\u0130\u00e7indekiler : \u00b7 T\u00dcRK\u0130YE\u2019DE KAYAK SPORUNUN BA\u015eLANGICI \u00b7 T\u00dcRK\u0130YE\u2019DE \u0130LK RESM\u0130 KAYAK OKULU S\u0130VAS SU\u015eEHR\u0130 BULDUR K\u00d6Y\u00dcNDE A\u00c7ILDI \u00b7 OSMANLI\u2019DAN CUMHUR\u0130YET\u2019E B\u0130R M\u0130MAR AR\u0130F H\u0130KMET KOYUNO\u011eLU<span class=\"excerpt-hellip\"> [\u2026]<\/span><\/p>\n","protected":false},"featured_media":0,"template":"","meta":{"_monsterinsights_skip_tracking":false,"_monsterinsights_sitenote_active":false,"_monsterinsights_sitenote_note":"","_monsterinsights_sitenote_category":0},"product_brand":[],"product_cat":[15563,15564],"product_tag":[],"class_list":{"0":"post-759825","1":"product","2":"type-product","3":"status-publish","5":"product_cat-hobi","6":"product_cat-spor","7":"pa_cilt-ciltsiz","8":"pa_tur-kitap","9":"pa_yayinevi-gazi-kitabevi","10":"pa_yazar-ilhan-erzurum","12":"first","13":"instock","14":"sale","15":"shipping-taxable","16":"purchasable","17":"product-type-simple"},"_links":{"self":[{"href":"https:\/\/roveyayinevi.com.tr\/index.php\/wp-json\/wp\/v2\/product\/759825","targetHints":{"allow":["GET"]}}],"collection":[{"href":"https:\/\/roveyayinevi.com.tr\/index.php\/wp-json\/wp\/v2\/product"}],"about":[{"href":"https:\/\/roveyayinevi.com.tr\/index.php\/wp-json\/wp\/v2\/types\/product"}],"wp:attachment":[{"href":"https:\/\/roveyayinevi.com.tr\/index.php\/wp-json\/wp\/v2\/media?parent=759825"}],"wp:term":[{"taxonomy":"product_brand","embeddable":true,"href":"https:\/\/roveyayinevi.com.tr\/index.php\/wp-json\/wp\/v2\/product_brand?post=759825"},{"taxonomy":"product_cat","embeddable":true,"href":"https:\/\/roveyayinevi.com.tr\/index.php\/wp-json\/wp\/v2\/product_cat?post=759825"},{"taxonomy":"product_tag","embeddable":true,"href":"https:\/\/roveyayinevi.com.tr\/index.php\/wp-json\/wp\/v2\/product_tag?post=759825"}],"curies":[{"name":"wp","href":"https:\/\/api.w.org\/{rel}","templated":true}]}}