{"id":759819,"date":"2025-08-28T08:46:06","date_gmt":"2025-08-28T05:46:06","guid":{"rendered":"https:\/\/roveyayinevi.com.tr\/index.php\/urun\/dagdaki-ates\/"},"modified":"2026-04-03T03:16:17","modified_gmt":"2026-04-03T00:16:17","slug":"dagdaki-ates","status":"publish","type":"product","link":"https:\/\/roveyayinevi.com.tr\/index.php\/urun\/dagdaki-ates\/","title":{"rendered":"Da\u011fdaki Ate\u015f"},"content":{"rendered":"<p>1980 darbesinden sonra \u00e7\u0131kar\u0131lan zorunlu hizmet yasas\u0131yla Toroslar\u0131n eteklerinde bir il\u00e7eye tayini \u00e7\u0131kan Doktor Handan, bilinmezlerle dolu bir d\u00fcnyaya ad\u0131m atman\u0131n tedirginli\u011fini ya\u015f\u0131yordu. Anadolu\u2019nun bu k\u00fc\u00e7\u00fck il\u00e7esinde toplumsal ya\u015fam \u00e7eli\u015fkilerle doluydu ve bamba\u015fka bir hayat bekliyordu onu. Hastanede \u00e7al\u0131\u015f\u0131rken hekimli\u011fin hazz\u0131n\u0131 ya\u015fayacak olan gen\u00e7 doktor, ayn\u0131 zamanda hayat\u0131n\u0131n en b\u00fcy\u00fck a\u015fk\u0131na rastlayacakt\u0131. Ama il\u00e7edeki \u00e7eli\u015fkiler yuma\u011f\u0131n\u0131n i\u00e7inde \u00f6nemli bir tehlike, bir k\u00f6t\u00fcl\u00fck dola\u015f\u0131yordu. Geli\u015fen olaylar, sevdikleriyle beraber Doktor Handan\u2019\u0131 da i\u00e7ine alacak, bu k\u00f6t\u00fcl\u00fckten kurtulmak i\u00e7in amans\u0131z bir m\u00fccadele ba\u015flayacakt\u0131.   Da\u011fdaki Ate\u015f, heyecanl\u0131 bir yolculuk gibi okuyucuyu sar\u0131yor. Bu romanda Anadolu\u2019nun ger\u00e7e\u011fini g\u00f6rmenin yan\u0131nda, saf bir a\u015fk\u0131, dostlu\u011fu, yard\u0131mla\u015fmay\u0131 ve m\u00fccadeleden asla vazge\u00e7memenin \u00f6nemini bulacaks\u0131n\u0131z. Ak\u0131c\u0131 bir dille yaz\u0131lan Da\u011fdaki Ate\u015f, salam kurgusuyla ak\u0131llarda uzun s\u00fcre iz b\u0131rakacak, T\u00fcrk edebiyat\u0131nda \u00f6nemli bir yer edinecek. <\/p>\n","protected":false},"excerpt":{"rendered":"<p>1980 darbesinden sonra \u00e7\u0131kar\u0131lan zorunlu hizmet yasas\u0131yla Toroslar\u0131n eteklerinde bir il\u00e7eye tayini \u00e7\u0131kan Doktor Handan, bilinmezlerle dolu bir d\u00fcnyaya ad\u0131m atman\u0131n tedirginli\u011fini ya\u015f\u0131yordu. Anadolu\u2019nun bu k\u00fc\u00e7\u00fck<span class=\"excerpt-hellip\"> [\u2026]<\/span><\/p>\n","protected":false},"featured_media":0,"template":"","meta":{"_monsterinsights_skip_tracking":false,"_monsterinsights_sitenote_active":false,"_monsterinsights_sitenote_note":"","_monsterinsights_sitenote_category":0},"product_brand":[],"product_cat":[12291,12711],"product_tag":[],"class_list":{"0":"post-759819","1":"product","2":"type-product","3":"status-publish","5":"product_cat-edebiyat","6":"product_cat-roman-oyku","7":"pa_cilt-ciltsiz","8":"pa_tur-kitap","9":"pa_yayinevi-neseye-ovgu","10":"pa_yazar-sekip-altunkan","12":"first","13":"instock","14":"sale","15":"shipping-taxable","16":"purchasable","17":"product-type-simple"},"_links":{"self":[{"href":"https:\/\/roveyayinevi.com.tr\/index.php\/wp-json\/wp\/v2\/product\/759819","targetHints":{"allow":["GET"]}}],"collection":[{"href":"https:\/\/roveyayinevi.com.tr\/index.php\/wp-json\/wp\/v2\/product"}],"about":[{"href":"https:\/\/roveyayinevi.com.tr\/index.php\/wp-json\/wp\/v2\/types\/product"}],"wp:attachment":[{"href":"https:\/\/roveyayinevi.com.tr\/index.php\/wp-json\/wp\/v2\/media?parent=759819"}],"wp:term":[{"taxonomy":"product_brand","embeddable":true,"href":"https:\/\/roveyayinevi.com.tr\/index.php\/wp-json\/wp\/v2\/product_brand?post=759819"},{"taxonomy":"product_cat","embeddable":true,"href":"https:\/\/roveyayinevi.com.tr\/index.php\/wp-json\/wp\/v2\/product_cat?post=759819"},{"taxonomy":"product_tag","embeddable":true,"href":"https:\/\/roveyayinevi.com.tr\/index.php\/wp-json\/wp\/v2\/product_tag?post=759819"}],"curies":[{"name":"wp","href":"https:\/\/api.w.org\/{rel}","templated":true}]}}