{"id":759816,"date":"2025-08-28T08:46:00","date_gmt":"2025-08-28T05:46:00","guid":{"rendered":"https:\/\/roveyayinevi.com.tr\/index.php\/urun\/kurye\/"},"modified":"2026-04-16T03:12:55","modified_gmt":"2026-04-16T00:12:55","slug":"kurye","status":"publish","type":"product","link":"https:\/\/roveyayinevi.com.tr\/index.php\/urun\/kurye\/","title":{"rendered":"Kurye"},"content":{"rendered":"<p>Yazar&#8217;\u0131n \u00f6ks\u00fcr\u00fck n\u00f6beti ge\u00e7mi\u015fti, dikkatlice bakt\u0131 delikanl\u0131ya. &#8220;Ne demi\u015ftim konu\u015fmam\u0131n ba\u015f\u0131nda? Ac\u0131y\u0131 ve olumsuz durumlar\u0131 \u00f6nleyecek biricik kuvvet iyiliktir. Onu da destekleyen tek duygu sevgidir. Bu ikisi sende fazlas\u0131yla var. Biliyorum, t\u00fcm ya\u015fam\u0131n boyunca adil olmayan bir\u00e7ok durumla kar\u015f\u0131la\u015fm\u0131\u015fs\u0131nd\u0131r. Seni a\u015fa\u011f\u0131lad\u0131lar, itip kakt\u0131lar, toplumun i\u00e7ine girmekte zorland\u0131\u011f\u0131n durumlar oldu. Neden oldu b\u00fct\u00fcn bunlar biliyor musun? \u00c7\u00fcnk\u00fc baz\u0131 insanlarda sevgi yoktur, toplumda da bu sevgi giderek kayboluyor, her \u015fey \u00e7\u0131kar ili\u015fkilerine dayan\u0131yor. Bunu fazlas\u0131yla g\u00f6r\u00fcyorsundur.&#8221;   Motor kurye Cumali ya da herkesin bildi\u011fi lakab\u0131yla Kambur, Mavi Apartman&#8217;da ya\u015fayanlar i\u00e7in bir umut \u0131\u015f\u0131\u011f\u0131 olman\u0131n \u00f6tesinde, \u00f6n yarg\u0131s\u0131z ve sevecen yakla\u015f\u0131m\u0131yla onlar\u0131n ya\u015famlar\u0131ndaki en b\u00fcy\u00fck eksikli\u011fi, dost ihtiyac\u0131n\u0131 da fazlas\u0131yla kar\u015f\u0131l\u0131yordu. Onu sadece bu apartmanda ya\u015fayanlar de\u011fil, \u0130stanbul&#8217;da edindi\u011fi arkada\u015flar\u0131, karakoldaki polisler de seviyor, gen\u00e7 kurye bu durumdan b\u00fcy\u00fck mutluluk duyuyordu.   \u015eekip Altunkan Kurye&#8217;de, fiziksel bir anormalli\u011fi olan, y\u00fcre\u011fi sevgiyle dolu bir motor kuryenin ya\u015famla m\u00fccadelesini ve bir apartmanda ya\u015fayan ki\u015filerle ili\u015fkilerini anlatmaktad\u0131r. Bu apartman\u0131n alt\u0131 dairesinde farkl\u0131 ki\u015filikte olan, hayatta kaybeden olarak tan\u0131mlanabilecek insanlar ya\u015famaktad\u0131r. Romanda, Mavi Apartman&#8217;\u0131n sakinleriyle, gen\u00e7 kuryenin ili\u015fkileri, insan psikolojisinin derinliklerine inilerek, g\u00fcn\u00fcm\u00fcz\u00fcn sorunlar\u0131na da at\u0131fta bulunularak, ilgi \u00e7ekici bir kurguyla anlat\u0131lmaktad\u0131r.<\/p>\n","protected":false},"excerpt":{"rendered":"<p>Yazar&#8217;\u0131n \u00f6ks\u00fcr\u00fck n\u00f6beti ge\u00e7mi\u015fti, dikkatlice bakt\u0131 delikanl\u0131ya. &#8220;Ne demi\u015ftim konu\u015fmam\u0131n ba\u015f\u0131nda? Ac\u0131y\u0131 ve olumsuz durumlar\u0131 \u00f6nleyecek biricik kuvvet iyiliktir. Onu da destekleyen tek duygu sevgidir. Bu<span class=\"excerpt-hellip\"> [\u2026]<\/span><\/p>\n","protected":false},"featured_media":0,"template":"","meta":{"_monsterinsights_skip_tracking":false,"_monsterinsights_sitenote_active":false,"_monsterinsights_sitenote_note":"","_monsterinsights_sitenote_category":0},"product_brand":[],"product_cat":[12291,12711],"product_tag":[],"class_list":{"0":"post-759816","1":"product","2":"type-product","3":"status-publish","5":"product_cat-edebiyat","6":"product_cat-roman-oyku","7":"pa_cilt-ciltsiz","8":"pa_tur-kitap","9":"pa_yayinevi-neseye-ovgu","10":"pa_yazar-sekip-altunkan","12":"first","13":"instock","14":"sale","15":"shipping-taxable","16":"purchasable","17":"product-type-simple"},"_links":{"self":[{"href":"https:\/\/roveyayinevi.com.tr\/index.php\/wp-json\/wp\/v2\/product\/759816","targetHints":{"allow":["GET"]}}],"collection":[{"href":"https:\/\/roveyayinevi.com.tr\/index.php\/wp-json\/wp\/v2\/product"}],"about":[{"href":"https:\/\/roveyayinevi.com.tr\/index.php\/wp-json\/wp\/v2\/types\/product"}],"wp:attachment":[{"href":"https:\/\/roveyayinevi.com.tr\/index.php\/wp-json\/wp\/v2\/media?parent=759816"}],"wp:term":[{"taxonomy":"product_brand","embeddable":true,"href":"https:\/\/roveyayinevi.com.tr\/index.php\/wp-json\/wp\/v2\/product_brand?post=759816"},{"taxonomy":"product_cat","embeddable":true,"href":"https:\/\/roveyayinevi.com.tr\/index.php\/wp-json\/wp\/v2\/product_cat?post=759816"},{"taxonomy":"product_tag","embeddable":true,"href":"https:\/\/roveyayinevi.com.tr\/index.php\/wp-json\/wp\/v2\/product_tag?post=759816"}],"curies":[{"name":"wp","href":"https:\/\/api.w.org\/{rel}","templated":true}]}}