{"id":759815,"date":"2025-08-28T08:45:58","date_gmt":"2025-08-28T05:45:58","guid":{"rendered":"https:\/\/roveyayinevi.com.tr\/index.php\/urun\/hayal-kirikligi-odul\/"},"modified":"2026-04-16T03:12:55","modified_gmt":"2026-04-16T00:12:55","slug":"hayal-kirikligi-odul","status":"publish","type":"product","link":"https:\/\/roveyayinevi.com.tr\/index.php\/urun\/hayal-kirikligi-odul\/","title":{"rendered":"Hayal K\u0131r\u0131kl\u0131\u011f\u0131 &amp; \u00d6d\u00fcl"},"content":{"rendered":"<p>Yan\u0131tlamak kimi sorular\u0131, cesaret ister; yan\u0131t bir sorumluluktur ayn\u0131 zamanda. Soruyu ya\u015fam\u0131n her an\u0131nda yan\u0131m\u0131zda ta\u015f\u0131sak da, t\u0131pk\u0131 \u00f6l\u00fclerimizin duyu organlar\u0131m\u0131z arac\u0131l\u0131\u011f\u0131 ile s\u0131z\u0131verdi\u011fi zihnimizde kal\u0131c\u0131la\u015fan \u00e7\u00fcr\u00fcme kokusunda oldu\u011fu gibi, yan\u0131t\u0131 gizleme \u00e7abas\u0131 i\u00e7indeyizdir hep; \u00e7\u00fcnk\u00fc \u201cbeni intihar paklar\u201d demek kolay, eyleme ge\u00e7mek zordur. Kim bilir belki de bilinmezli\u011fidir onun; bizi yar\u0131 yolda b\u0131rakan, her seferinde yolda b\u0131rakan. Ya\u015fam da en az \u00f6l\u00fcm kadar bilinmezdir oysa, ya\u015fad\u0131k\u00e7a \u00f6\u011frenilen, ac\u0131 i\u00e7inde \u00f6\u011frenilen.   An\u0131lar\u0131n yol g\u00f6stericili\u011finde g\u00f6rd\u00fcklerimizden korkmamay\u0131 \u00f6\u011frendi\u011fimizde, ku\u015fkusuz pek de kolay de\u011fil, g\u00f6receklerimize dair i\u00e7imizde olu\u015fan tedirginli\u011fi ve hen\u00fcz var olmayana ancak olmas\u0131 ka\u00e7\u0131n\u0131lmaza dair tekinsizli\u011fin yaratt\u0131\u011f\u0131 kayg\u0131lar\u0131 atlat\u0131r\u0131z. Umursamamay\u0131 ya da ge\u00e7mi\u015f, bitmi\u015f saymay\u0131\u2026 geride kalana ait olmak \u00fczere. Sonunda kimsesizlik, yaln\u0131zl\u0131k ve \u0131ss\u0131zl\u0131k olsa bile. Hep \u00f6yle de\u011fil miydin; d\u00fc\u015f\u00fcnmeye ve \u201canlamaya\u201d ba\u015flad\u0131\u011f\u0131m andan beri asl\u0131nda? Geride kalan kocaman bir yan\u0131lsama sadece. <\/p>\n","protected":false},"excerpt":{"rendered":"<p>Yan\u0131tlamak kimi sorular\u0131, cesaret ister; yan\u0131t bir sorumluluktur ayn\u0131 zamanda. Soruyu ya\u015fam\u0131n her an\u0131nda yan\u0131m\u0131zda ta\u015f\u0131sak da, t\u0131pk\u0131 \u00f6l\u00fclerimizin duyu organlar\u0131m\u0131z arac\u0131l\u0131\u011f\u0131 ile s\u0131z\u0131verdi\u011fi zihnimizde kal\u0131c\u0131la\u015fan<span class=\"excerpt-hellip\"> [\u2026]<\/span><\/p>\n","protected":false},"featured_media":0,"template":"","meta":{"_monsterinsights_skip_tracking":false,"_monsterinsights_sitenote_active":false,"_monsterinsights_sitenote_note":"","_monsterinsights_sitenote_category":0},"product_brand":[],"product_cat":[12777,12291],"product_tag":[],"class_list":{"0":"post-759815","1":"product","2":"type-product","3":"status-publish","5":"product_cat-deneme","6":"product_cat-edebiyat","7":"pa_cilt-ciltsiz","8":"pa_tur-kitap","9":"pa_yayinevi-sinirsiz-kitap","10":"pa_yazar-kolektif","12":"first","13":"instock","14":"sale","15":"shipping-taxable","16":"purchasable","17":"product-type-simple"},"_links":{"self":[{"href":"https:\/\/roveyayinevi.com.tr\/index.php\/wp-json\/wp\/v2\/product\/759815","targetHints":{"allow":["GET"]}}],"collection":[{"href":"https:\/\/roveyayinevi.com.tr\/index.php\/wp-json\/wp\/v2\/product"}],"about":[{"href":"https:\/\/roveyayinevi.com.tr\/index.php\/wp-json\/wp\/v2\/types\/product"}],"wp:attachment":[{"href":"https:\/\/roveyayinevi.com.tr\/index.php\/wp-json\/wp\/v2\/media?parent=759815"}],"wp:term":[{"taxonomy":"product_brand","embeddable":true,"href":"https:\/\/roveyayinevi.com.tr\/index.php\/wp-json\/wp\/v2\/product_brand?post=759815"},{"taxonomy":"product_cat","embeddable":true,"href":"https:\/\/roveyayinevi.com.tr\/index.php\/wp-json\/wp\/v2\/product_cat?post=759815"},{"taxonomy":"product_tag","embeddable":true,"href":"https:\/\/roveyayinevi.com.tr\/index.php\/wp-json\/wp\/v2\/product_tag?post=759815"}],"curies":[{"name":"wp","href":"https:\/\/api.w.org\/{rel}","templated":true}]}}