{"id":759811,"date":"2025-08-28T08:45:52","date_gmt":"2025-08-28T05:45:52","guid":{"rendered":"https:\/\/roveyayinevi.com.tr\/index.php\/urun\/insan-ey-insan\/"},"modified":"2026-04-16T03:12:55","modified_gmt":"2026-04-16T00:12:55","slug":"insan-ey-insan","status":"publish","type":"product","link":"https:\/\/roveyayinevi.com.tr\/index.php\/urun\/insan-ey-insan\/","title":{"rendered":"\u0130nsan Ey \u0130nsan"},"content":{"rendered":"<p>insan\u0131n alacakaranl\u0131\u011f\u0131nda kanat \u00e7\u0131rp\u0131yor \u201cminerva\u2019n\u0131n bayku\u015fu\u201d zirveyle \u00e7ukur ayr\u0131\u015f\u0131yor egemenler ve egemen olduklar\u0131 teknokratlar\u0131n d\u00fcnyas\u0131 yoksul ve yoksun milyarlar\u0131n d\u0131\u015f\u0131na \u00e7\u0131k\u0131yor kapan\u0131yorlar kendi l\u00fcks ve konforlu sitelerine y\u00fcksek duvarlar\u0131n\u0131 da yine yoksul ve yoksun olanlar koruyor son model silahlarla oralardan silikon vadilerinden y\u00f6nettikleri pek yeni pek modern ve masum algoritmalar\u0131yla \u00e7oktan ele ge\u00e7irdiler akl\u0131m\u0131z\u0131 fikrimizi bilimcilerse bulduklar\u0131 ve bulacaklar\u0131 ile \u015fa\u015fk\u0131n kap\u0131l\u0131p gittikleri quantum \u00e2leminde mutludurlar umudumuz onlarda deniyor ya ne y\u00f6ne d\u00f6necek r\u00fczg\u00e2r\u0131n g\u00fcl\u00fc bilmiyoruz ki daha bildi\u011fimiz par\u00e7alar\u0131n karma\u015f\u0131k d\u00fcnyas\u0131nda b\u00fct\u00fcne do\u011fru par\u00e7alar\u0131n par\u00e7a olmaktan \u00e7\u0131kt\u0131\u011f\u0131 zaman\u0131n uzam\u0131n i\u00e7inde eylemin devinimin ta kendisine do\u011fru u\u00e7uyoruz u\u00e7uyoruz \u00e7\u00fcnk\u00fc en iyisi hayat\u0131n kendisidir d\u00f6n\u00fcp dursun o zaman minerva\u2019n\u0131n bilge bayku\u015fu da <\/p>\n","protected":false},"excerpt":{"rendered":"<p>insan\u0131n alacakaranl\u0131\u011f\u0131nda kanat \u00e7\u0131rp\u0131yor \u201cminerva\u2019n\u0131n bayku\u015fu\u201d zirveyle \u00e7ukur ayr\u0131\u015f\u0131yor egemenler ve egemen olduklar\u0131 teknokratlar\u0131n d\u00fcnyas\u0131 yoksul ve yoksun milyarlar\u0131n d\u0131\u015f\u0131na \u00e7\u0131k\u0131yor kapan\u0131yorlar kendi l\u00fcks ve konforlu<span class=\"excerpt-hellip\"> [\u2026]<\/span><\/p>\n","protected":false},"featured_media":0,"template":"","meta":{"_monsterinsights_skip_tracking":false,"_monsterinsights_sitenote_active":false,"_monsterinsights_sitenote_note":"","_monsterinsights_sitenote_category":0},"product_brand":[],"product_cat":[12291,12509],"product_tag":[],"class_list":{"0":"post-759811","1":"product","2":"type-product","3":"status-publish","5":"product_cat-edebiyat","6":"product_cat-siir","7":"pa_cilt-ciltsiz","8":"pa_tur-kitap","9":"pa_yayinevi-telgrafhane-yayinlari","10":"pa_yazar-guray-oz","12":"first","13":"instock","14":"sale","15":"shipping-taxable","16":"purchasable","17":"product-type-simple"},"_links":{"self":[{"href":"https:\/\/roveyayinevi.com.tr\/index.php\/wp-json\/wp\/v2\/product\/759811","targetHints":{"allow":["GET"]}}],"collection":[{"href":"https:\/\/roveyayinevi.com.tr\/index.php\/wp-json\/wp\/v2\/product"}],"about":[{"href":"https:\/\/roveyayinevi.com.tr\/index.php\/wp-json\/wp\/v2\/types\/product"}],"wp:attachment":[{"href":"https:\/\/roveyayinevi.com.tr\/index.php\/wp-json\/wp\/v2\/media?parent=759811"}],"wp:term":[{"taxonomy":"product_brand","embeddable":true,"href":"https:\/\/roveyayinevi.com.tr\/index.php\/wp-json\/wp\/v2\/product_brand?post=759811"},{"taxonomy":"product_cat","embeddable":true,"href":"https:\/\/roveyayinevi.com.tr\/index.php\/wp-json\/wp\/v2\/product_cat?post=759811"},{"taxonomy":"product_tag","embeddable":true,"href":"https:\/\/roveyayinevi.com.tr\/index.php\/wp-json\/wp\/v2\/product_tag?post=759811"}],"curies":[{"name":"wp","href":"https:\/\/api.w.org\/{rel}","templated":true}]}}