{"id":759810,"date":"2025-08-28T08:45:49","date_gmt":"2025-08-28T05:45:49","guid":{"rendered":"https:\/\/roveyayinevi.com.tr\/index.php\/urun\/kurumus-gul-agaci\/"},"modified":"2026-04-16T03:12:55","modified_gmt":"2026-04-16T00:12:55","slug":"kurumus-gul-agaci","status":"publish","type":"product","link":"https:\/\/roveyayinevi.com.tr\/index.php\/urun\/kurumus-gul-agaci\/","title":{"rendered":"Kurumu\u015f G\u00fcl A\u011fac\u0131"},"content":{"rendered":"<p>g\u00f6ky\u00fcz\u00fc yorgun atlar\u0131n dinlendi\u011fi yer midir   uzun h\u00fcz\u00fcnlerden ge\u00e7erek geldik ba\u011f i\u00e7inde miyiz ye\u015fil \u00e7imen \u00fcst\u00fcnde mi ta\u015fta m\u0131   onulmaz yaralar t\u00fckenir bir g\u00fcn y\u00fcz\u00fcn sararm\u0131\u015f kuru otlar gibi g\u00f6vden g\u00f6ky\u00fcz\u00fc   yorgun atlar\u0131n dinlendi\u011fi yer midir \u015fimdi g\u00f6ky\u00fcz\u00fc <\/p>\n","protected":false},"excerpt":{"rendered":"<p>g\u00f6ky\u00fcz\u00fc yorgun atlar\u0131n dinlendi\u011fi yer midir uzun h\u00fcz\u00fcnlerden ge\u00e7erek geldik ba\u011f i\u00e7inde miyiz ye\u015fil \u00e7imen \u00fcst\u00fcnde mi ta\u015fta m\u0131 onulmaz yaralar t\u00fckenir bir g\u00fcn y\u00fcz\u00fcn sararm\u0131\u015f<span class=\"excerpt-hellip\"> [\u2026]<\/span><\/p>\n","protected":false},"featured_media":0,"template":"","meta":{"_monsterinsights_skip_tracking":false,"_monsterinsights_sitenote_active":false,"_monsterinsights_sitenote_note":"","_monsterinsights_sitenote_category":0},"product_brand":[],"product_cat":[12291,12509],"product_tag":[],"class_list":{"0":"post-759810","1":"product","2":"type-product","3":"status-publish","5":"product_cat-edebiyat","6":"product_cat-siir","7":"pa_cilt-ciltsiz","8":"pa_tur-kitap","9":"pa_yayinevi-telgrafhane-yayinlari","10":"pa_yazar-guray-oz","12":"first","13":"instock","14":"sale","15":"shipping-taxable","16":"purchasable","17":"product-type-simple"},"_links":{"self":[{"href":"https:\/\/roveyayinevi.com.tr\/index.php\/wp-json\/wp\/v2\/product\/759810","targetHints":{"allow":["GET"]}}],"collection":[{"href":"https:\/\/roveyayinevi.com.tr\/index.php\/wp-json\/wp\/v2\/product"}],"about":[{"href":"https:\/\/roveyayinevi.com.tr\/index.php\/wp-json\/wp\/v2\/types\/product"}],"wp:attachment":[{"href":"https:\/\/roveyayinevi.com.tr\/index.php\/wp-json\/wp\/v2\/media?parent=759810"}],"wp:term":[{"taxonomy":"product_brand","embeddable":true,"href":"https:\/\/roveyayinevi.com.tr\/index.php\/wp-json\/wp\/v2\/product_brand?post=759810"},{"taxonomy":"product_cat","embeddable":true,"href":"https:\/\/roveyayinevi.com.tr\/index.php\/wp-json\/wp\/v2\/product_cat?post=759810"},{"taxonomy":"product_tag","embeddable":true,"href":"https:\/\/roveyayinevi.com.tr\/index.php\/wp-json\/wp\/v2\/product_tag?post=759810"}],"curies":[{"name":"wp","href":"https:\/\/api.w.org\/{rel}","templated":true}]}}