{"id":759808,"date":"2025-08-28T08:45:46","date_gmt":"2025-08-28T05:45:46","guid":{"rendered":"https:\/\/roveyayinevi.com.tr\/index.php\/urun\/diablomachia-2-somizli\/"},"modified":"2026-04-16T03:12:55","modified_gmt":"2026-04-16T00:12:55","slug":"diablomachia-2-somizli","status":"publish","type":"product","link":"https:\/\/roveyayinevi.com.tr\/index.php\/urun\/diablomachia-2-somizli\/","title":{"rendered":"Diablomachia 2 (\u015e\u00f6mizli)"},"content":{"rendered":"<p>Yeni g\u00fc\u00e7lerini kullanarak devasa ifritlerle sava\u015fan Neve, s\u0131\u011f\u0131na\u011fa d\u00f6nd\u00fc\u011f\u00fcnde ortal\u0131\u011f\u0131 harabe h\u00e2lde buluyor&#8230; Arkada\u015flar\u0131 olan iyi ifritler ortadan kaybolmu\u015f durumda. Neve, karanl\u0131k bir \u00f6rg\u00fct\u00fcn iki ajan\u0131 e\u015fli\u011finde, Don Verso ve di\u011ferlerini bulmak i\u00e7in ipu\u00e7lar\u0131n\u0131 aramaya koyuluyor. Yolculu\u011fu s\u0131ras\u0131nda hem g\u00fcc\u00fcn\u00fcn do\u011fas\u0131 hem kudretinin kapsam\u0131 hakk\u0131nda biraz daha fazla \u015fey ke\u015ffedecek. Ayr\u0131ca k\u00f6t\u00fc ifritlerin ne kadar ac\u0131mas\u0131z olabilece\u011fini de!<\/p>\n","protected":false},"excerpt":{"rendered":"<p>Yeni g\u00fc\u00e7lerini kullanarak devasa ifritlerle sava\u015fan Neve, s\u0131\u011f\u0131na\u011fa d\u00f6nd\u00fc\u011f\u00fcnde ortal\u0131\u011f\u0131 harabe h\u00e2lde buluyor&#8230; Arkada\u015flar\u0131 olan iyi ifritler ortadan kaybolmu\u015f durumda. Neve, karanl\u0131k bir \u00f6rg\u00fct\u00fcn iki ajan\u0131<span class=\"excerpt-hellip\"> [\u2026]<\/span><\/p>\n","protected":false},"featured_media":0,"template":"","meta":{"_monsterinsights_skip_tracking":false,"_monsterinsights_sitenote_active":false,"_monsterinsights_sitenote_note":"","_monsterinsights_sitenote_category":0},"product_brand":[],"product_cat":[12416,12291],"product_tag":[],"class_list":{"0":"post-759808","1":"product","2":"type-product","3":"status-publish","5":"product_cat-cizgi-roman","6":"product_cat-edebiyat","7":"pa_cilt-ciltsiz","8":"pa_tur-kitap","9":"pa_yayinevi-beta-byou","10":"pa_yazar-da-hosoi","12":"first","13":"instock","14":"sale","15":"shipping-taxable","16":"purchasable","17":"product-type-simple"},"_links":{"self":[{"href":"https:\/\/roveyayinevi.com.tr\/index.php\/wp-json\/wp\/v2\/product\/759808","targetHints":{"allow":["GET"]}}],"collection":[{"href":"https:\/\/roveyayinevi.com.tr\/index.php\/wp-json\/wp\/v2\/product"}],"about":[{"href":"https:\/\/roveyayinevi.com.tr\/index.php\/wp-json\/wp\/v2\/types\/product"}],"wp:attachment":[{"href":"https:\/\/roveyayinevi.com.tr\/index.php\/wp-json\/wp\/v2\/media?parent=759808"}],"wp:term":[{"taxonomy":"product_brand","embeddable":true,"href":"https:\/\/roveyayinevi.com.tr\/index.php\/wp-json\/wp\/v2\/product_brand?post=759808"},{"taxonomy":"product_cat","embeddable":true,"href":"https:\/\/roveyayinevi.com.tr\/index.php\/wp-json\/wp\/v2\/product_cat?post=759808"},{"taxonomy":"product_tag","embeddable":true,"href":"https:\/\/roveyayinevi.com.tr\/index.php\/wp-json\/wp\/v2\/product_tag?post=759808"}],"curies":[{"name":"wp","href":"https:\/\/api.w.org\/{rel}","templated":true}]}}