{"id":759807,"date":"2025-08-28T08:45:44","date_gmt":"2025-08-28T05:45:44","guid":{"rendered":"https:\/\/roveyayinevi.com.tr\/index.php\/urun\/diablomachia-1-somizli\/"},"modified":"2026-04-16T03:12:55","modified_gmt":"2026-04-16T00:12:55","slug":"diablomachia-1-somizli","status":"publish","type":"product","link":"https:\/\/roveyayinevi.com.tr\/index.php\/urun\/diablomachia-1-somizli\/","title":{"rendered":"Diablomachia 1 (\u015e\u00f6mizli)"},"content":{"rendered":"<p>Neve, iyi kalpli ifritlerle birlikte uzun s\u00fcredir d\u00fcnya \u00fczerinde mutlu bir \u015fekilde ya\u015f\u0131yor. G\u00f6revi de, iyi olduklar\u0131 i\u00e7in cehennemde i\u015fkence g\u00f6ren ifritleri d\u00fcnyaya \u00e7a\u011f\u0131rmak. Ancak cehennem ifritleri onlar\u0131 avlamak i\u00e7in d\u00fcnyaya gelmeye ba\u015flay\u0131nca, Neve insan\u00fcst\u00fc g\u00fc\u00e7lerini ke\u015ffedecek ve sevdiklerini korumak ad\u0131na sava\u015fmak zorunda kalacak. Verece\u011fi bu sava\u015f\u0131n, t\u00fcm de\u011fer yarg\u0131lar\u0131n\u0131 alt\u00fcst edece\u011fini hen\u00fcz bilmese de&#8230;<\/p>\n","protected":false},"excerpt":{"rendered":"<p>Neve, iyi kalpli ifritlerle birlikte uzun s\u00fcredir d\u00fcnya \u00fczerinde mutlu bir \u015fekilde ya\u015f\u0131yor. G\u00f6revi de, iyi olduklar\u0131 i\u00e7in cehennemde i\u015fkence g\u00f6ren ifritleri d\u00fcnyaya \u00e7a\u011f\u0131rmak. Ancak cehennem<span class=\"excerpt-hellip\"> [\u2026]<\/span><\/p>\n","protected":false},"featured_media":0,"template":"","meta":{"_monsterinsights_skip_tracking":false,"_monsterinsights_sitenote_active":false,"_monsterinsights_sitenote_note":"","_monsterinsights_sitenote_category":0},"product_brand":[],"product_cat":[12416,12291],"product_tag":[],"class_list":{"0":"post-759807","1":"product","2":"type-product","3":"status-publish","5":"product_cat-cizgi-roman","6":"product_cat-edebiyat","7":"pa_cilt-ciltsiz","8":"pa_tur-kitap","9":"pa_yayinevi-beta-byou","10":"pa_yazar-da-hosoi","12":"first","13":"instock","14":"sale","15":"shipping-taxable","16":"purchasable","17":"product-type-simple"},"_links":{"self":[{"href":"https:\/\/roveyayinevi.com.tr\/index.php\/wp-json\/wp\/v2\/product\/759807","targetHints":{"allow":["GET"]}}],"collection":[{"href":"https:\/\/roveyayinevi.com.tr\/index.php\/wp-json\/wp\/v2\/product"}],"about":[{"href":"https:\/\/roveyayinevi.com.tr\/index.php\/wp-json\/wp\/v2\/types\/product"}],"wp:attachment":[{"href":"https:\/\/roveyayinevi.com.tr\/index.php\/wp-json\/wp\/v2\/media?parent=759807"}],"wp:term":[{"taxonomy":"product_brand","embeddable":true,"href":"https:\/\/roveyayinevi.com.tr\/index.php\/wp-json\/wp\/v2\/product_brand?post=759807"},{"taxonomy":"product_cat","embeddable":true,"href":"https:\/\/roveyayinevi.com.tr\/index.php\/wp-json\/wp\/v2\/product_cat?post=759807"},{"taxonomy":"product_tag","embeddable":true,"href":"https:\/\/roveyayinevi.com.tr\/index.php\/wp-json\/wp\/v2\/product_tag?post=759807"}],"curies":[{"name":"wp","href":"https:\/\/api.w.org\/{rel}","templated":true}]}}