{"id":759806,"date":"2025-08-28T08:45:43","date_gmt":"2025-08-28T05:45:43","guid":{"rendered":"https:\/\/roveyayinevi.com.tr\/index.php\/urun\/onasyada-tas-heykel-ve-tasvirli-steller\/"},"modified":"2026-02-26T03:25:08","modified_gmt":"2026-02-26T00:25:08","slug":"onasyada-tas-heykel-ve-tasvirli-steller","status":"publish","type":"product","link":"https:\/\/roveyayinevi.com.tr\/index.php\/urun\/onasyada-tas-heykel-ve-tasvirli-steller\/","title":{"rendered":"\u00d6nasya\u2019da Ta\u015f Heykel ve Tasvirli Steller"},"content":{"rendered":"<p>\u00d6nasya, uygun iklim ko\u015fullar\u0131, co\u011frafi konumu ve do\u011fal kaynaklar\u0131 bak\u0131m\u0131ndan ya\u015fam i\u00e7in son derece elveri\u015fli ko\u015fullara sahiptir. Bundan dolay\u0131 ilk yerle\u015fimler, ilk kentler ve devletler bu b\u00f6lgede kurulmu\u015f ve yay\u0131lm\u0131\u015ft\u0131r. H\u00fcseyin Bildirici bu \u00e7al\u0131\u015fmas\u0131nda, \u00d6nasya sanat\u0131n\u0131n en dikkat \u00e7ekici eserleri aras\u0131nda yer alan ta\u015f heykel ve tasvirli stellerin, Neolitik D\u00f6nemden (yakla\u015f\u0131k M\u00d6 10.000 y\u0131llar\u0131) Tun\u00e7 \u00c7a\u011f\u0131 sonuna kadar (yakla\u015f\u0131k M\u00d6 1000 y\u0131llar\u0131) ge\u00e7en bir s\u00fcre\u00e7teki geli\u015fimini de\u011ferlendirmi\u015ftir. Ayr\u0131ca bu tasvirler \u0131\u015f\u0131\u011f\u0131nda; b\u00f6lgenin geleneksel k\u0131yafetleri, tak\u0131lar\u0131, g\u00fcnl\u00fck ya\u015famda kullan\u0131lan e\u015fyalar\u0131, silahlar\u0131, mitolojileri, dini rit\u00fcelleri ve tasvirler \u00fczerindeki sembolleri de incelenmi\u015ftir. <\/p>\n","protected":false},"excerpt":{"rendered":"<p>\u00d6nasya, uygun iklim ko\u015fullar\u0131, co\u011frafi konumu ve do\u011fal kaynaklar\u0131 bak\u0131m\u0131ndan ya\u015fam i\u00e7in son derece elveri\u015fli ko\u015fullara sahiptir. Bundan dolay\u0131 ilk yerle\u015fimler, ilk kentler ve devletler bu<span class=\"excerpt-hellip\"> [\u2026]<\/span><\/p>\n","protected":false},"featured_media":0,"template":"","meta":{"_monsterinsights_skip_tracking":false,"_monsterinsights_sitenote_active":false,"_monsterinsights_sitenote_note":"","_monsterinsights_sitenote_category":0},"product_brand":[],"product_cat":[52477,52478],"product_tag":[],"class_list":{"0":"post-759806","1":"product","2":"type-product","3":"status-publish","5":"product_cat-arastirma","6":"product_cat-arkeoloji","7":"pa_cilt-ciltsiz","8":"pa_tur-kitap","9":"pa_yayinevi-myrina-yayinlari","10":"pa_yazar-huseyin-bildirici","12":"first","13":"instock","14":"sale","15":"shipping-taxable","16":"purchasable","17":"product-type-simple"},"_links":{"self":[{"href":"https:\/\/roveyayinevi.com.tr\/index.php\/wp-json\/wp\/v2\/product\/759806","targetHints":{"allow":["GET"]}}],"collection":[{"href":"https:\/\/roveyayinevi.com.tr\/index.php\/wp-json\/wp\/v2\/product"}],"about":[{"href":"https:\/\/roveyayinevi.com.tr\/index.php\/wp-json\/wp\/v2\/types\/product"}],"wp:attachment":[{"href":"https:\/\/roveyayinevi.com.tr\/index.php\/wp-json\/wp\/v2\/media?parent=759806"}],"wp:term":[{"taxonomy":"product_brand","embeddable":true,"href":"https:\/\/roveyayinevi.com.tr\/index.php\/wp-json\/wp\/v2\/product_brand?post=759806"},{"taxonomy":"product_cat","embeddable":true,"href":"https:\/\/roveyayinevi.com.tr\/index.php\/wp-json\/wp\/v2\/product_cat?post=759806"},{"taxonomy":"product_tag","embeddable":true,"href":"https:\/\/roveyayinevi.com.tr\/index.php\/wp-json\/wp\/v2\/product_tag?post=759806"}],"curies":[{"name":"wp","href":"https:\/\/api.w.org\/{rel}","templated":true}]}}