{"id":759805,"date":"2025-08-28T08:45:42","date_gmt":"2025-08-28T05:45:42","guid":{"rendered":"https:\/\/roveyayinevi.com.tr\/index.php\/urun\/dus-yaninda-olurum-ama-sakin-yukselme\/"},"modified":"2026-04-16T03:12:55","modified_gmt":"2026-04-16T00:12:55","slug":"dus-yaninda-olurum-ama-sakin-yukselme","status":"publish","type":"product","link":"https:\/\/roveyayinevi.com.tr\/index.php\/urun\/dus-yaninda-olurum-ama-sakin-yukselme\/","title":{"rendered":"D\u00fc\u015f Yan\u0131nda Olurum Ama Sak\u0131n Y\u00fckselme"},"content":{"rendered":"<p>Hayat, tercihlerimiz ve tecr\u00fcbelerimizle ilerleyen bir yolculuk. Hepimizin yolu da birbirinden farkl\u0131. K\u00fc\u00e7\u00fck ya\u015f\u0131mdan itibaren kad\u0131n\u0131n istihdama kat\u0131l\u0131m\u0131n\u0131, \u00fcretmesini \u00f6nemsedim. Kad\u0131n \u00fcretirse, mutlu olur ve T\u00fcrkiye daha da b\u00fcy\u00fcr. Binlerce kad\u0131n\u0131n derdini dinleyince Yeni D\u00fcnya \u0130\u015f Kad\u0131nlar\u0131 Platformu \u00e7at\u0131s\u0131 alt\u0131nda istihdam seferberli\u011fi ba\u015flatt\u0131m. \u0130stihdama kat\u0131lan her bir kad\u0131n aya\u011fa kalkt\u0131.  \u201cD\u00fc\u015f, Yan\u0131nda Olurum Ama Sak\u0131n Y\u00fckselme\u201d derken neyi kastediyorum, biliyor musunuz? D\u00fc\u015fenin yan\u0131na herkes gider, belki de onun d\u00fc\u015fmesinden de mutlu olur \u00e7o\u011fu insan. Fakat ayn\u0131 insan y\u00fckseldi\u011finde ise onun ba\u015far\u0131s\u0131n\u0131 hazmedemedi\u011finden tebrik bile etmez ya da edemez. Ba\u015f\u0131n\u0131za gelmi\u015ftir muhakkak. Siz d\u00fc\u015ft\u00fc\u011f\u00fcn\u00fczde iyi niyetle yan\u0131n\u0131zda olanlar vard\u0131r. Onlara iyi bak\u0131n, y\u00fckseldi\u011finizde yan\u0131n\u0131zda olmayacaklar. Kitab\u0131n telif geliri, Anadolu\u2019daki kad\u0131nlar\u0131m\u0131z\u0131n istihdama kat\u0131l\u0131m\u0131 i\u00e7in yeni at\u00f6lyeler kurulmak \u00fczere kullan\u0131lacakt\u0131r. <\/p>\n","protected":false},"excerpt":{"rendered":"<p>Hayat, tercihlerimiz ve tecr\u00fcbelerimizle ilerleyen bir yolculuk. Hepimizin yolu da birbirinden farkl\u0131. K\u00fc\u00e7\u00fck ya\u015f\u0131mdan itibaren kad\u0131n\u0131n istihdama kat\u0131l\u0131m\u0131n\u0131, \u00fcretmesini \u00f6nemsedim. Kad\u0131n \u00fcretirse, mutlu olur ve T\u00fcrkiye<span class=\"excerpt-hellip\"> [\u2026]<\/span><\/p>\n","protected":false},"featured_media":0,"template":"","meta":{"_monsterinsights_skip_tracking":false,"_monsterinsights_sitenote_active":false,"_monsterinsights_sitenote_note":"","_monsterinsights_sitenote_category":0},"product_brand":[],"product_cat":[13252,12324],"product_tag":[],"class_list":{"0":"post-759805","1":"product","2":"type-product","3":"status-publish","5":"product_cat-kadin-calismalari","6":"product_cat-sosyoloji","7":"pa_cilt-ciltsiz","8":"pa_tur-kitap","9":"pa_yayinevi-hayat-yayinlari","10":"pa_yazar-havva-firdevs-kulunk","12":"first","13":"instock","14":"sale","15":"shipping-taxable","16":"purchasable","17":"product-type-simple"},"_links":{"self":[{"href":"https:\/\/roveyayinevi.com.tr\/index.php\/wp-json\/wp\/v2\/product\/759805","targetHints":{"allow":["GET"]}}],"collection":[{"href":"https:\/\/roveyayinevi.com.tr\/index.php\/wp-json\/wp\/v2\/product"}],"about":[{"href":"https:\/\/roveyayinevi.com.tr\/index.php\/wp-json\/wp\/v2\/types\/product"}],"wp:attachment":[{"href":"https:\/\/roveyayinevi.com.tr\/index.php\/wp-json\/wp\/v2\/media?parent=759805"}],"wp:term":[{"taxonomy":"product_brand","embeddable":true,"href":"https:\/\/roveyayinevi.com.tr\/index.php\/wp-json\/wp\/v2\/product_brand?post=759805"},{"taxonomy":"product_cat","embeddable":true,"href":"https:\/\/roveyayinevi.com.tr\/index.php\/wp-json\/wp\/v2\/product_cat?post=759805"},{"taxonomy":"product_tag","embeddable":true,"href":"https:\/\/roveyayinevi.com.tr\/index.php\/wp-json\/wp\/v2\/product_tag?post=759805"}],"curies":[{"name":"wp","href":"https:\/\/api.w.org\/{rel}","templated":true}]}}