{"id":759804,"date":"2025-08-28T08:45:41","date_gmt":"2025-08-28T05:45:41","guid":{"rendered":"https:\/\/roveyayinevi.com.tr\/index.php\/urun\/gorsel-deneyim-sanata-giris\/"},"modified":"2026-03-12T03:22:07","modified_gmt":"2026-03-12T00:22:07","slug":"gorsel-deneyim-sanata-giris","status":"publish","type":"product","link":"https:\/\/roveyayinevi.com.tr\/index.php\/urun\/gorsel-deneyim-sanata-giris\/","title":{"rendered":"G\u00f6rsel Deneyim: Sanata Giri\u015f"},"content":{"rendered":"<p>Amerikal\u0131 sanat tarih\u00e7isi Bates Lowry taraf\u0131ndan yaz\u0131lan G\u00f6rsel Deneyim: Sanata Giri\u015f, antik \u00e7a\u011flardan g\u00fcn\u00fcm\u00fcze sanat tarihine genel bir bak\u0131\u015f sunuyor ve \u00e7e\u015fitli sanat \u00fcsluplar\u0131n\u0131, tekniklerini, mecralar\u0131n\u0131 ele al\u0131yor. Sanatta \u00e7izgi, form ve renk gibi unsurlar\u0131 inceleyerek kitaba ba\u015flayan Lowry, bunlar\u0131n bir sanat eserinde anlam yaratacak \u015fekilde kullan\u0131l\u0131\u015flar\u0131na dair \u00f6rnekler veriyor. Farkl\u0131 \u00e7a\u011flardan, medeniyetlerden ve k\u00fclt\u00fcrlerden \u00f6nemli sanat\u00e7\u0131lar\u0131 ve eserleri inceleyen Lowry, d\u00fcnyan\u0131n d\u00f6rt bir yan\u0131ndaki sanat m\u00fczeleri ve galerileri hakk\u0131nda bilgiler de veriyor.   G\u00f6rsel Deneyim: Sanata Giri\u015f, okuru, ele\u015ftirel d\u00fc\u015f\u00fcnme becerilerini geli\u015ftirmeye ve sanatla anlaml\u0131 bir \u015fekilde ili\u015fki kurmaya te\u015fvik ediyor. Sanat ve onun insan\u0131n ya\u015fam\u0131ndaki yeri hakk\u0131nda daha fazla bilgi edinmek isteyen herkes i\u00e7in bir ba\u015fvuru kayna\u011f\u0131 say\u0131lan kitap, farkl\u0131 zamanlarda \u00e7e\u015fitli mecralarda ve de\u011fi\u015fik tekniklerle \u00fcretilmi\u015f eserler aras\u0131nda k\u00fclt\u00fcrel ili\u015fkiler kurarak da sanata bakma ve sanat\u0131 g\u00f6rme deneyimini zenginle\u015ftiren bilgiler veriyor. <\/p>\n","protected":false},"excerpt":{"rendered":"<p>Amerikal\u0131 sanat tarih\u00e7isi Bates Lowry taraf\u0131ndan yaz\u0131lan G\u00f6rsel Deneyim: Sanata Giri\u015f, antik \u00e7a\u011flardan g\u00fcn\u00fcm\u00fcze sanat tarihine genel bir bak\u0131\u015f sunuyor ve \u00e7e\u015fitli sanat \u00fcsluplar\u0131n\u0131, tekniklerini, mecralar\u0131n\u0131<span class=\"excerpt-hellip\"> [\u2026]<\/span><\/p>\n","protected":false},"featured_media":0,"template":"","meta":{"_monsterinsights_skip_tracking":false,"_monsterinsights_sitenote_active":false,"_monsterinsights_sitenote_note":"","_monsterinsights_sitenote_category":0},"product_brand":[],"product_cat":[13548,12408],"product_tag":[],"class_list":{"0":"post-759804","1":"product","2":"type-product","3":"status-publish","5":"product_cat-kuram","6":"product_cat-sanat","7":"pa_cilt-ciltsiz","8":"pa_tur-kitap","9":"pa_yayinevi-hayalperest-yayinlari","10":"pa_yazar-bates-lowry","12":"first","13":"instock","14":"sale","15":"shipping-taxable","16":"purchasable","17":"product-type-simple"},"_links":{"self":[{"href":"https:\/\/roveyayinevi.com.tr\/index.php\/wp-json\/wp\/v2\/product\/759804","targetHints":{"allow":["GET"]}}],"collection":[{"href":"https:\/\/roveyayinevi.com.tr\/index.php\/wp-json\/wp\/v2\/product"}],"about":[{"href":"https:\/\/roveyayinevi.com.tr\/index.php\/wp-json\/wp\/v2\/types\/product"}],"wp:attachment":[{"href":"https:\/\/roveyayinevi.com.tr\/index.php\/wp-json\/wp\/v2\/media?parent=759804"}],"wp:term":[{"taxonomy":"product_brand","embeddable":true,"href":"https:\/\/roveyayinevi.com.tr\/index.php\/wp-json\/wp\/v2\/product_brand?post=759804"},{"taxonomy":"product_cat","embeddable":true,"href":"https:\/\/roveyayinevi.com.tr\/index.php\/wp-json\/wp\/v2\/product_cat?post=759804"},{"taxonomy":"product_tag","embeddable":true,"href":"https:\/\/roveyayinevi.com.tr\/index.php\/wp-json\/wp\/v2\/product_tag?post=759804"}],"curies":[{"name":"wp","href":"https:\/\/api.w.org\/{rel}","templated":true}]}}