{"id":759803,"date":"2025-08-28T08:45:39","date_gmt":"2025-08-28T05:45:39","guid":{"rendered":"https:\/\/roveyayinevi.com.tr\/index.php\/urun\/benligimin-sarkisi\/"},"modified":"2026-04-16T03:12:55","modified_gmt":"2026-04-16T00:12:55","slug":"benligimin-sarkisi","status":"publish","type":"product","link":"https:\/\/roveyayinevi.com.tr\/index.php\/urun\/benligimin-sarkisi\/","title":{"rendered":"Benli\u011fimin \u015eark\u0131s\u0131"},"content":{"rendered":"<p>Benli\u011fimin \u015eark\u0131s\u0131\u2019nda, Walt Whitman bizi benlikte ve k\u00e2inatta Homerik bir yolculu\u011fa \u00e7\u0131kar\u0131yor; ben\u2019in (I), g\u00f6z\u2019\u00fcn (eye), sen\u2019in (you), nefesin, bedenin, s\u00f6z\u00fcn, imgelemin ve esrimenin sonu gelmez \u015fiirini elli iki b\u00f6l\u00fcml\u00fck bir destana s\u0131\u011fd\u0131r\u0131yor.   \u00c7imen Yapraklar\u0131\u2019n\u0131n k\u00f6\u015fe ta\u015f\u0131, Amerikan \u015fiirinin Big Bang\u2019i ve modern \u015fiirin \u00f6nc\u00fc \u015faheseri Benli\u011fimin \u015eark\u0131s\u0131, Ed Folsom ve Christopher Merrill\u2019in kapsaml\u0131 incelemeleri e\u015fli\u011finde \u201c\u00f6l\u00fcm d\u00f6\u015fe\u011fi\u201d (1892) versiyonuyla okurlar\u0131n be\u011fenisine sunuluyor.   \u201cYolumun ba\u015fkalar\u0131ndan farkl\u0131 oldu\u011funu gayet iyi biliyorum. \u00c7o\u011fu b\u00fcy\u00fck \u015fair, ki\u015fisel olmaktan uzakt\u0131r; bense ki\u015fiselim. \u00d6tekiler \u015fahsiyetleri, olaylar\u0131, tutkular\u0131 resmederler ama asla kendilerinden bahsetmezler. Benim \u015fiirlerimde her \u015fey kendi etraf\u0131mda d\u00f6ner, kendimde yo\u011funla\u015f\u0131r, kendimden yay\u0131l\u0131r. Tek bir ana kahraman vard\u0131r, o da t\u00fcm insanl\u0131\u011f\u0131n bende suret bulan karakteridir. Ama kitab\u0131m, her okurun kendini bu merkez\u00ee konuma aktarmas\u0131n\u0131 ve her sayfan\u0131n, her arzunun, her dizenin bizzat hayat \u00e7e\u015fmesi, \u00f6znesi, deneyimleyeni olmas\u0131n\u0131 mutlak surette zorunlu k\u0131lar.\u201d <\/p>\n","protected":false},"excerpt":{"rendered":"<p>Benli\u011fimin \u015eark\u0131s\u0131\u2019nda, Walt Whitman bizi benlikte ve k\u00e2inatta Homerik bir yolculu\u011fa \u00e7\u0131kar\u0131yor; ben\u2019in (I), g\u00f6z\u2019\u00fcn (eye), sen\u2019in (you), nefesin, bedenin, s\u00f6z\u00fcn, imgelemin ve esrimenin sonu gelmez<span class=\"excerpt-hellip\"> [\u2026]<\/span><\/p>\n","protected":false},"featured_media":0,"template":"","meta":{"_monsterinsights_skip_tracking":false,"_monsterinsights_sitenote_active":false,"_monsterinsights_sitenote_note":"","_monsterinsights_sitenote_category":0},"product_brand":[],"product_cat":[12291,12509],"product_tag":[],"class_list":{"0":"post-759803","1":"product","2":"type-product","3":"status-publish","5":"product_cat-edebiyat","6":"product_cat-siir","7":"pa_cilt-ciltsiz","8":"pa_tur-kitap","9":"pa_yayinevi-dogu-bati-yayinlari","10":"pa_yazar-walt-whitman","12":"first","13":"instock","14":"sale","15":"shipping-taxable","16":"purchasable","17":"product-type-simple"},"_links":{"self":[{"href":"https:\/\/roveyayinevi.com.tr\/index.php\/wp-json\/wp\/v2\/product\/759803","targetHints":{"allow":["GET"]}}],"collection":[{"href":"https:\/\/roveyayinevi.com.tr\/index.php\/wp-json\/wp\/v2\/product"}],"about":[{"href":"https:\/\/roveyayinevi.com.tr\/index.php\/wp-json\/wp\/v2\/types\/product"}],"wp:attachment":[{"href":"https:\/\/roveyayinevi.com.tr\/index.php\/wp-json\/wp\/v2\/media?parent=759803"}],"wp:term":[{"taxonomy":"product_brand","embeddable":true,"href":"https:\/\/roveyayinevi.com.tr\/index.php\/wp-json\/wp\/v2\/product_brand?post=759803"},{"taxonomy":"product_cat","embeddable":true,"href":"https:\/\/roveyayinevi.com.tr\/index.php\/wp-json\/wp\/v2\/product_cat?post=759803"},{"taxonomy":"product_tag","embeddable":true,"href":"https:\/\/roveyayinevi.com.tr\/index.php\/wp-json\/wp\/v2\/product_tag?post=759803"}],"curies":[{"name":"wp","href":"https:\/\/api.w.org\/{rel}","templated":true}]}}