{"id":759797,"date":"2025-08-28T08:45:30","date_gmt":"2025-08-28T05:45:30","guid":{"rendered":"https:\/\/roveyayinevi.com.tr\/index.php\/urun\/sosyolojinin-kuruculari\/"},"modified":"2026-04-16T03:12:55","modified_gmt":"2026-04-16T00:12:55","slug":"sosyolojinin-kuruculari","status":"publish","type":"product","link":"https:\/\/roveyayinevi.com.tr\/index.php\/urun\/sosyolojinin-kuruculari\/","title":{"rendered":"Sosyolojinin Kurucular\u0131"},"content":{"rendered":"<p>Bu kitap bir sosyolojik du\u0308s\u0327u\u0308nce tarihi deg\u0306ildir. Do\u0308rt bu\u0308yu\u0308k sosyolog bu kitapta kendi nam\u0131na deg\u0306il, c\u0327ag\u0306das\u0327 sosyologlara faydal\u0131 olmaya devam ettikleri ic\u0327in incelenmis\u0327tir. Her birinin dehas\u0131, modern toplumlar\u0131 anlamak amac\u0131yla genel bir paradigma gelis\u0327tirirken, ayn\u0131 zamanda bu paradigmay\u0131 kusursuzlas\u0327t\u0131rmak ve yorumlay\u0131c\u0131 bir toplum kuram\u0131na do\u0308nu\u0308s\u0327tu\u0308rmek ic\u0327in o\u0308zel tan\u0131mlay\u0131c\u0131 c\u0327al\u0131s\u0327malar yu\u0308ru\u0308tmeleridir. Genelleme ve ampirik aras\u0327t\u0131rma aras\u0131nda gidip gelmek sosyal bilimlerin, hatta asl\u0131nda tu\u0308m bilimlerin bas\u0327vurdug\u0306u bir yaklas\u0327\u0131md\u0131r. Toplumu okumalar\u0131 kadar yo\u0308ntem konusundaki dersleri de sosyal bilimlere yeni giris\u0327 yapanlar\u0131n ilgisini c\u0327ekmelidir. Tocqueville, Marx, Weber ve Durkheim\u2019den her biri kendi ac\u0327\u0131klama anahtar\u0131na varm\u0131\u015ft\u0131r: Es\u0327itlig\u0306in ilerlemesi, s\u0131n\u0131f mu\u0308cadelesi, toplumsal rollerin farkl\u0131las\u0327mas\u0131 ve ak\u0131lc\u0131las\u0327t\u0131rma (rasyonalizasyon) her zaman c\u0327ag\u0306das\u0327 sosyologlar taraf\u0131ndan incelenen mekanizmalar olmus\u0327tur. Bu makro-sosyolojik kars\u0327\u0131las\u0327t\u0131rmac\u0131l\u0131k o\u0308rnek tes\u0327kil etmeye devam etmektedir; geleceg\u0306in sosyologlar\u0131 olsun ya da olmas\u0131n, tu\u0308m genc\u0327 beyinler bu yaklas\u0327\u0131mdan beslenmelidirler.<\/p>\n","protected":false},"excerpt":{"rendered":"<p>Bu kitap bir sosyolojik du\u0308s\u0327u\u0308nce tarihi deg\u0306ildir. Do\u0308rt bu\u0308yu\u0308k sosyolog bu kitapta kendi nam\u0131na deg\u0306il, c\u0327ag\u0306das\u0327 sosyologlara faydal\u0131 olmaya devam ettikleri ic\u0327in incelenmis\u0327tir. Her birinin dehas\u0131,<span class=\"excerpt-hellip\"> [\u2026]<\/span><\/p>\n","protected":false},"featured_media":0,"template":"","meta":{"_monsterinsights_skip_tracking":false,"_monsterinsights_sitenote_active":false,"_monsterinsights_sitenote_note":"","_monsterinsights_sitenote_category":0},"product_brand":[],"product_cat":[12324],"product_tag":[],"class_list":{"0":"post-759797","1":"product","2":"type-product","3":"status-publish","5":"product_cat-sosyoloji","6":"pa_cilt-ciltsiz","7":"pa_tur-kitap","8":"pa_yayinevi-albaraka-yayinlari","9":"pa_yazar-henri-mendras-jean-etienne","11":"first","12":"instock","13":"sale","14":"shipping-taxable","15":"purchasable","16":"product-type-simple"},"_links":{"self":[{"href":"https:\/\/roveyayinevi.com.tr\/index.php\/wp-json\/wp\/v2\/product\/759797","targetHints":{"allow":["GET"]}}],"collection":[{"href":"https:\/\/roveyayinevi.com.tr\/index.php\/wp-json\/wp\/v2\/product"}],"about":[{"href":"https:\/\/roveyayinevi.com.tr\/index.php\/wp-json\/wp\/v2\/types\/product"}],"wp:attachment":[{"href":"https:\/\/roveyayinevi.com.tr\/index.php\/wp-json\/wp\/v2\/media?parent=759797"}],"wp:term":[{"taxonomy":"product_brand","embeddable":true,"href":"https:\/\/roveyayinevi.com.tr\/index.php\/wp-json\/wp\/v2\/product_brand?post=759797"},{"taxonomy":"product_cat","embeddable":true,"href":"https:\/\/roveyayinevi.com.tr\/index.php\/wp-json\/wp\/v2\/product_cat?post=759797"},{"taxonomy":"product_tag","embeddable":true,"href":"https:\/\/roveyayinevi.com.tr\/index.php\/wp-json\/wp\/v2\/product_tag?post=759797"}],"curies":[{"name":"wp","href":"https:\/\/api.w.org\/{rel}","templated":true}]}}