{"id":759796,"date":"2025-08-28T08:45:28","date_gmt":"2025-08-28T05:45:28","guid":{"rendered":"https:\/\/roveyayinevi.com.tr\/index.php\/urun\/kuran-i-kerimdeki-butun-dua-ayetleri\/"},"modified":"2026-03-25T20:47:36","modified_gmt":"2026-03-25T17:47:36","slug":"kuran-i-kerimdeki-butun-dua-ayetleri","status":"publish","type":"product","link":"https:\/\/roveyayinevi.com.tr\/index.php\/urun\/kuran-i-kerimdeki-butun-dua-ayetleri\/","title":{"rendered":"Kur&#8217;an-\u0131 Kerim&#8217;deki B\u00fct\u00fcn Dua Ayetleri"},"content":{"rendered":"<p>Fatma Serap Karamollao\u011flu, bu kitab\u0131 yazma amac\u0131n\u0131 \u015fu \u015fekilde ifade ediyor: \u201cArap\u00e7a \u00f6\u011frenip Kur\u2019an\u2019\u0131 anlayarak okumaya ba\u015flad\u0131\u011f\u0131m zamanlarda ilk d\u00fc\u015f\u00fcncem Kur\u2019an\u2019daki dua ayetlerinin neler oldu\u011fu idi. Allah\u2019\u0131n bizden nas\u0131l dua etmemizi istedi\u011fini g\u00f6rmek istedim ve bu ama\u00e7la Kur\u2019an-\u0131 Kerim\u2019i ba\u015ftan sona dua ayetlerini listeleyerek okudum. G\u00fcc\u00fcm yetti\u011fince Kur\u2019an-\u0131 Kerim\u2019de ge\u00e7en dua veya dua manas\u0131ndaki ayetlerin tamam\u0131n\u0131 toplad\u0131m. Bunlar\u0131 konular\u0131na g\u00f6re s\u0131n\u0131fland\u0131rd\u0131m. Yan\u0131nda ayetle ilgili k\u0131sa notlar payla\u015ft\u0131m. Bazen benzeri manadaki bir hadis, bazen n\u00fczul sebebi, bazen manas\u0131yla ilgili a\u00e7\u0131klama yazd\u0131m. Zaman i\u00e7inde Kur\u2019an okuduk\u00e7a fark etti\u011fim yeni ayetleri de ilave ettim. B\u00f6ylece ayetlerle dua etmek istedi\u011fimizde bir oturu\u015fta okuyabilece\u011fimiz bir dua mecmuas\u0131 ortaya \u00e7\u0131kt\u0131. Bir M\u00fcsl\u00fcman ve m\u00fcmin olarak her ihtiyac\u0131m\u0131z i\u00e7in Allah\u2019a dua ediyoruz elbette. Ama bu dualar\u0131m\u0131z Allah\u2019\u0131n r\u0131zas\u0131na ne kadar uygun? Bu kitaptaki dualar\u0131n bize bu konuda da yol g\u00f6sterece\u011fini ve bizi e\u011fitece\u011fini \u00fcmit ediyorum.<\/p>\n","protected":false},"excerpt":{"rendered":"<p>Fatma Serap Karamollao\u011flu, bu kitab\u0131 yazma amac\u0131n\u0131 \u015fu \u015fekilde ifade ediyor: \u201cArap\u00e7a \u00f6\u011frenip Kur\u2019an\u2019\u0131 anlayarak okumaya ba\u015flad\u0131\u011f\u0131m zamanlarda ilk d\u00fc\u015f\u00fcncem Kur\u2019an\u2019daki dua ayetlerinin neler oldu\u011fu idi.<span class=\"excerpt-hellip\"> [\u2026]<\/span><\/p>\n","protected":false},"featured_media":0,"template":"","meta":{"_monsterinsights_skip_tracking":false,"_monsterinsights_sitenote_active":false,"_monsterinsights_sitenote_note":"","_monsterinsights_sitenote_category":0},"product_brand":[],"product_cat":[12718,12719],"product_tag":[],"class_list":{"0":"post-759796","1":"product","2":"type-product","3":"status-publish","5":"product_cat-din","6":"product_cat-islam","7":"pa_cilt-ciltsiz","8":"pa_tur-kitap","9":"pa_yayinevi-albaraka-yayinlari","10":"pa_yazar-fatma-serap-karamollaoglu","12":"first","13":"instock","14":"sale","15":"shipping-taxable","16":"purchasable","17":"product-type-simple"},"_links":{"self":[{"href":"https:\/\/roveyayinevi.com.tr\/index.php\/wp-json\/wp\/v2\/product\/759796","targetHints":{"allow":["GET"]}}],"collection":[{"href":"https:\/\/roveyayinevi.com.tr\/index.php\/wp-json\/wp\/v2\/product"}],"about":[{"href":"https:\/\/roveyayinevi.com.tr\/index.php\/wp-json\/wp\/v2\/types\/product"}],"wp:attachment":[{"href":"https:\/\/roveyayinevi.com.tr\/index.php\/wp-json\/wp\/v2\/media?parent=759796"}],"wp:term":[{"taxonomy":"product_brand","embeddable":true,"href":"https:\/\/roveyayinevi.com.tr\/index.php\/wp-json\/wp\/v2\/product_brand?post=759796"},{"taxonomy":"product_cat","embeddable":true,"href":"https:\/\/roveyayinevi.com.tr\/index.php\/wp-json\/wp\/v2\/product_cat?post=759796"},{"taxonomy":"product_tag","embeddable":true,"href":"https:\/\/roveyayinevi.com.tr\/index.php\/wp-json\/wp\/v2\/product_tag?post=759796"}],"curies":[{"name":"wp","href":"https:\/\/api.w.org\/{rel}","templated":true}]}}