{"id":759795,"date":"2025-08-28T08:45:26","date_gmt":"2025-08-28T05:45:26","guid":{"rendered":"https:\/\/roveyayinevi.com.tr\/index.php\/urun\/edebiyat-fabrikasi-ve-secme-yazilar\/"},"modified":"2026-04-16T03:12:55","modified_gmt":"2026-04-16T00:12:55","slug":"edebiyat-fabrikasi-ve-secme-yazilar","status":"publish","type":"product","link":"https:\/\/roveyayinevi.com.tr\/index.php\/urun\/edebiyat-fabrikasi-ve-secme-yazilar\/","title":{"rendered":"Edebiyat Fabrikas\u0131 ve Se\u00e7me Yaz\u0131lar"},"content":{"rendered":"<p>\u201c\u0130nsan\u0131n i\u00e7ine yerle\u015fen ve orada \u00f6len hisler vard\u0131r. \u0130nsan\u0131n zay\u0131fl\u0131\u011f\u0131n\u0131n bir emaresidir bu. Sebebi itibar\u0131yla k\u00fc\u00e7\u00fck ama insanda yan\u0131p, t\u00fckenip, da\u011f\u0131l\u0131p, kendine bir yer edinemeyip de hayat\u0131n ate\u015fiyle savrulup giden, g\u00f6r\u00fcnmez olduklar\u0131ndan insan\u0131n i\u00e7inde nas\u0131l bar\u0131nd\u0131klar\u0131 kestirilemeyen hisler vard\u0131r. \u015e\u00f6yle olur: \u0130nsan \u00e7al\u0131\u015f\u0131r, ba\u015fka da bir \u015fey yapmaz. Y\u00fczlerce insan ge\u00e7ip gitti, onlarla birlikte \u00e7al\u0131\u015fan insan g\u00f6r\u00fcnt\u00fcs\u00fcn\u00fcn yaratt\u0131\u011f\u0131 izlenim de i\u00e7lerinde parlay\u0131p s\u00f6nd\u00fc. Sonra bir ki\u015fi daha gelip ge\u00e7erken bu ola\u011fan durumda ba\u015fka bir \u015fey g\u00f6rd\u00fc. G\u00f6rd\u00fckleri i\u00e7inde s\u00f6nmeyen, o k\u00fc\u00e7\u00fcc\u00fck \u015fey koskocaman oldu, ona \u0131st\u0131rap verip d\u0131\u015far\u0131ya \u00e7\u0131kmak i\u00e7in k\u0131vrand\u0131r\u0131p durdu. \u0130\u015fte o ki\u015fi hislerini k\u00e2\u011f\u0131da d\u00f6kt\u00fc, b\u00f6ylelikle rahatlad\u0131.\u201d   Andrey Platonov&#8217;un yetkin kalemi yaln\u0131zca kurmaca eserlerde de\u011fil, denemeleri ve ele\u015ftiri yaz\u0131lar\u0131nda da hayat buluyor. Edebiyat Fabrikas\u0131\u2019nda Platonov&#8217;un bu kurmacad\u0131\u015f\u0131 metinleri, edebiyat\u0131n ve sanat\u0131n toplumsal d\u00f6n\u00fc\u015f\u00fcmlerle nas\u0131l etkilendi\u011fini, yazarlar\u0131n bu de\u011fi\u015fimlere nas\u0131l yan\u0131t verdi\u011fini ve edebiyat\u0131n insanlar\u0131n ve d\u00f6nemin ruhunu nas\u0131l \u015fekillendirdi\u011fini tart\u0131\u015f\u0131yor. Bu kitap, yazar\u0131n felsefi, siyasi ve edebi g\u00f6r\u00fc\u015flerini, toplumsal meselelere bak\u0131\u015f a\u00e7\u0131s\u0131n\u0131 ve sanat anlay\u0131\u015f\u0131n\u0131 ke\u015ffetmek isteyen okurlara tatmink\u00e2r bir okuma sunuyor. <\/p>\n","protected":false},"excerpt":{"rendered":"<p>\u201c\u0130nsan\u0131n i\u00e7ine yerle\u015fen ve orada \u00f6len hisler vard\u0131r. \u0130nsan\u0131n zay\u0131fl\u0131\u011f\u0131n\u0131n bir emaresidir bu. Sebebi itibar\u0131yla k\u00fc\u00e7\u00fck ama insanda yan\u0131p, t\u00fckenip, da\u011f\u0131l\u0131p, kendine bir yer edinemeyip de<span class=\"excerpt-hellip\"> [\u2026]<\/span><\/p>\n","protected":false},"featured_media":0,"template":"","meta":{"_monsterinsights_skip_tracking":false,"_monsterinsights_sitenote_active":false,"_monsterinsights_sitenote_note":"","_monsterinsights_sitenote_category":0},"product_brand":[],"product_cat":[12777,12291],"product_tag":[],"class_list":{"0":"post-759795","1":"product","2":"type-product","3":"status-publish","5":"product_cat-deneme","6":"product_cat-edebiyat","7":"pa_cilt-ciltsiz","8":"pa_tur-kitap","9":"pa_yayinevi-kolektif-kitap","10":"pa_yazar-andrey-platonov","12":"first","13":"instock","14":"sale","15":"shipping-taxable","16":"purchasable","17":"product-type-simple"},"_links":{"self":[{"href":"https:\/\/roveyayinevi.com.tr\/index.php\/wp-json\/wp\/v2\/product\/759795","targetHints":{"allow":["GET"]}}],"collection":[{"href":"https:\/\/roveyayinevi.com.tr\/index.php\/wp-json\/wp\/v2\/product"}],"about":[{"href":"https:\/\/roveyayinevi.com.tr\/index.php\/wp-json\/wp\/v2\/types\/product"}],"wp:attachment":[{"href":"https:\/\/roveyayinevi.com.tr\/index.php\/wp-json\/wp\/v2\/media?parent=759795"}],"wp:term":[{"taxonomy":"product_brand","embeddable":true,"href":"https:\/\/roveyayinevi.com.tr\/index.php\/wp-json\/wp\/v2\/product_brand?post=759795"},{"taxonomy":"product_cat","embeddable":true,"href":"https:\/\/roveyayinevi.com.tr\/index.php\/wp-json\/wp\/v2\/product_cat?post=759795"},{"taxonomy":"product_tag","embeddable":true,"href":"https:\/\/roveyayinevi.com.tr\/index.php\/wp-json\/wp\/v2\/product_tag?post=759795"}],"curies":[{"name":"wp","href":"https:\/\/api.w.org\/{rel}","templated":true}]}}