{"id":759793,"date":"2025-08-28T08:45:23","date_gmt":"2025-08-28T05:45:23","guid":{"rendered":"https:\/\/roveyayinevi.com.tr\/index.php\/urun\/3-dunya-savasina-davet\/"},"modified":"2026-04-16T03:12:55","modified_gmt":"2026-04-16T00:12:55","slug":"3-dunya-savasina-davet","status":"publish","type":"product","link":"https:\/\/roveyayinevi.com.tr\/index.php\/urun\/3-dunya-savasina-davet\/","title":{"rendered":"3. D\u00fcnya Sava\u015f\u0131na Davet"},"content":{"rendered":"<p>Bu kitap, g\u00fcn\u00fcm\u00fczde ya\u015fanan ve b\u00fct\u00fcn k\u00f6t\u00fcl\u00fcklerin kayna\u011f\u0131 olan sava\u015flara, a\u00e7l\u0131k \u00e7eken ve evsiz barks\u0131z ortal\u0131kta peri\u015fan bir \u015fekilde dola\u015fan y\u00fcz milyonlarca insan\u0131n mevcudiyetine ve insanl\u0131\u011f\u0131n m\u00fc\u015fterek serveti olan denizlerin, g\u00f6llerin, akarsular\u0131n, topra\u011f\u0131n ve havan\u0131n kirlenerek tahribata u\u011framas\u0131na, ormanlar\u0131n da yanarak k\u00fcl olmas\u0131na; sular\u0131n, do\u011fal kaynaklar\u0131n sorumsuzca israf\u0131na; masum yavrular\u0131n evsiz barks\u0131z, anas\u0131z babas\u0131z ortal\u0131kta kalmalar\u0131na, i\u015f\u00e7i olarak \u00e7al\u0131\u015ft\u0131r\u0131lmalar\u0131na, ellerine silah verilerek cepheye s\u00fcr\u00fclmelerine, organlar\u0131n\u0131n \u00e7al\u0131nmas\u0131na; Birle\u015fmi\u015f Milletler Te\u015fkilat\u0131\u2019n\u0131n etkisiz kalmas\u0131 dolay\u0131s\u0131yla d\u00fcnyam\u0131z\u0131n kural tan\u0131maz \u015fah\u0131s ve devletlerin pervas\u0131zca h\u00fck\u00fcm s\u00fcrd\u00fc\u011f\u00fc bir alan manzaras\u0131 arz etmesine; kom\u015fular a\u00e7ken tok yat\u0131lmas\u0131na r\u0131zas\u0131 olmayan, silah\u0131 bilgi, cephanesi merhamet ve sevgi olan gen\u00e7lere yeni bir medeniyet anlay\u0131\u015f\u0131n\u0131n temellerini atma yolunda nas\u0131l \u00f6rg\u00fctlenebilecekleri, i\u015f birli\u011fi ve dayan\u0131\u015fmaya giri\u015febilecekleri hususunda bir yol \u00f6nermektedir.   \u201c3. D\u00fcnya Sava\u015f\u0131\u2019nda hangi silahlar\u0131n kullan\u0131laca\u011f\u0131n\u0131 bilmiyorum ama 4. D\u00fcnya Sava\u015f\u0131\u2019nda ta\u015f ve sopalar olaca\u011f\u0131n\u0131 biliyorum.\u201d Albert Einstein <\/p>\n","protected":false},"excerpt":{"rendered":"<p>Bu kitap, g\u00fcn\u00fcm\u00fczde ya\u015fanan ve b\u00fct\u00fcn k\u00f6t\u00fcl\u00fcklerin kayna\u011f\u0131 olan sava\u015flara, a\u00e7l\u0131k \u00e7eken ve evsiz barks\u0131z ortal\u0131kta peri\u015fan bir \u015fekilde dola\u015fan y\u00fcz milyonlarca insan\u0131n mevcudiyetine ve insanl\u0131\u011f\u0131n<span class=\"excerpt-hellip\"> [\u2026]<\/span><\/p>\n","protected":false},"featured_media":0,"template":"","meta":{"_monsterinsights_skip_tracking":false,"_monsterinsights_sitenote_active":false,"_monsterinsights_sitenote_note":"","_monsterinsights_sitenote_category":0},"product_brand":[],"product_cat":[16038,12388],"product_tag":[],"class_list":{"0":"post-759793","1":"product","2":"type-product","3":"status-publish","5":"product_cat-arastirma-inceleme-referans-felsefe","6":"product_cat-felsefe","7":"pa_cilt-ciltsiz","8":"pa_tur-kitap","9":"pa_yayinevi-iye-kitap","10":"pa_yazar-orhan-arasli","12":"first","13":"instock","14":"sale","15":"shipping-taxable","16":"purchasable","17":"product-type-simple"},"_links":{"self":[{"href":"https:\/\/roveyayinevi.com.tr\/index.php\/wp-json\/wp\/v2\/product\/759793","targetHints":{"allow":["GET"]}}],"collection":[{"href":"https:\/\/roveyayinevi.com.tr\/index.php\/wp-json\/wp\/v2\/product"}],"about":[{"href":"https:\/\/roveyayinevi.com.tr\/index.php\/wp-json\/wp\/v2\/types\/product"}],"wp:attachment":[{"href":"https:\/\/roveyayinevi.com.tr\/index.php\/wp-json\/wp\/v2\/media?parent=759793"}],"wp:term":[{"taxonomy":"product_brand","embeddable":true,"href":"https:\/\/roveyayinevi.com.tr\/index.php\/wp-json\/wp\/v2\/product_brand?post=759793"},{"taxonomy":"product_cat","embeddable":true,"href":"https:\/\/roveyayinevi.com.tr\/index.php\/wp-json\/wp\/v2\/product_cat?post=759793"},{"taxonomy":"product_tag","embeddable":true,"href":"https:\/\/roveyayinevi.com.tr\/index.php\/wp-json\/wp\/v2\/product_tag?post=759793"}],"curies":[{"name":"wp","href":"https:\/\/api.w.org\/{rel}","templated":true}]}}